{"id":29462,"date":"2026-02-27T00:06:55","date_gmt":"2026-02-27T00:06:55","guid":{"rendered":"https:\/\/nordicmart.andreevmaster.com\/product\/vasagle-kylpyhuonekaappi-3-laatikkoa-ja-ovet\/"},"modified":"2026-02-27T09:31:18","modified_gmt":"2026-02-27T09:31:18","slug":"vasagle-kylpyhuonekaappi-3-laatikkoa-ja-ovet","status":"publish","type":"product","link":"https:\/\/nordicmart.andreevmaster.com\/fi\/tuote\/vasagle-kylpyhuonekaappi-3-laatikkoa-ja-ovet\/","title":{"rendered":"VASAGLE Kylpyhuonekaappi, 3 laatikkoa ja ovet"},"content":{"rendered":"<p>VASAGLE Sideboard kylpyhuoneen kaappi,  puinen kylpyhuoneen kaappi, sivukaappi, lipasto 4 laatikolla, kaapin ovi, s\u00e4\u00e4dett\u00e4v\u00e4 hyllytaso, olohuone, keitti\u00f6, eteinen, syv\u00e4, vapaasti seisova, valkoinen LHC41W<br \/>\n&#8211; V\u00e4ri: kyyhkynharmaa<br \/>\n&#8211; Materiaali: MDF (keskitihe\u00e4 kuitulevy)<br \/>\n&#8211; Koko: 30 x 60 x 81 cm (S x L x K)<br \/>\n&#8211; Paino: 14,2 kg<br \/>\n&#8211; Hyllyn suurin staattinen kantavuus ylimm\u00e4ll\u00e4 tasolla: 40 kg<br \/>\n&#8211; Enimm\u00e4iskantavuus per laatikko: 5 kg<br \/>\n&#8211; S\u00e4\u00e4dett\u00e4v\u00e4n hyllyn suurin staattinen kantavuus: 15 kg<\/p>\n","protected":false},"excerpt":{"rendered":"<p>VASAGLE Sideboard kylpyhuoneen kaappi,  puinen kylpyhuoneen kaappi, sivukaappi, lipasto 4 laatikolla, kaapin ovi, s\u00e4\u00e4dett\u00e4v\u00e4 hyllytaso, olohuone, keitti\u00f6, eteinen, syv\u00e4, vapaasti seisova, valkoinen LHC41W<\/p>\n","protected":false},"featured_media":0,"comment_status":"open","ping_status":"closed","template":"","meta":[],"product_brand":[],"product_cat":[32],"product_tag":[],"class_list":{"0":"post-29462","1":"product","2":"type-product","3":"status-publish","5":"product_cat-uncategorized-fi","7":"first","8":"instock","9":"shipping-taxable","10":"purchasable","11":"product-type-simple"},"_links":{"self":[{"href":"https:\/\/nordicmart.andreevmaster.com\/fi\/wp-json\/wp\/v2\/product\/29462","targetHints":{"allow":["GET"]}}],"collection":[{"href":"https:\/\/nordicmart.andreevmaster.com\/fi\/wp-json\/wp\/v2\/product"}],"about":[{"href":"https:\/\/nordicmart.andreevmaster.com\/fi\/wp-json\/wp\/v2\/types\/product"}],"replies":[{"embeddable":true,"href":"https:\/\/nordicmart.andreevmaster.com\/fi\/wp-json\/wp\/v2\/comments?post=29462"}],"wp:attachment":[{"href":"https:\/\/nordicmart.andreevmaster.com\/fi\/wp-json\/wp\/v2\/media?parent=29462"}],"wp:term":[{"taxonomy":"product_brand","embeddable":true,"href":"https:\/\/nordicmart.andreevmaster.com\/fi\/wp-json\/wp\/v2\/product_brand?post=29462"},{"taxonomy":"product_cat","embeddable":true,"href":"https:\/\/nordicmart.andreevmaster.com\/fi\/wp-json\/wp\/v2\/product_cat?post=29462"},{"taxonomy":"product_tag","embeddable":true,"href":"https:\/\/nordicmart.andreevmaster.com\/fi\/wp-json\/wp\/v2\/product_tag?post=29462"}],"curies":[{"name":"wp","href":"https:\/\/api.w.org\/{rel}","templated":true}]}}