{"id":29461,"date":"2026-02-27T00:06:55","date_gmt":"2026-02-27T00:06:55","guid":{"rendered":"https:\/\/nordicmart.andreevmaster.com\/product\/vasagle-kapea-kylpyhuoneen-kaappi-jossa-on-laatikko-ja-lamelliluukku\/"},"modified":"2026-02-27T09:31:18","modified_gmt":"2026-02-27T09:31:18","slug":"vasagle-kapea-kylpyhuoneen-kaappi-jossa-on-laatikko-ja-lamelliluukku","status":"publish","type":"product","link":"https:\/\/nordicmart.andreevmaster.com\/fi\/tuote\/vasagle-kapea-kylpyhuoneen-kaappi-jossa-on-laatikko-ja-lamelliluukku\/","title":{"rendered":"VASAGLE kapea kylpyhuoneen kaappi, jossa on laatikko ja lamelliluukku"},"content":{"rendered":"<p>VASAGLE kylpyhuoneen kaappi, kylpyhuoneen sivukaappi, y\u00f6p\u00f6yt\u00e4, jossa laatikko ja lamelliluukku, kylpyhuone, eteinen, makuuhuone, 32 x 87 x 30 cm, valkoinen BBC43WT<br \/>\n&#8211; V\u00e4ri: kyyhkynharmaa<br \/>\n&#8211; Materiaali: MDF (keskitihe\u00e4 kuitulevy)<br \/>\n&#8211; Koko: 30 x 32 x 87 cm (S x L x K)<br \/>\n&#8211; Laatikon sis\u00e4mitat: 23,5 x 22,5 x 9 cm (S x L x K)<br \/>\n&#8211; Jokaisen kaapin oven takana olevan lokeron koko: 26 x 26 x 30,5 cm (S x L x K)<br \/>\n&#8211; Paino: 8,6 kg<\/p>\n","protected":false},"excerpt":{"rendered":"<p>VASAGLE kylpyhuoneen kaappi, kylpyhuoneen sivukaappi, y\u00f6p\u00f6yt\u00e4, jossa laatikko ja lamelliluukku, kylpyhuone, eteinen, makuuhuone, 32 x 87 x 30 cm, valkoinen BBC43WT<\/p>\n","protected":false},"featured_media":38929,"comment_status":"open","ping_status":"closed","template":"","meta":[],"product_brand":[],"product_cat":[32],"product_tag":[],"class_list":{"0":"post-29461","1":"product","2":"type-product","3":"status-publish","4":"has-post-thumbnail","6":"product_cat-uncategorized-fi","8":"first","9":"instock","10":"shipping-taxable","11":"purchasable","12":"product-type-simple"},"_links":{"self":[{"href":"https:\/\/nordicmart.andreevmaster.com\/fi\/wp-json\/wp\/v2\/product\/29461","targetHints":{"allow":["GET"]}}],"collection":[{"href":"https:\/\/nordicmart.andreevmaster.com\/fi\/wp-json\/wp\/v2\/product"}],"about":[{"href":"https:\/\/nordicmart.andreevmaster.com\/fi\/wp-json\/wp\/v2\/types\/product"}],"replies":[{"embeddable":true,"href":"https:\/\/nordicmart.andreevmaster.com\/fi\/wp-json\/wp\/v2\/comments?post=29461"}],"wp:featuredmedia":[{"embeddable":true,"href":"https:\/\/nordicmart.andreevmaster.com\/fi\/wp-json\/wp\/v2\/media\/38929"}],"wp:attachment":[{"href":"https:\/\/nordicmart.andreevmaster.com\/fi\/wp-json\/wp\/v2\/media?parent=29461"}],"wp:term":[{"taxonomy":"product_brand","embeddable":true,"href":"https:\/\/nordicmart.andreevmaster.com\/fi\/wp-json\/wp\/v2\/product_brand?post=29461"},{"taxonomy":"product_cat","embeddable":true,"href":"https:\/\/nordicmart.andreevmaster.com\/fi\/wp-json\/wp\/v2\/product_cat?post=29461"},{"taxonomy":"product_tag","embeddable":true,"href":"https:\/\/nordicmart.andreevmaster.com\/fi\/wp-json\/wp\/v2\/product_tag?post=29461"}],"curies":[{"name":"wp","href":"https:\/\/api.w.org\/{rel}","templated":true}]}}