{"id":29460,"date":"2026-02-27T00:06:55","date_gmt":"2026-02-27T00:06:55","guid":{"rendered":"https:\/\/nordicmart.andreevmaster.com\/product\/vasagle-kylpyhuonekaappi-jossa-on-avoin-hylly-ja-2-ovea\/"},"modified":"2026-02-27T09:31:18","modified_gmt":"2026-02-27T09:31:18","slug":"vasagle-kylpyhuonekaappi-jossa-on-avoin-hylly-ja-2-ovea","status":"publish","type":"product","link":"https:\/\/nordicmart.andreevmaster.com\/fi\/tuote\/vasagle-kylpyhuonekaappi-jossa-on-avoin-hylly-ja-2-ovea\/","title":{"rendered":"VASAGLE kylpyhuonekaappi, jossa on avoin hylly ja 2 ovea"},"content":{"rendered":"<p>VASAGLE Kylpyhuonekaappi, kylpyhuoneen s\u00e4ilytysj\u00e4rjestelm\u00e4, kylpyhuoneen hylly 2 lamelliovella, avoin lokero, vapaasti seisova, valkoinen, BBC40WT<br \/>\n&#8211; V\u00e4ri: kyyhkynharmaa<br \/>\n&#8211; Materiaali: MDF (keskitihe\u00e4 kuitulevy)<br \/>\n&#8211; Koko: 30 x 60 x 80 cm (S x L x K)<br \/>\n&#8211; Paino: 12,2 kg<br \/>\n&#8211; Pinnan maks. staattinen kantavuus: 50 kg<br \/>\n&#8211; S\u00e4\u00e4dett\u00e4v\u00e4n hyllyn maks. staattinen kantavuus: 15 kg<\/p>\n","protected":false},"excerpt":{"rendered":"<p>VASAGLE Kylpyhuonekaappi, kylpyhuoneen s\u00e4ilytysj\u00e4rjestelm\u00e4, kylpyhuoneen hylly 2 lamelliovella, avoin lokero, vapaasti seisova, valkoinen, BBC40WT<\/p>\n","protected":false},"featured_media":38928,"comment_status":"open","ping_status":"closed","template":"","meta":[],"product_brand":[],"product_cat":[32],"product_tag":[],"class_list":{"0":"post-29460","1":"product","2":"type-product","3":"status-publish","4":"has-post-thumbnail","6":"product_cat-uncategorized-fi","8":"first","9":"instock","10":"shipping-taxable","11":"purchasable","12":"product-type-simple"},"_links":{"self":[{"href":"https:\/\/nordicmart.andreevmaster.com\/fi\/wp-json\/wp\/v2\/product\/29460","targetHints":{"allow":["GET"]}}],"collection":[{"href":"https:\/\/nordicmart.andreevmaster.com\/fi\/wp-json\/wp\/v2\/product"}],"about":[{"href":"https:\/\/nordicmart.andreevmaster.com\/fi\/wp-json\/wp\/v2\/types\/product"}],"replies":[{"embeddable":true,"href":"https:\/\/nordicmart.andreevmaster.com\/fi\/wp-json\/wp\/v2\/comments?post=29460"}],"wp:featuredmedia":[{"embeddable":true,"href":"https:\/\/nordicmart.andreevmaster.com\/fi\/wp-json\/wp\/v2\/media\/38928"}],"wp:attachment":[{"href":"https:\/\/nordicmart.andreevmaster.com\/fi\/wp-json\/wp\/v2\/media?parent=29460"}],"wp:term":[{"taxonomy":"product_brand","embeddable":true,"href":"https:\/\/nordicmart.andreevmaster.com\/fi\/wp-json\/wp\/v2\/product_brand?post=29460"},{"taxonomy":"product_cat","embeddable":true,"href":"https:\/\/nordicmart.andreevmaster.com\/fi\/wp-json\/wp\/v2\/product_cat?post=29460"},{"taxonomy":"product_tag","embeddable":true,"href":"https:\/\/nordicmart.andreevmaster.com\/fi\/wp-json\/wp\/v2\/product_tag?post=29460"}],"curies":[{"name":"wp","href":"https:\/\/api.w.org\/{rel}","templated":true}]}}