{"id":29459,"date":"2026-02-27T00:06:55","date_gmt":"2026-02-27T00:06:55","guid":{"rendered":"https:\/\/nordicmart.andreevmaster.com\/product\/vasagle-kylpyhuoneen-kaappi-30-x-60-x-80-cm-harmaa\/"},"modified":"2026-02-27T09:31:18","modified_gmt":"2026-02-27T09:31:18","slug":"vasagle-kylpyhuoneen-kaappi-30-x-60-x-80-cm-harmaa","status":"publish","type":"product","link":"https:\/\/nordicmart.andreevmaster.com\/fi\/tuote\/vasagle-kylpyhuoneen-kaappi-30-x-60-x-80-cm-harmaa\/","title":{"rendered":"VASAGLE kylpyhuoneen kaappi 30 x 60 x 80 cm harmaa"},"content":{"rendered":"<p>Ei ole mit\u00e4\u00e4n parempaa kuin k\u00e4\u00e4riyty\u00e4 pehme\u00e4\u00e4n pyyhkeeseen kuuman vaahtokylvyn j\u00e4lkeen ja voidella ihoa tuoksuvalla voiteella. T\u00e4m\u00e4 s\u00e4ilytyskaappi tarjoaa runsaasti tilaa kylpyhuonetarvikkeiden s\u00e4ilytt\u00e4miseen.Monipuoliset s\u00e4ilytysmahdollisuudet: Hoitoaineet ja kylpysuola mahtuvat t\u00e4ydellisesti avoimiin hyllytasoihin. Puhdistusaineet ja muut esineet on parempi piilottaa kaksoisovien taakse. Aseta lis\u00e4ksi tuoksukynttil\u00e4 ylimm\u00e4lle hyllylle luomaan kylpyhuoneeseesi romanttista tunnelmaa. Todellinen monipuolinen tuote: enemm\u00e4n kuin vain kylpyhuoneen kaappi! T\u00e4m\u00e4 huonekalu sopii my\u00f6s keitti\u00f6\u00f6n mikroaaltouunin ja kattiloiden s\u00e4ilytt\u00e4miseen sek\u00e4 olohuoneeseen kirjojen ja valokuvakehysten sijoittamiseen. Tai k\u00e4yt\u00e4 t\u00e4t\u00e4 kaappia eteisess\u00e4 avainten ja lompakoiden s\u00e4ilytt\u00e4miseen k\u00e4den ulottuvilla. Mik\u00e4 on suunnitelmasi? Tuotetiedot: V\u00e4ri: Harmaa Materiaali: MDF (keskitihe\u00e4 kuitulevy) Koko: 30 x 60 x 80 cm (S x L x K) Paino: 12,7 kg Toimitus sis\u00e4lt\u00e4\u00e4: 1 x kylpyhuonekaappi 1 x kaatumissuoja 1 x lis\u00e4varustepaketti 1 x ohjeet VASAGLE Huomautukset:Turvallisuussyist\u00e4 lapset eiv\u00e4t saa kiivet\u00e4 tuotteen p\u00e4\u00e4lle tai leikki\u00e4 sill\u00e4. Kiinnit\u00e4 t\u00e4m\u00e4 tuote sein\u00e4\u00e4n mukana toimitetulla kaatumissuojalla turvallisen k\u00e4yt\u00f6n varmistamiseksi.<\/p>\n","protected":false},"excerpt":{"rendered":"<p>VASAGLE Kylpyhuonekaappi, kylpyhuoneen s\u00e4ilytysj\u00e4rjestelm\u00e4, kylpyhuoneen hylly 2 lamelliovella, avoin lokero, vapaasti seisova, valkoinen, BBC40WT<\/p>\n","protected":false},"featured_media":38927,"comment_status":"open","ping_status":"closed","template":"","meta":[],"product_brand":[],"product_cat":[32],"product_tag":[],"class_list":{"0":"post-29459","1":"product","2":"type-product","3":"status-publish","4":"has-post-thumbnail","6":"product_cat-uncategorized-fi","8":"first","9":"instock","10":"shipping-taxable","11":"purchasable","12":"product-type-simple"},"_links":{"self":[{"href":"https:\/\/nordicmart.andreevmaster.com\/fi\/wp-json\/wp\/v2\/product\/29459","targetHints":{"allow":["GET"]}}],"collection":[{"href":"https:\/\/nordicmart.andreevmaster.com\/fi\/wp-json\/wp\/v2\/product"}],"about":[{"href":"https:\/\/nordicmart.andreevmaster.com\/fi\/wp-json\/wp\/v2\/types\/product"}],"replies":[{"embeddable":true,"href":"https:\/\/nordicmart.andreevmaster.com\/fi\/wp-json\/wp\/v2\/comments?post=29459"}],"wp:featuredmedia":[{"embeddable":true,"href":"https:\/\/nordicmart.andreevmaster.com\/fi\/wp-json\/wp\/v2\/media\/38927"}],"wp:attachment":[{"href":"https:\/\/nordicmart.andreevmaster.com\/fi\/wp-json\/wp\/v2\/media?parent=29459"}],"wp:term":[{"taxonomy":"product_brand","embeddable":true,"href":"https:\/\/nordicmart.andreevmaster.com\/fi\/wp-json\/wp\/v2\/product_brand?post=29459"},{"taxonomy":"product_cat","embeddable":true,"href":"https:\/\/nordicmart.andreevmaster.com\/fi\/wp-json\/wp\/v2\/product_cat?post=29459"},{"taxonomy":"product_tag","embeddable":true,"href":"https:\/\/nordicmart.andreevmaster.com\/fi\/wp-json\/wp\/v2\/product_tag?post=29459"}],"curies":[{"name":"wp","href":"https:\/\/api.w.org\/{rel}","templated":true}]}}