{"id":29458,"date":"2026-02-27T00:06:55","date_gmt":"2026-02-27T00:06:55","guid":{"rendered":"https:\/\/nordicmart.andreevmaster.com\/product\/vasagle-pesuallaskaappi-hyllylla\/"},"modified":"2026-02-27T09:31:18","modified_gmt":"2026-02-27T09:31:18","slug":"vasagle-pesuallaskaappi-hyllylla","status":"publish","type":"product","link":"https:\/\/nordicmart.andreevmaster.com\/fi\/tuote\/vasagle-pesuallaskaappi-hyllylla\/","title":{"rendered":"VASAGLE pesuallaskaappi hyllyll\u00e4"},"content":{"rendered":"<p>Oletko aina \u00e4rtynyt kylpyhuoneen tai keitti\u00f6n ep\u00e4j\u00e4rjestyksest\u00e4? VASAGLE:n seisova kaappi on k\u00e4tev\u00e4 apuv\u00e4line sinulle.   Koriste-elementti asunnossasi Valkoiseksi lakattu kaappi on maalaistyyliin tyylik\u00e4s ja vieh\u00e4tt\u00e4v\u00e4, eik\u00e4 se ole vain huonekalu, vaan my\u00f6s kodin koriste.  Huolellisesti suunniteltu 180\u00b0 k\u00e4\u00e4ntyv\u00e4t ovet on varustettu kromatuilla metallikahvoilla, jotka helpottavat k\u00e4ytt\u00f6\u00e4. Ovien takana tavarasi ovat suojassa uteliailta katseilta, ja samalla my\u00f6s rumat putket j\u00e4\u00e4v\u00e4t piiloon. Avoin lokero alaosassa tarjoaa tilaa p\u00e4ivitt\u00e4in k\u00e4ytt\u00e4millesi tavaroille. VASAGLE on sitoutunut tarjoamaan korkealaatuisia huonekaluja, jotka luovat kodikkaan ja viihtyis\u00e4n ilmapiirin kotiisi. Tuotetiedot: &#8211; V\u00e4ri: valkoinen &#8211; Materiaali: MDF-levyt  &#8211; Kokonaismitat: 60 x 60 x 30 cm (L x K x S) &#8211; Sifonin aukon mitat: 15 x 34,5 x 20 cm (L x K x S) &#8211; Paino: 9,6 kg  Toimitus sis\u00e4lt\u00e4\u00e4: &#8211; 1 x pesuallaskaappi &#8211; 1 x tarvikepussi &#8211; 1 x ohjeet (DE, EN, IT, FR, ES)<\/p>\n","protected":false},"excerpt":{"rendered":"<p>VASAGLE pesuallaskaappi, kylpyhuonekaappi avoimella hyllyll\u00e4, maalaistyyliin kylpyhuonekaappi, puusta, 60 x 60 x 30 cm (L x K x S), valkoinen, BBC03WT<\/p>\n","protected":false},"featured_media":38926,"comment_status":"open","ping_status":"closed","template":"","meta":[],"product_brand":[],"product_cat":[32],"product_tag":[],"class_list":{"0":"post-29458","1":"product","2":"type-product","3":"status-publish","4":"has-post-thumbnail","6":"product_cat-uncategorized-fi","8":"first","9":"instock","10":"shipping-taxable","11":"purchasable","12":"product-type-simple"},"_links":{"self":[{"href":"https:\/\/nordicmart.andreevmaster.com\/fi\/wp-json\/wp\/v2\/product\/29458","targetHints":{"allow":["GET"]}}],"collection":[{"href":"https:\/\/nordicmart.andreevmaster.com\/fi\/wp-json\/wp\/v2\/product"}],"about":[{"href":"https:\/\/nordicmart.andreevmaster.com\/fi\/wp-json\/wp\/v2\/types\/product"}],"replies":[{"embeddable":true,"href":"https:\/\/nordicmart.andreevmaster.com\/fi\/wp-json\/wp\/v2\/comments?post=29458"}],"wp:featuredmedia":[{"embeddable":true,"href":"https:\/\/nordicmart.andreevmaster.com\/fi\/wp-json\/wp\/v2\/media\/38926"}],"wp:attachment":[{"href":"https:\/\/nordicmart.andreevmaster.com\/fi\/wp-json\/wp\/v2\/media?parent=29458"}],"wp:term":[{"taxonomy":"product_brand","embeddable":true,"href":"https:\/\/nordicmart.andreevmaster.com\/fi\/wp-json\/wp\/v2\/product_brand?post=29458"},{"taxonomy":"product_cat","embeddable":true,"href":"https:\/\/nordicmart.andreevmaster.com\/fi\/wp-json\/wp\/v2\/product_cat?post=29458"},{"taxonomy":"product_tag","embeddable":true,"href":"https:\/\/nordicmart.andreevmaster.com\/fi\/wp-json\/wp\/v2\/product_tag?post=29458"}],"curies":[{"name":"wp","href":"https:\/\/api.w.org\/{rel}","templated":true}]}}