{"id":29457,"date":"2026-02-27T00:06:54","date_gmt":"2026-02-27T00:06:54","guid":{"rendered":"https:\/\/nordicmart.andreevmaster.com\/product\/vasagle-pesuallaskaappi-lamelliovilla\/"},"modified":"2026-02-27T09:31:18","modified_gmt":"2026-02-27T09:31:18","slug":"vasagle-pesuallaskaappi-lamelliovilla","status":"publish","type":"product","link":"https:\/\/nordicmart.andreevmaster.com\/fi\/tuote\/vasagle-pesuallaskaappi-lamelliovilla\/","title":{"rendered":"VASAGLE pesuallaskaappi lamelliovilla"},"content":{"rendered":"<p>Oletko viel\u00e4kin \u00e4rtynyt siit\u00e4, ett\u00e4 kylpyhuoneessa ei ole koskaan tarpeeksi tilaa kylpyhuonetarvikkeillesi? VASAGLE-pesuallaskaapin avulla voit hy\u00f6dynt\u00e4\u00e4 pesualtaan alla olevan tilan optimaalisesti ja luoda ylim\u00e4\u00e4r\u00e4ist\u00e4 s\u00e4ilytystilaa. Kaikki p\u00e4ivitt\u00e4iset tarvikkeet voidaan helposti s\u00e4ilytt\u00e4\u00e4 kylpyhuoneessa, ja kaappi on todellinen tilan s\u00e4\u00e4st\u00e4j\u00e4 kylpyhuoneessa.Laadukkaat MDF-levyt takaavat t\u00e4ydellisen vakauden ja pitk\u00e4n k\u00e4ytt\u00f6i\u00e4n, jopa kosteissa tiloissa. Valkoisella lakalla k\u00e4sitelty pinta on helppo puhdistaa, mik\u00e4 helpottaa kotit\u00f6it\u00e4. Moderni ja tyylik\u00e4s ulkon\u00e4k\u00f6 tekee t\u00e4st\u00e4 kaapista katseenvangitsijan. VASAGLE on sitoutunut tarjoamaan korkealaatuisia huonekaluja, jotka luovat kodikkaan ja viihtyis\u00e4n ilmapiirin kotiisi. N\u00e4in kodistasi tulee oasis! Tuotetiedot: &#8211; Mitat: 60 x 60 x 30 cm (L x K x S) &#8211; Sifonin aukon mitat: 20 x 8 cm (Mittaa ennen ostamista sifonin koko ja varmista, ett\u00e4 t\u00e4m\u00e4 alakaappi sopii.- Pakkauksen mitat: 71 x 15 x 38 cm &#8211; Materiaali: MDF-levy &#8211; V\u00e4ri: valkoinen &#8211; Nettopaino: 9,5 kg &#8211; Bruttopaino: 10,6 kg Toimitus sis\u00e4lt\u00e4\u00e4: &#8211; 1 x pesualtaan alakaappi &#8211; 1 x lis\u00e4varustepussi &#8211; 1 x ohjeet (DE, EN, IT, FR, ES)<\/p>\n","protected":false},"excerpt":{"rendered":"<p>VASAGLE pesuallaskaappi, alakaappi ilman pesuallasta, runsaasti s\u00e4ilytystilaa, kylpyhuonekaappi lamelliovilla, 2 lokeroa, valkoinen, 60 x 60 x 30 cm (L x K x S) BBC02WT<\/p>\n","protected":false},"featured_media":38925,"comment_status":"open","ping_status":"closed","template":"","meta":[],"product_brand":[],"product_cat":[32],"product_tag":[],"class_list":{"0":"post-29457","1":"product","2":"type-product","3":"status-publish","4":"has-post-thumbnail","6":"product_cat-uncategorized-fi","8":"first","9":"instock","10":"shipping-taxable","11":"purchasable","12":"product-type-simple"},"_links":{"self":[{"href":"https:\/\/nordicmart.andreevmaster.com\/fi\/wp-json\/wp\/v2\/product\/29457","targetHints":{"allow":["GET"]}}],"collection":[{"href":"https:\/\/nordicmart.andreevmaster.com\/fi\/wp-json\/wp\/v2\/product"}],"about":[{"href":"https:\/\/nordicmart.andreevmaster.com\/fi\/wp-json\/wp\/v2\/types\/product"}],"replies":[{"embeddable":true,"href":"https:\/\/nordicmart.andreevmaster.com\/fi\/wp-json\/wp\/v2\/comments?post=29457"}],"wp:featuredmedia":[{"embeddable":true,"href":"https:\/\/nordicmart.andreevmaster.com\/fi\/wp-json\/wp\/v2\/media\/38925"}],"wp:attachment":[{"href":"https:\/\/nordicmart.andreevmaster.com\/fi\/wp-json\/wp\/v2\/media?parent=29457"}],"wp:term":[{"taxonomy":"product_brand","embeddable":true,"href":"https:\/\/nordicmart.andreevmaster.com\/fi\/wp-json\/wp\/v2\/product_brand?post=29457"},{"taxonomy":"product_cat","embeddable":true,"href":"https:\/\/nordicmart.andreevmaster.com\/fi\/wp-json\/wp\/v2\/product_cat?post=29457"},{"taxonomy":"product_tag","embeddable":true,"href":"https:\/\/nordicmart.andreevmaster.com\/fi\/wp-json\/wp\/v2\/product_tag?post=29457"}],"curies":[{"name":"wp","href":"https:\/\/api.w.org\/{rel}","templated":true}]}}