{"id":29456,"date":"2026-02-27T00:06:54","date_gmt":"2026-02-27T00:06:54","guid":{"rendered":"https:\/\/nordicmart.andreevmaster.com\/product\/vasagle-kylpyhuoneen-kaappi-jossa-on-saadettava-hylly-ja-lamelliovet\/"},"modified":"2026-02-27T09:31:18","modified_gmt":"2026-02-27T09:31:18","slug":"vasagle-kylpyhuoneen-kaappi-jossa-on-saadettava-hylly-ja-lamelliovet","status":"publish","type":"product","link":"https:\/\/nordicmart.andreevmaster.com\/fi\/tuote\/vasagle-kylpyhuoneen-kaappi-jossa-on-saadettava-hylly-ja-lamelliovet\/","title":{"rendered":"VASAGLE kylpyhuoneen kaappi, jossa on s\u00e4\u00e4dett\u00e4v\u00e4 hylly ja lamelliovet"},"content":{"rendered":"<p>VASAGLE sein\u00e4kaappi, ripustettava kaappi, kylpyhuonekaappi, sein\u00e4kiinnitys, l\u00e4\u00e4kekaappi korkeuss\u00e4\u00e4dett\u00e4v\u00e4ll\u00e4 hyllyll\u00e4, kylpyhuonekaappi, kaksoisovi, avoin lokero, 60 x 20 x 70 cm, valkoinen BBC27WT<br \/>\nV\u00e4ri: mystinen harmaa<br \/>\nMateriaali: MDF (keskitihe\u00e4 kuitulevy)<br \/>\nKoko: 30 x 30 x 82 cm (S x L x K)<br \/>\nPaino: 8,3 kg<br \/>\nYlimm\u00e4n hyllyn maks. staattinen kantavuus: 90 kg<br \/>\nEnimm\u00e4iskantavuus per laatikko: 4,5 kg<\/p>\n","protected":false},"excerpt":{"rendered":"<p>VASAGLE sein\u00e4kaappi, ripustettava kaappi, kylpyhuonekaappi, sein\u00e4kiinnitys, l\u00e4\u00e4kekaappi korkeuss\u00e4\u00e4dett\u00e4v\u00e4ll\u00e4 hyllyll\u00e4, kylpyhuonekaappi, kaksoisovi, avoin lokero, 60 x 20 x 70 cm, valkoinen BBC27WT<\/p>\n","protected":false},"featured_media":38924,"comment_status":"open","ping_status":"closed","template":"","meta":[],"product_brand":[],"product_cat":[32],"product_tag":[],"class_list":{"0":"post-29456","1":"product","2":"type-product","3":"status-publish","4":"has-post-thumbnail","6":"product_cat-uncategorized-fi","8":"first","9":"instock","10":"shipping-taxable","11":"purchasable","12":"product-type-simple"},"_links":{"self":[{"href":"https:\/\/nordicmart.andreevmaster.com\/fi\/wp-json\/wp\/v2\/product\/29456","targetHints":{"allow":["GET"]}}],"collection":[{"href":"https:\/\/nordicmart.andreevmaster.com\/fi\/wp-json\/wp\/v2\/product"}],"about":[{"href":"https:\/\/nordicmart.andreevmaster.com\/fi\/wp-json\/wp\/v2\/types\/product"}],"replies":[{"embeddable":true,"href":"https:\/\/nordicmart.andreevmaster.com\/fi\/wp-json\/wp\/v2\/comments?post=29456"}],"wp:featuredmedia":[{"embeddable":true,"href":"https:\/\/nordicmart.andreevmaster.com\/fi\/wp-json\/wp\/v2\/media\/38924"}],"wp:attachment":[{"href":"https:\/\/nordicmart.andreevmaster.com\/fi\/wp-json\/wp\/v2\/media?parent=29456"}],"wp:term":[{"taxonomy":"product_brand","embeddable":true,"href":"https:\/\/nordicmart.andreevmaster.com\/fi\/wp-json\/wp\/v2\/product_brand?post=29456"},{"taxonomy":"product_cat","embeddable":true,"href":"https:\/\/nordicmart.andreevmaster.com\/fi\/wp-json\/wp\/v2\/product_cat?post=29456"},{"taxonomy":"product_tag","embeddable":true,"href":"https:\/\/nordicmart.andreevmaster.com\/fi\/wp-json\/wp\/v2\/product_tag?post=29456"}],"curies":[{"name":"wp","href":"https:\/\/api.w.org\/{rel}","templated":true}]}}