{"id":29455,"date":"2026-02-27T00:06:54","date_gmt":"2026-02-27T00:06:54","guid":{"rendered":"https:\/\/nordicmart.andreevmaster.com\/product\/vasagle-pesualtaan-alakaappi-valkoinen\/"},"modified":"2026-02-27T09:31:18","modified_gmt":"2026-02-27T09:31:18","slug":"vasagle-pesualtaan-alakaappi-valkoinen","status":"publish","type":"product","link":"https:\/\/nordicmart.andreevmaster.com\/fi\/tuote\/vasagle-pesualtaan-alakaappi-valkoinen\/","title":{"rendered":"VASAGLE pesualtaan alakaappi, valkoinen"},"content":{"rendered":"<p>Tuotetiedot: &#8211; Mitat: 60 x 60 x 30 cm (L x K x S) &#8211; Sifonikotelon mitat: 20 x 15 cm (Mittaa ennen ostamista sifonin koko ja varmista, ett\u00e4 t\u00e4m\u00e4 allaskaappi sopii.- Pakkauksen mitat: 68 x 16 x 36 cm &#8211; Materiaali: MDF-levy &#8211; V\u00e4ri: valkoinen &#8211; Nettopaino: 9,4 kg &#8211; Bruttopaino: 10,3 kg Toimitus sis\u00e4lt\u00e4\u00e4: &#8211; 1 x pesuallaskaappi &#8211; 1 x lis\u00e4varustepussi &#8211; 1 x ohjeet (DE, EN, IT, FR, ES)<\/p>\n","protected":false},"excerpt":{"rendered":"<p>VASAGLE pesuallaskaappi alakaappi kylpyhuonekaappi 2 ovea, s\u00e4\u00e4dett\u00e4v\u00e4t hyllyk\u00f6t, puu, valkoinen, 60 x 60 x 30 cm (L x K x S) BBC01WT<\/p>\n","protected":false},"featured_media":38923,"comment_status":"open","ping_status":"closed","template":"","meta":[],"product_brand":[],"product_cat":[32],"product_tag":[],"class_list":{"0":"post-29455","1":"product","2":"type-product","3":"status-publish","4":"has-post-thumbnail","6":"product_cat-uncategorized-fi","8":"first","9":"instock","10":"shipping-taxable","11":"purchasable","12":"product-type-simple"},"_links":{"self":[{"href":"https:\/\/nordicmart.andreevmaster.com\/fi\/wp-json\/wp\/v2\/product\/29455","targetHints":{"allow":["GET"]}}],"collection":[{"href":"https:\/\/nordicmart.andreevmaster.com\/fi\/wp-json\/wp\/v2\/product"}],"about":[{"href":"https:\/\/nordicmart.andreevmaster.com\/fi\/wp-json\/wp\/v2\/types\/product"}],"replies":[{"embeddable":true,"href":"https:\/\/nordicmart.andreevmaster.com\/fi\/wp-json\/wp\/v2\/comments?post=29455"}],"wp:featuredmedia":[{"embeddable":true,"href":"https:\/\/nordicmart.andreevmaster.com\/fi\/wp-json\/wp\/v2\/media\/38923"}],"wp:attachment":[{"href":"https:\/\/nordicmart.andreevmaster.com\/fi\/wp-json\/wp\/v2\/media?parent=29455"}],"wp:term":[{"taxonomy":"product_brand","embeddable":true,"href":"https:\/\/nordicmart.andreevmaster.com\/fi\/wp-json\/wp\/v2\/product_brand?post=29455"},{"taxonomy":"product_cat","embeddable":true,"href":"https:\/\/nordicmart.andreevmaster.com\/fi\/wp-json\/wp\/v2\/product_cat?post=29455"},{"taxonomy":"product_tag","embeddable":true,"href":"https:\/\/nordicmart.andreevmaster.com\/fi\/wp-json\/wp\/v2\/product_tag?post=29455"}],"curies":[{"name":"wp","href":"https:\/\/api.w.org\/{rel}","templated":true}]}}