{"id":29453,"date":"2026-02-27T00:06:54","date_gmt":"2026-02-27T00:06:54","guid":{"rendered":"https:\/\/nordicmart.andreevmaster.com\/product\/vasagle-pesuallaskaappi-2-ovea\/"},"modified":"2026-02-27T09:31:17","modified_gmt":"2026-02-27T09:31:17","slug":"vasagle-pesuallaskaappi-2-ovea","status":"publish","type":"product","link":"https:\/\/nordicmart.andreevmaster.com\/fi\/tuote\/vasagle-pesuallaskaappi-2-ovea\/","title":{"rendered":"VASAGLE pesuallaskaappi, 2 ovea"},"content":{"rendered":"<p>Tuotetiedot: &#8211; V\u00e4ri: harmaa &#8211; Materiaali: MDF (keskitihe\u00e4 kuitulevy) &#8211; Koko: 60 x 30 x 60 cm (P x L x K) &#8211; Sifonin aukon koko: 20 x 15 cm (P x L) &#8211; Paino: 9,4 kg  Toimitus sis\u00e4lt\u00e4\u00e4: &#8211; 1 x pesuallaskaappi &#8211; 1 x lis\u00e4varustepaketti &#8211; 1 x ohjeet VASAGLE Huomautukset: &#8211; Turvallisuussyist\u00e4 lapset eiv\u00e4t saa kiivet\u00e4 tuotteen p\u00e4\u00e4lle tai leikki\u00e4 sill\u00e4. &#8211; Huomaa, ett\u00e4 sifoniputken aukon koko on 20 x 15 cm (P x L). Mittaa pesuallas huolellisesti ennen t\u00e4m\u00e4n tuotteen ostamista.<\/p>\n","protected":false},"excerpt":{"rendered":"<p>VASAGLE pesuallaskaappi, alakaappi, pesuallaskaappi, kylpyhuonekaappi 2 ovella, s\u00e4\u00e4dett\u00e4v\u00e4 hylly, paljon s\u00e4ilytystilaa, vapaasti seisova, maalaistyyli, 60 x 30 x 60 cm, harmaa BBC001G01<\/p>\n","protected":false},"featured_media":38921,"comment_status":"open","ping_status":"closed","template":"","meta":[],"product_brand":[],"product_cat":[32],"product_tag":[],"class_list":{"0":"post-29453","1":"product","2":"type-product","3":"status-publish","4":"has-post-thumbnail","6":"product_cat-uncategorized-fi","8":"first","9":"instock","10":"shipping-taxable","11":"purchasable","12":"product-type-simple"},"_links":{"self":[{"href":"https:\/\/nordicmart.andreevmaster.com\/fi\/wp-json\/wp\/v2\/product\/29453","targetHints":{"allow":["GET"]}}],"collection":[{"href":"https:\/\/nordicmart.andreevmaster.com\/fi\/wp-json\/wp\/v2\/product"}],"about":[{"href":"https:\/\/nordicmart.andreevmaster.com\/fi\/wp-json\/wp\/v2\/types\/product"}],"replies":[{"embeddable":true,"href":"https:\/\/nordicmart.andreevmaster.com\/fi\/wp-json\/wp\/v2\/comments?post=29453"}],"wp:featuredmedia":[{"embeddable":true,"href":"https:\/\/nordicmart.andreevmaster.com\/fi\/wp-json\/wp\/v2\/media\/38921"}],"wp:attachment":[{"href":"https:\/\/nordicmart.andreevmaster.com\/fi\/wp-json\/wp\/v2\/media?parent=29453"}],"wp:term":[{"taxonomy":"product_brand","embeddable":true,"href":"https:\/\/nordicmart.andreevmaster.com\/fi\/wp-json\/wp\/v2\/product_brand?post=29453"},{"taxonomy":"product_cat","embeddable":true,"href":"https:\/\/nordicmart.andreevmaster.com\/fi\/wp-json\/wp\/v2\/product_cat?post=29453"},{"taxonomy":"product_tag","embeddable":true,"href":"https:\/\/nordicmart.andreevmaster.com\/fi\/wp-json\/wp\/v2\/product_tag?post=29453"}],"curies":[{"name":"wp","href":"https:\/\/api.w.org\/{rel}","templated":true}]}}