{"id":29452,"date":"2026-02-27T00:06:53","date_gmt":"2026-02-27T00:06:53","guid":{"rendered":"https:\/\/nordicmart.andreevmaster.com\/product\/hylly-manty\/"},"modified":"2026-02-27T09:31:17","modified_gmt":"2026-02-27T09:31:17","slug":"hylly-manty","status":"publish","type":"product","link":"https:\/\/nordicmart.andreevmaster.com\/fi\/tuote\/hylly-manty\/","title":{"rendered":"Hylly, m\u00e4nty"},"content":{"rendered":"<p>Hylly on eritt\u00e4in t\u00e4rke\u00e4 osa lastenhuoneita ja pienten lasten huoneita. Kun lapsi on pieni, voit ripustaa sen h\u00e4nen ulottuvilleen, mik\u00e4 vaikuttaa positiivisesti h\u00e4nen kehitykseens\u00e4, ja lapsen kasvaessa muuttaa sen sijaintia sein\u00e4ll\u00e4. Hienostuneet ja ajattomat v\u00e4rit sopivat kauniisti mihin tahansa sisustukseen. <\/p>\n<p>T\u00e4rkeimm\u00e4t ominaisuudet ja edut:<br \/>\n&#8211; valmistettu eurooppalaisten standardien ja turvallisuusnormien mukaisesti<br \/>\n&#8211; j\u00e4rjest\u00e4\u00e4 tilan <\/p>\n<p>Mitat (cm):<br \/>\nkorkeus: 13<br \/>\nsyvyys: 13<br \/>\nleveys: 57<\/p>\n<p>Valmistus ja viimeistely:<br \/>\n&#8211; hylly on valmistettu m\u00e4ntypuusta, helppo pit\u00e4\u00e4 puhtaana<br \/>\n&#8211; siin\u00e4 on puinen (h\u00f6yl\u00e4tty) palkki, joka est\u00e4\u00e4 esineit\u00e4 putoamasta<\/p>\n<p>V\u00e4rit:<br \/>\n&#8211; hylly on m\u00e4ntynv\u00e4rinen<br \/>\n&#8211; rajoitin on valmistettu h\u00f6yl\u00e4tyst\u00e4 puusta.Koska materiaali on puuta, s\u00e4vyiss\u00e4 voi esiinty\u00e4 vaihtelua.<\/p>\n<p>K\u00e4ytt\u00f6ohjeet:<br \/>\nHuonekalut tulee puhdistaa pehme\u00e4ll\u00e4, vedell\u00e4 kostutetulla puuvillakankaalla tai huonekalujen hoitoon tarkoitetulla tuotteella.<\/p>\n<p>Lis\u00e4tietoja:<br \/>\nHuonekalut toimitetaan pakkauksissa, jotka on tarkoitettu itse koottaviksi. Paketit sis\u00e4lt\u00e4v\u00e4t yksityiskohtaiset kokoonpano-ohjeet sek\u00e4 tarvikkeet (ruuvit jne.).<\/p>\n","protected":false},"excerpt":{"rendered":"<p>Hylly on eritt\u00e4in t\u00e4rke\u00e4 osa lastenhuoneita ja pienten lasten huoneita. Kun lapsi on pieni, voit ripustaa sen h\u00e4nen ulottuvilleen, mik\u00e4 vaikuttaa positiivisesti h\u00e4nen kehitykseens\u00e4, ja lapsen kasvaessa muuttaa sen sijaintia sein\u00e4ll\u00e4. Hienostuneet ja ajattomat v\u00e4rit sopivat kauniisti mihin tahansa sisustukseen. T\u00e4rkeimm\u00e4t ominaisuudet ja edut: &#8211; valmistettu eurooppalaisten standardien ja turvallisuusnormien mukaisesti &#8211; j\u00e4rjest\u00e4\u00e4 tilan Mitat [&hellip;]<\/p>\n","protected":false},"featured_media":0,"comment_status":"open","ping_status":"closed","template":"","meta":[],"product_brand":[],"product_cat":[32],"product_tag":[],"class_list":{"0":"post-29452","1":"product","2":"type-product","3":"status-publish","5":"product_cat-uncategorized-fi","7":"first","8":"instock","9":"shipping-taxable","10":"purchasable","11":"product-type-simple"},"_links":{"self":[{"href":"https:\/\/nordicmart.andreevmaster.com\/fi\/wp-json\/wp\/v2\/product\/29452","targetHints":{"allow":["GET"]}}],"collection":[{"href":"https:\/\/nordicmart.andreevmaster.com\/fi\/wp-json\/wp\/v2\/product"}],"about":[{"href":"https:\/\/nordicmart.andreevmaster.com\/fi\/wp-json\/wp\/v2\/types\/product"}],"replies":[{"embeddable":true,"href":"https:\/\/nordicmart.andreevmaster.com\/fi\/wp-json\/wp\/v2\/comments?post=29452"}],"wp:attachment":[{"href":"https:\/\/nordicmart.andreevmaster.com\/fi\/wp-json\/wp\/v2\/media?parent=29452"}],"wp:term":[{"taxonomy":"product_brand","embeddable":true,"href":"https:\/\/nordicmart.andreevmaster.com\/fi\/wp-json\/wp\/v2\/product_brand?post=29452"},{"taxonomy":"product_cat","embeddable":true,"href":"https:\/\/nordicmart.andreevmaster.com\/fi\/wp-json\/wp\/v2\/product_cat?post=29452"},{"taxonomy":"product_tag","embeddable":true,"href":"https:\/\/nordicmart.andreevmaster.com\/fi\/wp-json\/wp\/v2\/product_tag?post=29452"}],"curies":[{"name":"wp","href":"https:\/\/api.w.org\/{rel}","templated":true}]}}