{"id":29448,"date":"2026-02-27T00:06:53","date_gmt":"2026-02-27T00:06:53","guid":{"rendered":"https:\/\/nordicmart.andreevmaster.com\/product\/backyard-discovery-echo-heights-puinen-leikkikentta-liukumaki-leikkimokki-keittio\/"},"modified":"2026-02-27T09:31:17","modified_gmt":"2026-02-27T09:31:17","slug":"backyard-discovery-echo-heights-puinen-leikkikentta-liukumaki-leikkimokki-keittio","status":"publish","type":"product","link":"https:\/\/nordicmart.andreevmaster.com\/fi\/tuote\/backyard-discovery-echo-heights-puinen-leikkikentta-liukumaki-leikkimokki-keittio\/","title":{"rendered":"BACKYARD DISCOVERY Echo Heights -puinen leikkikentt\u00e4 liukum\u00e4ki leikkim\u00f6kki keitti\u00f6"},"content":{"rendered":"<p>Backyard Discoveryn Echo Heights -leikkikentt\u00e4 tarjoaa tuntikausia hauskaa omassa takapihassasi. Kompaktin muotoilunsa ansiosta t\u00e4m\u00e4 leikkim\u00f6kki sopii t\u00e4ydellisesti mihin tahansa puutarhaan. Pienet lapset rakastavat leikkim\u00f6kin ominaisuuksia, kuten uunia, paristok\u00e4ytt\u00f6ist\u00e4 laitetta, supernopeaa liukum\u00e4ke\u00e4 ja kaikkia muita lis\u00e4varusteita. Toiminnalliset pariovet ja suuret avoimet ikkunat antavat lapsellesi mahdollisuuden n\u00e4hd\u00e4 kaiken ymp\u00e4rill\u00e4\u00e4n leikkiess\u00e4\u00e4n. Leve\u00e4portainen sis\u00e4\u00e4nk\u00e4yntitikkaat helpottavat kaiken ik\u00e4isten lasten p\u00e4\u00e4sy\u00e4 leikkim\u00f6kkiin. Mukana tulevalla kasvuk\u00e4yr\u00e4ll\u00e4 voit seurata lapsesi kasvua ja luoda yhteisi\u00e4 muistoja. Kun lapsi on leikkinyt leikkim\u00f6kiss\u00e4, h\u00e4n voi laskea nopeasti liukum\u00e4ke\u00e4 alas. Ominaisuudet: * &#8211; leikkipaikka on suunniteltu 3-vuotiaille ja sit\u00e4 vanhemmille lapsille * &#8211; valmistettu 100 % FSC-sertifioidusta setripuusta * &#8211; sarja sis\u00e4lt\u00e4\u00e4 paljon hauskoja lis\u00e4varusteita: leikkikeitti\u00f6n, baarimikserin, toimivan ovikellon ja heilurioven<br \/>\n* &#8211; korotettu leikkim\u00f6kki, sopii pieniin puutarhoihin<br \/>\n* &#8211; eritt\u00e4in nopea 183 cm:n liukum\u00e4ki kaiteella<br \/>\n* &#8211; kasvuk\u00e4yr\u00e4 dokumentoi lasten kasvun<br \/>\n* &#8211; leve\u00e4, tasainen tikkaat helpottavat kaiken ik\u00e4isten lasten p\u00e4\u00e4sy\u00e4<\/p>\n","protected":false},"excerpt":{"rendered":"<p>Backyard Discoveryn Echo Heights -leikkikentt\u00e4 tarjoaa tuntikausia hauskaa omassa takapihassasi. Kompaktin muotoilunsa ansiosta t\u00e4m\u00e4 leikkim\u00f6kki sopii t\u00e4ydellisesti mihin tahansa puutarhaan. Pienet lapset rakastavat leikkim\u00f6kin ominaisuuksia, kuten uunia, paristok\u00e4ytt\u00f6ist\u00e4 laitetta, supernopeaa liukum\u00e4ke\u00e4 ja kaikkia muita lis\u00e4varusteita. Toiminnalliset pariovet ja suuret avoimet ikkunat antavat lapsellesi mahdollisuuden n\u00e4hd\u00e4 kaiken ymp\u00e4rill\u00e4\u00e4n leikkiess\u00e4\u00e4n. Leve\u00e4portainen sis\u00e4\u00e4nk\u00e4yntitikkaat helpottavat kaiken ik\u00e4isten lasten p\u00e4\u00e4sy\u00e4 [&hellip;]<\/p>\n","protected":false},"featured_media":0,"comment_status":"open","ping_status":"closed","template":"","meta":[],"product_brand":[],"product_cat":[32],"product_tag":[],"class_list":{"0":"post-29448","1":"product","2":"type-product","3":"status-publish","5":"product_cat-uncategorized-fi","7":"first","8":"instock","9":"shipping-taxable","10":"purchasable","11":"product-type-simple"},"_links":{"self":[{"href":"https:\/\/nordicmart.andreevmaster.com\/fi\/wp-json\/wp\/v2\/product\/29448","targetHints":{"allow":["GET"]}}],"collection":[{"href":"https:\/\/nordicmart.andreevmaster.com\/fi\/wp-json\/wp\/v2\/product"}],"about":[{"href":"https:\/\/nordicmart.andreevmaster.com\/fi\/wp-json\/wp\/v2\/types\/product"}],"replies":[{"embeddable":true,"href":"https:\/\/nordicmart.andreevmaster.com\/fi\/wp-json\/wp\/v2\/comments?post=29448"}],"wp:attachment":[{"href":"https:\/\/nordicmart.andreevmaster.com\/fi\/wp-json\/wp\/v2\/media?parent=29448"}],"wp:term":[{"taxonomy":"product_brand","embeddable":true,"href":"https:\/\/nordicmart.andreevmaster.com\/fi\/wp-json\/wp\/v2\/product_brand?post=29448"},{"taxonomy":"product_cat","embeddable":true,"href":"https:\/\/nordicmart.andreevmaster.com\/fi\/wp-json\/wp\/v2\/product_cat?post=29448"},{"taxonomy":"product_tag","embeddable":true,"href":"https:\/\/nordicmart.andreevmaster.com\/fi\/wp-json\/wp\/v2\/product_tag?post=29448"}],"curies":[{"name":"wp","href":"https:\/\/api.w.org\/{rel}","templated":true}]}}