{"id":29447,"date":"2026-02-27T00:06:53","date_gmt":"2026-02-27T00:06:53","guid":{"rendered":"https:\/\/nordicmart.andreevmaster.com\/product\/backyard-discovery-aurora-puinen-leikkikentta-leikkimokki-liukumaki\/"},"modified":"2026-02-27T09:31:17","modified_gmt":"2026-02-27T09:31:17","slug":"backyard-discovery-aurora-puinen-leikkikentta-leikkimokki-liukumaki","status":"publish","type":"product","link":"https:\/\/nordicmart.andreevmaster.com\/fi\/tuote\/backyard-discovery-aurora-puinen-leikkikentta-leikkimokki-liukumaki\/","title":{"rendered":"BACKYARD DISCOVERY Aurora puinen leikkikentt\u00e4 leikkim\u00f6kki liukum\u00e4ki"},"content":{"rendered":"<p>Aurora Backyard Discovery -leikkipaikka on erinomainen valinta my\u00f6s pienempiin puutarhoihin. Leikkiminen puutarhassa ei ole en\u00e4\u00e4 koskaan tyls\u00e4\u00e4! Aurora-puuleikkipaikka tarjoaa monia mahdollisuuksia hauskanpitoon. Siin\u00e4 on aaltoileva sininen liukum\u00e4ki, jonne p\u00e4\u00e4see turvallisen tikkaiden kautta, jotka toimivat my\u00f6s kiipeilysein\u00e4n\u00e4. Koko rakenne on peitetty sinisell\u00e4 katoksella, joka suojaa lasta auringolta. Alhaalla on hiekkalaatikko ja kaksi tukevaa keinuja. Ominaisuudet: * &#8211; hiekkalaatikko, * &#8211; 2 keinuja, * &#8211; kiipeilyteline, * &#8211; kiipeilysein\u00e4, * &#8211; liukum\u00e4ki.<\/p>\n<p>Amerikkalaisen Backyard Discovery -yrityksen, joka omistaa tunnetun ja arvostetun STEP2-br\u00e4ndin, upeat puutarhalelut ovat ilahduttaneet lapsia jo yli 30 vuoden ajan. T\u00e4m\u00e4n valmistajan lelut ovat tunnettuja korkeasta laadustaan ja huolellisesta valmistuksesta. Ne ovat vakaita, turvallisia ja kest\u00e4vi\u00e4. Ne on valmistettu setrist\u00e4, mik\u00e4 tekee jokaisesta sarjasta luonnollisesti lahon-, hy\u00f6nteisten- ja s\u00e4\u00e4nkest\u00e4v\u00e4n. Ne toimivat erinomaisesti useita kausia menett\u00e4m\u00e4tt\u00e4 v\u00e4ri\u00e4\u00e4n tai ominaisuuksiaan. Backyard Discoveryn puutarham\u00f6kit ja leikkikent\u00e4t ovat kauniita ja nerokkaasti varustettuja. Niiss\u00e4 on sis\u00e4\u00e4nrakennetut keitti\u00f6t lapsille, liukum\u00e4et, keinut ja lukuisia muita n\u00e4ht\u00e4vyyksi\u00e4. <\/p>\n<p>Backyard Discoveryn tuotteet ansaitsevat nimityksen puutarhalelujen premium-luokkaan kuuluviksi \u2013 ne ovat jokaisen pennin arvoisia.<\/p>\n","protected":false},"excerpt":{"rendered":"<p>Aurora Backyard Discovery -leikkipaikka on erinomainen valinta my\u00f6s pienempiin puutarhoihin. Leikkiminen puutarhassa ei ole en\u00e4\u00e4 koskaan tyls\u00e4\u00e4! Aurora-puuleikkipaikka tarjoaa monia mahdollisuuksia hauskanpitoon. Siin\u00e4 on aaltoileva sininen liukum\u00e4ki, jonne p\u00e4\u00e4see turvallisen tikkaiden kautta, jotka toimivat my\u00f6s kiipeilysein\u00e4n\u00e4. Koko rakenne on peitetty sinisell\u00e4 katoksella, joka suojaa lasta auringolta. Alhaalla on hiekkalaatikko ja kaksi tukevaa keinuja. Ominaisuudet: * [&hellip;]<\/p>\n","protected":false},"featured_media":0,"comment_status":"open","ping_status":"closed","template":"","meta":[],"product_brand":[],"product_cat":[32],"product_tag":[],"class_list":{"0":"post-29447","1":"product","2":"type-product","3":"status-publish","5":"product_cat-uncategorized-fi","7":"first","8":"instock","9":"shipping-taxable","10":"purchasable","11":"product-type-simple"},"_links":{"self":[{"href":"https:\/\/nordicmart.andreevmaster.com\/fi\/wp-json\/wp\/v2\/product\/29447","targetHints":{"allow":["GET"]}}],"collection":[{"href":"https:\/\/nordicmart.andreevmaster.com\/fi\/wp-json\/wp\/v2\/product"}],"about":[{"href":"https:\/\/nordicmart.andreevmaster.com\/fi\/wp-json\/wp\/v2\/types\/product"}],"replies":[{"embeddable":true,"href":"https:\/\/nordicmart.andreevmaster.com\/fi\/wp-json\/wp\/v2\/comments?post=29447"}],"wp:attachment":[{"href":"https:\/\/nordicmart.andreevmaster.com\/fi\/wp-json\/wp\/v2\/media?parent=29447"}],"wp:term":[{"taxonomy":"product_brand","embeddable":true,"href":"https:\/\/nordicmart.andreevmaster.com\/fi\/wp-json\/wp\/v2\/product_brand?post=29447"},{"taxonomy":"product_cat","embeddable":true,"href":"https:\/\/nordicmart.andreevmaster.com\/fi\/wp-json\/wp\/v2\/product_cat?post=29447"},{"taxonomy":"product_tag","embeddable":true,"href":"https:\/\/nordicmart.andreevmaster.com\/fi\/wp-json\/wp\/v2\/product_tag?post=29447"}],"curies":[{"name":"wp","href":"https:\/\/api.w.org\/{rel}","templated":true}]}}