{"id":29446,"date":"2026-02-27T00:06:52","date_gmt":"2026-02-27T00:06:52","guid":{"rendered":"https:\/\/nordicmart.andreevmaster.com\/product\/backyard-discovery-belmont-6-in-1-puinen-leikkikentta\/"},"modified":"2026-02-27T09:31:16","modified_gmt":"2026-02-27T09:31:16","slug":"backyard-discovery-belmont-6-in-1-puinen-leikkikentta","status":"publish","type":"product","link":"https:\/\/nordicmart.andreevmaster.com\/fi\/tuote\/backyard-discovery-belmont-6-in-1-puinen-leikkikentta\/","title":{"rendered":"BACKYARD DISCOVERY Belmont 6-in-1 puinen leikkikentt\u00e4"},"content":{"rendered":"<p>Backyard Discovery Belmont 6-in-1 -puinen leikkikentt\u00e4 tarjoaa lapsille hauskan tavan olla fyysisesti aktiivisia ja liikkua. Belmont on valmistettu 100 % setripuusta, ja sen pienen, kompaktin oksarakenteen ansiosta se on v\u00e4hemm\u00e4n altis pienille halkeamille oksista. Valmistettu korkeimpien laatustandardien mukaisesti.<\/p>\n<p>Backyard Discovery Belmont 6-in-1 -puuleikkikent\u00e4n ominaisuudet:<\/p>\n<p>&#8211; Helppo asentaa interaktiivisen BILT\u00ae-sovelluksen avulla, joka opastaa askel askeleelta &#8211; 2 keinuja + akrobaattinen hihna &#8211; joten jokaiselle l\u00f6ytyy jotain, aloittelijoista urheilullisimpiin &#8211; Hiekkalaatikko, johon mahtuu noin 125 kg hiekkaa (hiekka ei sis\u00e4lly toimitukseen) &#8211; P\u00f6yt\u00e4 ja penkki &#8211; 244 cm pitk\u00e4 liukum\u00e4ki &#8211; Kiipeilysein\u00e4 &#8211; tavallista tikkaita j\u00e4nnitt\u00e4v\u00e4mpi, stimuloi koordinaatiota, lihasvoimaa ja motorisia taitoja. Metallikahvat varmistavat turvallisen ja helpon p\u00e4\u00e4syn yhdistettyyn yl\u00e4linnaan ja sielt\u00e4 pois &#8211; Leikkitorni v\u00e4rikk\u00e4\u00e4ll\u00e4 katoksella<\/p>\n<p>Belmont-leikkipaikka on valmistettu kokonaan setripuusta, joka on luonnostaan eritt\u00e4in kest\u00e4v\u00e4\u00e4 ja lahonkest\u00e4v\u00e4\u00e4.<\/p>\n<p>Backyard Discovery Belmont 6-in-1 puinen leikkipaikka, valmistettu setripuusta:<\/p>\n<p>Suositeltu sukupuoli: Poika\/Tytt\u00f6, Tuotteen v\u00e4ri: Ruskea, Vihre\u00e4, Keltainen, Rungon materiaali: Puu. Leveys: 2220 mm, Syvyys: 5400 mm, Korkeus: 2900 mm. EU TSD -varoitus: Ei alle 36 kuukauden ik\u00e4isille lapsille, vain kotik\u00e4ytt\u00f6\u00f6n, k\u00e4ytett\u00e4v\u00e4 aikuisten valvonnassa. Leveys: 555 mm, syvyys: 2330 mm, korkeus: 168 mm. Kantavuus: 68 kg per lapsi yksitt\u00e4isk\u00e4yt\u00f6ss\u00e4. 54,5 kg per lapsi useamman lapsen k\u00e4yt\u00f6ss\u00e4. Suositellaan enint\u00e4\u00e4n 9 lasta laitetta kohti.Backyard Discoveryn t\u00e4ysin toimiva suuri Belmont-leikkikentt\u00e4 antaa lapsillesi paljon ideoita hauskanpitoon \u2013 joko yst\u00e4vien kanssa tai yksin! Backyard Discovery on valmistanut korkealaatuisia puisia leikkikentti\u00e4 ja leikkim\u00f6kkej\u00e4 lapsille yli 30 vuoden ajan.<\/p>\n","protected":false},"excerpt":{"rendered":"<p>Backyard Discovery Belmont 6-in-1 -puinen leikkikentt\u00e4 tarjoaa lapsille hauskan tavan olla fyysisesti aktiivisia ja liikkua. Belmont on valmistettu 100 % setripuusta, ja sen pienen, kompaktin oksarakenteen ansiosta se on v\u00e4hemm\u00e4n altis pienille halkeamille oksista. Valmistettu korkeimpien laatustandardien mukaisesti. Backyard Discovery Belmont 6-in-1 -puuleikkikent\u00e4n ominaisuudet: &#8211; Helppo asentaa interaktiivisen BILT\u00ae-sovelluksen avulla, joka opastaa askel askeleelta &#8211; [&hellip;]<\/p>\n","protected":false},"featured_media":0,"comment_status":"open","ping_status":"closed","template":"","meta":[],"product_brand":[],"product_cat":[32],"product_tag":[],"class_list":{"0":"post-29446","1":"product","2":"type-product","3":"status-publish","5":"product_cat-uncategorized-fi","7":"first","8":"instock","9":"shipping-taxable","10":"purchasable","11":"product-type-simple"},"_links":{"self":[{"href":"https:\/\/nordicmart.andreevmaster.com\/fi\/wp-json\/wp\/v2\/product\/29446","targetHints":{"allow":["GET"]}}],"collection":[{"href":"https:\/\/nordicmart.andreevmaster.com\/fi\/wp-json\/wp\/v2\/product"}],"about":[{"href":"https:\/\/nordicmart.andreevmaster.com\/fi\/wp-json\/wp\/v2\/types\/product"}],"replies":[{"embeddable":true,"href":"https:\/\/nordicmart.andreevmaster.com\/fi\/wp-json\/wp\/v2\/comments?post=29446"}],"wp:attachment":[{"href":"https:\/\/nordicmart.andreevmaster.com\/fi\/wp-json\/wp\/v2\/media?parent=29446"}],"wp:term":[{"taxonomy":"product_brand","embeddable":true,"href":"https:\/\/nordicmart.andreevmaster.com\/fi\/wp-json\/wp\/v2\/product_brand?post=29446"},{"taxonomy":"product_cat","embeddable":true,"href":"https:\/\/nordicmart.andreevmaster.com\/fi\/wp-json\/wp\/v2\/product_cat?post=29446"},{"taxonomy":"product_tag","embeddable":true,"href":"https:\/\/nordicmart.andreevmaster.com\/fi\/wp-json\/wp\/v2\/product_tag?post=29446"}],"curies":[{"name":"wp","href":"https:\/\/api.w.org\/{rel}","templated":true}]}}