{"id":29445,"date":"2026-02-27T00:06:52","date_gmt":"2026-02-27T00:06:52","guid":{"rendered":"https:\/\/nordicmart.andreevmaster.com\/product\/backyard-discovery-lakewood-puinen-leikkikentta-keinut-liukumaki-leikkimokki\/"},"modified":"2026-02-27T09:31:16","modified_gmt":"2026-02-27T09:31:16","slug":"backyard-discovery-lakewood-puinen-leikkikentta-keinut-liukumaki-leikkimokki","status":"publish","type":"product","link":"https:\/\/nordicmart.andreevmaster.com\/fi\/tuote\/backyard-discovery-lakewood-puinen-leikkikentta-keinut-liukumaki-leikkimokki\/","title":{"rendered":"BACKYARD DISCOVERY Lakewood Puinen leikkikentt\u00e4 Keinut Liukum\u00e4ki Leikkim\u00f6kki"},"content":{"rendered":"<p>Backyard Discoveryn Lakewood-leikkikentt\u00e4 keinuineen ja liukum\u00e4kineen tarjoaa pienille lapsille runsaasti mahdollisuuksia hauskanpitoon. Kompaktin rakenteensa ansiosta Lakewood muuttaa pienemm\u00e4tkin puutarhat todellisiksi leikkikentiksi, joissa lapset voivat leikki\u00e4 koko p\u00e4iv\u00e4n. Rakenteessa on korotettu leikkialusta, jossa on v\u00e4rik\u00e4s aurinkosuoja. Alemmassa huoneessa on etusein\u00e4, ikkuna ja oikea ovi. Ikkunan ulkopuolella on kiinte\u00e4 penkki. Lapset voivat keinua kahdella keinulla tai tehd\u00e4 temppuja trapetsilla. Tasaiset portaat viev\u00e4t lapset korkeimmalle alustalle, josta 244 cm pitk\u00e4 liukum\u00e4ki vie heid\u00e4t nopeasti takaisin alas.Ominaisuudet:<\/p>\n<p>* &#8211; leikkipaikka suunniteltu 3-vuotiaille ja sit\u00e4 vanhemmille lapsille<br \/>\n* &#8211; valmistettu 100 % s\u00e4\u00e4nkest\u00e4v\u00e4st\u00e4 setripuusta<br \/>\n* &#8211; helppo koota<br \/>\n* &#8211; 2 renkaaseen kiinnitetty\u00e4 keinu, jotka ovat hell\u00e4varaisia pienille k\u00e4sille ja est\u00e4v\u00e4t sormien puristumisen<br \/>\n* &#8211; trapetsi voimisteluakrobatiaa varten<br \/>\n* &#8211; tasaiset portaat turvallista p\u00e4\u00e4sy\u00e4 varten<br \/>\n* &#8211; korotettu leikkialusta katoksella<br \/>\n* &#8211; etusein\u00e4, ikkuna ja oikea ovi<br \/>\n* &#8211; ikkuna, jossa on sis\u00e4\u00e4nrakennettu penkki ulkopuolella<br \/>\n* &#8211; eritt\u00e4in nopea liukum\u00e4ki, pituus 244 cm<br \/>\n* &#8211; alustan alaosa on ihanteellinen lelujen s\u00e4ilytt\u00e4miseen tai jopa hiekkalaatikkona<\/p>\n","protected":false},"excerpt":{"rendered":"<p>Backyard Discoveryn Lakewood-leikkikentt\u00e4 keinuineen ja liukum\u00e4kineen tarjoaa pienille lapsille runsaasti mahdollisuuksia hauskanpitoon. Kompaktin rakenteensa ansiosta Lakewood muuttaa pienemm\u00e4tkin puutarhat todellisiksi leikkikentiksi, joissa lapset voivat leikki\u00e4 koko p\u00e4iv\u00e4n. Rakenteessa on korotettu leikkialusta, jossa on v\u00e4rik\u00e4s aurinkosuoja. Alemmassa huoneessa on etusein\u00e4, ikkuna ja oikea ovi. Ikkunan ulkopuolella on kiinte\u00e4 penkki. Lapset voivat keinua kahdella keinulla tai tehd\u00e4 [&hellip;]<\/p>\n","protected":false},"featured_media":0,"comment_status":"open","ping_status":"closed","template":"","meta":[],"product_brand":[],"product_cat":[32],"product_tag":[],"class_list":{"0":"post-29445","1":"product","2":"type-product","3":"status-publish","5":"product_cat-uncategorized-fi","7":"first","8":"instock","9":"shipping-taxable","10":"purchasable","11":"product-type-simple"},"_links":{"self":[{"href":"https:\/\/nordicmart.andreevmaster.com\/fi\/wp-json\/wp\/v2\/product\/29445","targetHints":{"allow":["GET"]}}],"collection":[{"href":"https:\/\/nordicmart.andreevmaster.com\/fi\/wp-json\/wp\/v2\/product"}],"about":[{"href":"https:\/\/nordicmart.andreevmaster.com\/fi\/wp-json\/wp\/v2\/types\/product"}],"replies":[{"embeddable":true,"href":"https:\/\/nordicmart.andreevmaster.com\/fi\/wp-json\/wp\/v2\/comments?post=29445"}],"wp:attachment":[{"href":"https:\/\/nordicmart.andreevmaster.com\/fi\/wp-json\/wp\/v2\/media?parent=29445"}],"wp:term":[{"taxonomy":"product_brand","embeddable":true,"href":"https:\/\/nordicmart.andreevmaster.com\/fi\/wp-json\/wp\/v2\/product_brand?post=29445"},{"taxonomy":"product_cat","embeddable":true,"href":"https:\/\/nordicmart.andreevmaster.com\/fi\/wp-json\/wp\/v2\/product_cat?post=29445"},{"taxonomy":"product_tag","embeddable":true,"href":"https:\/\/nordicmart.andreevmaster.com\/fi\/wp-json\/wp\/v2\/product_tag?post=29445"}],"curies":[{"name":"wp","href":"https:\/\/api.w.org\/{rel}","templated":true}]}}