{"id":29444,"date":"2026-02-27T00:06:52","date_gmt":"2026-02-27T00:06:52","guid":{"rendered":"https:\/\/nordicmart.andreevmaster.com\/product\/backyard-discovery-huge-atlantic-wooden-playground-2\/"},"modified":"2026-02-27T09:31:16","modified_gmt":"2026-02-27T09:31:16","slug":"backyard-discovery-huge-atlantic-wooden-playground-2","status":"publish","type":"product","link":"https:\/\/nordicmart.andreevmaster.com\/fi\/tuote\/backyard-discovery-huge-atlantic-wooden-playground-2\/","title":{"rendered":"BACKYARD DISCOVERY Huge Atlantic Wooden Playground"},"content":{"rendered":"<p>Valtava Sunnydale Backyard Discovery -leikkikentt\u00e4 on t\u00e4ydellinen lis\u00e4ys mihin tahansa puutarhaan. T\u00e4st\u00e4 l\u00e4htien puutarhassa ei ole loppua hauskanpidolle! Atlantic-puuleikkikentt\u00e4 on t\u00e4ydellinen aktiviteettikeskus, joka tarjoaa monia mahdollisuuksia hauskanpitoon. Siin\u00e4 on talon muotoinen alusta, jossa on pitk\u00e4, aaltoileva liukum\u00e4ki, jonne p\u00e4\u00e4see tikkaita tai kiipeilysein\u00e4\u00e4 pitkin, jonka yl\u00e4osassa on turvakahvat. Koko rakenne on katettu kauniilla puukatoksen, joka suojaa lasta auringolta. Lis\u00e4etu on leikkikent\u00e4n yl\u00e4kerrassa sijaitseva parveke. <\/p>\n<p>Alemassa osassa on tilava hiekkalaatikko, ikkuna, jossa on tankomainen ty\u00f6taso, ja kolme tukevaa keinuja (kaksi yhden hengen ja yksi kahden hengen). <\/p>\n<p>Tuotteen ominaisuudet: Materiaali: setripuu Yl\u00e4alustan mitat: 163 x 102 cm Parvekkeen korkeus: 122 cm Liukum\u00e4en pituus: 244 cm Hiekkalaatikon tilavuus: noin 200 kg hiekkaa<\/p>\n<p>Backyard Discovery \u2013 yli 30 vuoden ajan se on valmistanut korkealaatuisia puuleikkikentti\u00e4, jotka on usein varustettu upeilla liukum\u00e4ill\u00e4, tikkailla, keinuilla ja hiekkalaatikoilla. Tarjontaan kuuluu my\u00f6s leikkim\u00f6kkej\u00e4 ja puutarhan vapaa-ajan tuotteita.<\/p>\n","protected":false},"excerpt":{"rendered":"<p>Valtava Sunnydale Backyard Discovery -leikkikentt\u00e4 on t\u00e4ydellinen lis\u00e4ys mihin tahansa puutarhaan. T\u00e4st\u00e4 l\u00e4htien puutarhassa ei ole loppua hauskanpidolle! Atlantic-puuleikkikentt\u00e4 on t\u00e4ydellinen aktiviteettikeskus, joka tarjoaa monia mahdollisuuksia hauskanpitoon. Siin\u00e4 on talon muotoinen alusta, jossa on pitk\u00e4, aaltoileva liukum\u00e4ki, jonne p\u00e4\u00e4see tikkaita tai kiipeilysein\u00e4\u00e4 pitkin, jonka yl\u00e4osassa on turvakahvat. Koko rakenne on katettu kauniilla puukatoksen, joka suojaa [&hellip;]<\/p>\n","protected":false},"featured_media":0,"comment_status":"open","ping_status":"closed","template":"","meta":[],"product_brand":[],"product_cat":[32],"product_tag":[],"class_list":{"0":"post-29444","1":"product","2":"type-product","3":"status-publish","5":"product_cat-uncategorized-fi","7":"first","8":"instock","9":"shipping-taxable","10":"purchasable","11":"product-type-simple"},"_links":{"self":[{"href":"https:\/\/nordicmart.andreevmaster.com\/fi\/wp-json\/wp\/v2\/product\/29444","targetHints":{"allow":["GET"]}}],"collection":[{"href":"https:\/\/nordicmart.andreevmaster.com\/fi\/wp-json\/wp\/v2\/product"}],"about":[{"href":"https:\/\/nordicmart.andreevmaster.com\/fi\/wp-json\/wp\/v2\/types\/product"}],"replies":[{"embeddable":true,"href":"https:\/\/nordicmart.andreevmaster.com\/fi\/wp-json\/wp\/v2\/comments?post=29444"}],"wp:attachment":[{"href":"https:\/\/nordicmart.andreevmaster.com\/fi\/wp-json\/wp\/v2\/media?parent=29444"}],"wp:term":[{"taxonomy":"product_brand","embeddable":true,"href":"https:\/\/nordicmart.andreevmaster.com\/fi\/wp-json\/wp\/v2\/product_brand?post=29444"},{"taxonomy":"product_cat","embeddable":true,"href":"https:\/\/nordicmart.andreevmaster.com\/fi\/wp-json\/wp\/v2\/product_cat?post=29444"},{"taxonomy":"product_tag","embeddable":true,"href":"https:\/\/nordicmart.andreevmaster.com\/fi\/wp-json\/wp\/v2\/product_tag?post=29444"}],"curies":[{"name":"wp","href":"https:\/\/api.w.org\/{rel}","templated":true}]}}