{"id":29443,"date":"2026-02-27T00:06:52","date_gmt":"2026-02-27T00:06:52","guid":{"rendered":"https:\/\/nordicmart.andreevmaster.com\/product\/backyard-discovery-timberlake-puinen-leikkimokki\/"},"modified":"2026-02-27T09:31:16","modified_gmt":"2026-02-27T09:31:16","slug":"backyard-discovery-timberlake-puinen-leikkimokki","status":"publish","type":"product","link":"https:\/\/nordicmart.andreevmaster.com\/fi\/tuote\/backyard-discovery-timberlake-puinen-leikkimokki\/","title":{"rendered":"BACKYARD DISCOVERY Timberlake puinen leikkim\u00f6kki"},"content":{"rendered":"<p>Tunnettujen Backyard Discovery -tuotemerkin suuri Timberlake puinen leikkim\u00f6kki on t\u00e4ydellinen lis\u00e4ys mihin tahansa puutarhaan. T\u00e4st\u00e4 l\u00e4htien puutarhassa ei ole loppua hauskanpidolle! Timberlake-puinen leikkim\u00f6kki tarjoaa monia mahdollisuuksia hauskanpitoon. Siin\u00e4 on suuret ikkunat, jotka valaisevat sis\u00e4tiloja. Leikkim\u00f6kin etuosaa koristavat kauniit ruukunpidikkeet ja tyylikk\u00e4\u00e4t puolikkaat ovet. Leikkim\u00f6kin sis\u00e4ll\u00e4 on leikkikeitti\u00f6, jossa on leikkikeitin ja leikkialtaan, ja sein\u00e4ll\u00e4 roikkuu langaton puhelin, joka tuo varmasti lis\u00e4\u00e4 vaihtelua hauskanpitoon. Keitti\u00f6n ikkuna on t\u00e4ydellinen aterioiden tarjoiluun yst\u00e4ville. Koko talo on katettu kauniilla puukatoksen, joka suojaa lasta auringolta. Ominaisuudet: * &#8211; 3-vuotiaille ja sit\u00e4 vanhemmille, * &#8211; valmistettu setripuusta, * &#8211; sis\u00e4mitat: 94 x 94 (cm), * &#8211; talo on helppo koota ja siin\u00e4 on ainutlaatuinen T-lukitusj\u00e4rjestelm\u00e4.<\/p>\n<p>Backyard Discovery \u2013 tunnetun ja arvostetun STEP2-br\u00e4ndin omistaja \u2013 on valmistanut korkealaatuisia puutarhaleluja yli 30 vuoden ajan. Valikoimaan kuuluu puisia leikkikentti\u00e4, jotka on usein varustettu upeilla liukum\u00e4ill\u00e4, kiipeilytelineill\u00e4, keinuilla ja hiekkalaatikoilla. Backyard Discovery tarjoaa my\u00f6s leikkim\u00f6kkej\u00e4 ja vapaa-ajan tuotteita puutarhaan.<\/p>\n","protected":false},"excerpt":{"rendered":"<p>Tunnettujen Backyard Discovery -tuotemerkin suuri Timberlake puinen leikkim\u00f6kki on t\u00e4ydellinen lis\u00e4ys mihin tahansa puutarhaan. T\u00e4st\u00e4 l\u00e4htien puutarhassa ei ole loppua hauskanpidolle! Timberlake-puinen leikkim\u00f6kki tarjoaa monia mahdollisuuksia hauskanpitoon. Siin\u00e4 on suuret ikkunat, jotka valaisevat sis\u00e4tiloja. Leikkim\u00f6kin etuosaa koristavat kauniit ruukunpidikkeet ja tyylikk\u00e4\u00e4t puolikkaat ovet. Leikkim\u00f6kin sis\u00e4ll\u00e4 on leikkikeitti\u00f6, jossa on leikkikeitin ja leikkialtaan, ja sein\u00e4ll\u00e4 roikkuu [&hellip;]<\/p>\n","protected":false},"featured_media":0,"comment_status":"open","ping_status":"closed","template":"","meta":[],"product_brand":[],"product_cat":[32],"product_tag":[],"class_list":{"0":"post-29443","1":"product","2":"type-product","3":"status-publish","5":"product_cat-uncategorized-fi","7":"first","8":"instock","9":"shipping-taxable","10":"purchasable","11":"product-type-simple"},"_links":{"self":[{"href":"https:\/\/nordicmart.andreevmaster.com\/fi\/wp-json\/wp\/v2\/product\/29443","targetHints":{"allow":["GET"]}}],"collection":[{"href":"https:\/\/nordicmart.andreevmaster.com\/fi\/wp-json\/wp\/v2\/product"}],"about":[{"href":"https:\/\/nordicmart.andreevmaster.com\/fi\/wp-json\/wp\/v2\/types\/product"}],"replies":[{"embeddable":true,"href":"https:\/\/nordicmart.andreevmaster.com\/fi\/wp-json\/wp\/v2\/comments?post=29443"}],"wp:attachment":[{"href":"https:\/\/nordicmart.andreevmaster.com\/fi\/wp-json\/wp\/v2\/media?parent=29443"}],"wp:term":[{"taxonomy":"product_brand","embeddable":true,"href":"https:\/\/nordicmart.andreevmaster.com\/fi\/wp-json\/wp\/v2\/product_brand?post=29443"},{"taxonomy":"product_cat","embeddable":true,"href":"https:\/\/nordicmart.andreevmaster.com\/fi\/wp-json\/wp\/v2\/product_cat?post=29443"},{"taxonomy":"product_tag","embeddable":true,"href":"https:\/\/nordicmart.andreevmaster.com\/fi\/wp-json\/wp\/v2\/product_tag?post=29443"}],"curies":[{"name":"wp","href":"https:\/\/api.w.org\/{rel}","templated":true}]}}