{"id":29442,"date":"2026-02-27T00:06:52","date_gmt":"2026-02-27T00:06:52","guid":{"rendered":"https:\/\/nordicmart.andreevmaster.com\/product\/songmics-muoviset-liitoskappaleet-20-kpl\/"},"modified":"2026-02-27T09:31:16","modified_gmt":"2026-02-27T09:31:16","slug":"songmics-muoviset-liitoskappaleet-20-kpl","status":"publish","type":"product","link":"https:\/\/nordicmart.andreevmaster.com\/fi\/tuote\/songmics-muoviset-liitoskappaleet-20-kpl\/","title":{"rendered":"SONGMICS muoviset liitoskappaleet 20 kpl"},"content":{"rendered":"<p>Huomautukset: &#8211; Alaik\u00e4iset saavat suorittaa asennuksen vain aikuisen valvonnassa ja avustuksella. &#8211; K\u00e4yt\u00e4 liitoskappaletta vain sis\u00e4tiloissa, se on suojattava suoralta auringonvalolta. Pid\u00e4 se poissa syttymisl\u00e4hteist\u00e4 ja avotulesta. &#8211; Jotta liitokset ovat vakaita ja tukevia, kiinnit\u00e4 liitoskappaleet siten, ett\u00e4 py\u00f6re\u00e4t pinnat, joissa on logo &#8221;Songmics&#8221;, osoittavat kaikki ulosp\u00e4in. Tuotetiedot: &#8211; Py\u00f6re\u00e4n pinnan halkaisija: 3,7 cm &#8211; Paksuus: 2,5 cm &#8211; V\u00e4ri: musta &#8211; Materiaali: ABS &#8211; Paino: 10 g Toimitus sis\u00e4lt\u00e4\u00e4: &#8211; 20 x musta muovinen liitoskappale<\/p>\n","protected":false},"excerpt":{"rendered":"<p>SONGMICS 20 kpl py\u00f6reit\u00e4 muoviliittimi\u00e4 muoviliittimi\u00e4 DIY-pistokehysj\u00e4rjestelm\u00e4\u00e4n musta ALPC0B-20<\/p>\n","protected":false},"featured_media":38920,"comment_status":"open","ping_status":"closed","template":"","meta":[],"product_brand":[],"product_cat":[32],"product_tag":[],"class_list":{"0":"post-29442","1":"product","2":"type-product","3":"status-publish","4":"has-post-thumbnail","6":"product_cat-uncategorized-fi","8":"first","9":"instock","10":"shipping-taxable","11":"purchasable","12":"product-type-simple"},"_links":{"self":[{"href":"https:\/\/nordicmart.andreevmaster.com\/fi\/wp-json\/wp\/v2\/product\/29442","targetHints":{"allow":["GET"]}}],"collection":[{"href":"https:\/\/nordicmart.andreevmaster.com\/fi\/wp-json\/wp\/v2\/product"}],"about":[{"href":"https:\/\/nordicmart.andreevmaster.com\/fi\/wp-json\/wp\/v2\/types\/product"}],"replies":[{"embeddable":true,"href":"https:\/\/nordicmart.andreevmaster.com\/fi\/wp-json\/wp\/v2\/comments?post=29442"}],"wp:featuredmedia":[{"embeddable":true,"href":"https:\/\/nordicmart.andreevmaster.com\/fi\/wp-json\/wp\/v2\/media\/38920"}],"wp:attachment":[{"href":"https:\/\/nordicmart.andreevmaster.com\/fi\/wp-json\/wp\/v2\/media?parent=29442"}],"wp:term":[{"taxonomy":"product_brand","embeddable":true,"href":"https:\/\/nordicmart.andreevmaster.com\/fi\/wp-json\/wp\/v2\/product_brand?post=29442"},{"taxonomy":"product_cat","embeddable":true,"href":"https:\/\/nordicmart.andreevmaster.com\/fi\/wp-json\/wp\/v2\/product_cat?post=29442"},{"taxonomy":"product_tag","embeddable":true,"href":"https:\/\/nordicmart.andreevmaster.com\/fi\/wp-json\/wp\/v2\/product_tag?post=29442"}],"curies":[{"name":"wp","href":"https:\/\/api.w.org\/{rel}","templated":true}]}}