{"id":29441,"date":"2026-02-27T00:06:52","date_gmt":"2026-02-27T00:06:52","guid":{"rendered":"https:\/\/nordicmart.andreevmaster.com\/product\/rondi-mesh-tyotuoli-mesh-anyfix-mekanismi-musta\/"},"modified":"2026-02-27T09:31:16","modified_gmt":"2026-02-27T09:31:16","slug":"rondi-mesh-tyotuoli-mesh-anyfix-mekanismi-musta","status":"publish","type":"product","link":"https:\/\/nordicmart.andreevmaster.com\/fi\/tuote\/rondi-mesh-tyotuoli-mesh-anyfix-mekanismi-musta\/","title":{"rendered":"Rondi Mesh -ty\u00f6tuoli, Mesh Anyfix -mekanismi, musta"},"content":{"rendered":"<p>RONDI Roger -nojatuoli on korkealaatuinen tuoli, jossa yhdistyv\u00e4t mukavuus ja toiminnallisuus. Sen t\u00e4rkein ominaisuus on verkkotukea, joka tarjoaa optimaalisen ilmanvaihdon ja tuen. Lis\u00e4ksi tuolissa on s\u00e4\u00e4dett\u00e4v\u00e4 p\u00e4\u00e4ntuki ja lannerangan tuki, jotka voidaan helposti s\u00e4\u00e4t\u00e4\u00e4 tarpeidesi mukaan. Laaja istuin, joka on verhoiltu korkealaatuisella kankaalla, tarjoaa lis\u00e4\u00e4 mukavuutta pitk\u00e4\u00e4n istumiseen. Pehmeill\u00e4 tyynyill\u00e4 verhoillut muoviset k\u00e4sinojat voidaan my\u00f6s s\u00e4\u00e4t\u00e4\u00e4 korkeudeltaan sopimaan k\u00e4siisi t\u00e4ydellisesti. RONDI Roger on varustettu M-2 (Anyfix) -mekanismilla, jonka avulla voit helposti s\u00e4\u00e4t\u00e4\u00e4 tuolin korkeutta ja lukita sen mihin tahansa kallistusasentoon. Lis\u00e4kallistuksen j\u00e4ykkyyden s\u00e4\u00e4t\u00f6 auttaa sinua s\u00e4\u00e4t\u00e4m\u00e4\u00e4n tuolin istumistyyliisi sopivaksi. Tyylik\u00e4s kromattu poikkipalkki ja kaasujousi antavat tuolille eleganssia, ja kumip\u00e4\u00e4llysteiset py\u00f6r\u00e4t takaavat hiljaisen ja turvallisen liikkumisen. RONDI Roger ei ole tavallinen tuoli, vaan se on modernin toimiston mukavuuden ja toiminnallisuuden ruumiillistuma. Huomaa, ett\u00e4 tuoli toimitetaan purettuna. Kokoonpano vie vain v\u00e4h\u00e4n aikaa, ja toimituspaketti sis\u00e4lt\u00e4\u00e4 kaikki tarvittavat osat.<\/p>\n","protected":false},"excerpt":{"rendered":"<p>Malli: Roger<br \/>\nMuunnos: Roger Chrome<br \/>\nKallistusmekanismi: M-2 (Anyfix)<br \/>\nSelk\u00e4nojan kallistuksen s\u00e4\u00e4t\u00f6: Miss\u00e4 tahansa asennossa<br \/>\nSelk\u00e4nojan kulma: Jopa 135 astetta<br \/>\nVerhoilumateriaali: Kangas + Mesh<br \/>\nVerhoilumateriaalin v\u00e4ri: Musta<br \/>\nK\u00e4sinojat: Muovi, pehme\u00e4t tyynyt; korkeuss\u00e4\u00e4t\u00f6<br \/>\nTuolin jalusta: Kromattu, metalli<br \/>\nPy\u00f6r\u00e4t: Kumip\u00e4\u00e4llysteiset<br \/>\nTuotteen v\u00e4himm\u00e4iskorkeus: 1160 mm<br \/>\nTuotteen enimm\u00e4iskorkeus: 1280 mm<br \/>\nIstuimen v\u00e4himm\u00e4iskorkeus: 470 mm<br \/>\nIstuimen enimm\u00e4iskorkeus: 560 mm<br \/>\nSelk\u00e4nojan korkeus: 710 mm<br \/>\nV\u00e4himm\u00e4iskorkeus lattiasta k\u00e4sinojiin: 640 mm<br \/>\nEnimm\u00e4iskorkeus lattiasta k\u00e4sinojiin: 820 mm<br \/>\nK\u00e4sinojan korkeus: 150\u2013260 mm<br \/>\nK\u00e4sinojan pituus: 240 mm<br \/>\nK\u00e4sinojien v\u00e4linen et\u00e4isyys: 500 mm<br \/>\nIstuimen leveys: 500 mm<br \/>\nIstuimen syvyys: 490 mm<br \/>\nTuotteen leveys: 660 mm<br \/>\nTuotteen syvyys: 640 mm<br \/>\nP\u00e4\u00e4ntuen leveys: 290 mm<br \/>\nP\u00e4\u00e4ntuen korkeus: 160\u2013210 mm<br \/>\nEnimm\u00e4iskuormitus: 120 kg<br \/>\nTuotteen paino: 12,6 kg<br \/>\nPakkauksen mitat: 700 x 330 x 590 mm<\/p>\n","protected":false},"featured_media":0,"comment_status":"open","ping_status":"closed","template":"","meta":[],"product_brand":[],"product_cat":[32],"product_tag":[],"class_list":{"0":"post-29441","1":"product","2":"type-product","3":"status-publish","5":"product_cat-uncategorized-fi","7":"first","8":"instock","9":"shipping-taxable","10":"purchasable","11":"product-type-simple"},"_links":{"self":[{"href":"https:\/\/nordicmart.andreevmaster.com\/fi\/wp-json\/wp\/v2\/product\/29441","targetHints":{"allow":["GET"]}}],"collection":[{"href":"https:\/\/nordicmart.andreevmaster.com\/fi\/wp-json\/wp\/v2\/product"}],"about":[{"href":"https:\/\/nordicmart.andreevmaster.com\/fi\/wp-json\/wp\/v2\/types\/product"}],"replies":[{"embeddable":true,"href":"https:\/\/nordicmart.andreevmaster.com\/fi\/wp-json\/wp\/v2\/comments?post=29441"}],"wp:attachment":[{"href":"https:\/\/nordicmart.andreevmaster.com\/fi\/wp-json\/wp\/v2\/media?parent=29441"}],"wp:term":[{"taxonomy":"product_brand","embeddable":true,"href":"https:\/\/nordicmart.andreevmaster.com\/fi\/wp-json\/wp\/v2\/product_brand?post=29441"},{"taxonomy":"product_cat","embeddable":true,"href":"https:\/\/nordicmart.andreevmaster.com\/fi\/wp-json\/wp\/v2\/product_cat?post=29441"},{"taxonomy":"product_tag","embeddable":true,"href":"https:\/\/nordicmart.andreevmaster.com\/fi\/wp-json\/wp\/v2\/product_tag?post=29441"}],"curies":[{"name":"wp","href":"https:\/\/api.w.org\/{rel}","templated":true}]}}