{"id":29440,"date":"2026-02-27T00:06:51","date_gmt":"2026-02-27T00:06:51","guid":{"rendered":"https:\/\/nordicmart.andreevmaster.com\/product\/rondi-tyotuoli-keinotekoinen-pu-nahka-kallistusmekanismi-musta\/"},"modified":"2026-02-27T09:31:16","modified_gmt":"2026-02-27T09:31:16","slug":"rondi-tyotuoli-keinotekoinen-pu-nahka-kallistusmekanismi-musta","status":"publish","type":"product","link":"https:\/\/nordicmart.andreevmaster.com\/fi\/tuote\/rondi-tyotuoli-keinotekoinen-pu-nahka-kallistusmekanismi-musta\/","title":{"rendered":"Rondi-ty\u00f6tuoli, keinotekoinen PU-nahka, kallistusmekanismi, musta"},"content":{"rendered":"<p>RONDI Cagliari Chrome -tuoli \u2013 moderni malli toimisto- ja kotity\u00f6tiloihin. Tyylik\u00e4s selk\u00e4noja, jossa on mutka alasel\u00e4ss\u00e4, tarjoaa tarvittavan rentoutuksen ja kevent\u00e4\u00e4 selk\u00e4rangan kuormitusta. Tyylik\u00e4s muotoilu, korkealaatuiset materiaalit \u2013 t\u00e4m\u00e4 tuoli on huomion arvoinen. K\u00e4ytet\u00e4\u00e4n sek\u00e4 mukavaan ty\u00f6skentelyyn ett\u00e4 lepoon tauon aikana. Tuolin verhoilu on valmistettu korkealaatuisesta keinonahasta (PU) klassisessa mustassa v\u00e4riss\u00e4. Kromatut k\u00e4sinojat on varustettu pehmeill\u00e4 tyynyill\u00e4, joiden ansiosta voit nojata mukavasti miss\u00e4 tahansa asennossa ja asettaa k\u00e4tesi mukavasti lepohetkell\u00e4. Mukavan istuimen lis\u00e4ksi t\u00e4m\u00e4 malli on varustettu M-1 (Tilt) -mekanismilla. Tukeva, 1,4 mm paksu kromattu poikkipalkki kumipinnoitetuilla py\u00f6rill\u00e4 mahdollistaa tuolin turvallisen ja hiljaisen siirt\u00e4misen eri pinnoilla ilman pelkoa niiden vahingoittumisesta. Huomaa, ett\u00e4 tuoli toimitetaan purettuna. Kokoonpano vie vain v\u00e4h\u00e4n aikaa, ja toimituspaketti sis\u00e4lt\u00e4\u00e4 kaikki tarvittavat osat.<\/p>\n","protected":false},"excerpt":{"rendered":"<p>Malli: Cagliari<br \/>\nMuutos: Cagliari Chrome<br \/>\nKallistusmekanismi: M-1 (kallistus)<br \/>\nVerhoilumateriaali: Ekonaahka<br \/>\nVerhoilumateriaalin v\u00e4ri: Musta<br \/>\nK\u00e4sinojat Metalli, kromattu, pehmeill\u00e4 tyynyill\u00e4<br \/>\nTuolin jalusta: Metalli, kromattu<br \/>\nPy\u00f6r\u00e4t: Kumip\u00e4\u00e4llysteiset<br \/>\nTuotteen v\u00e4himm\u00e4iskorkeus: 1160 mm<br \/>\nTuotteen enimm\u00e4iskorkeus: 1250 mm<br \/>\nIstuimen v\u00e4himm\u00e4iskorkeus: 490 mm<br \/>\nIstuimen enimm\u00e4iskorkeus: 580 mm<br \/>\nSelk\u00e4nojan korkeus: 690 mm<br \/>\nV\u00e4himm\u00e4iskorkeus lattiasta k\u00e4sinojiin: 730 mm<br \/>\nEnimm\u00e4iskorkeus lattiasta k\u00e4sinojiin: 820 mm<br \/>\nK\u00e4sinojan korkeus: 280 mm<br \/>\nK\u00e4sinojan pituus: 430 mm<br \/>\nK\u00e4sinojien v\u00e4linen et\u00e4isyys: 500 mm<br \/>\nIstuimen leveys: 500 mm<br \/>\nIstuimen syvyys: 520 mm<br \/>\nTuotteen leveys: 620 mm<br \/>\nTuotteen syvyys: 590 mm<br \/>\nTuotteen paino: 16 kg<br \/>\nPakkauksen mitat: 840 x 340 x 650 mm<br \/>\nPakkauksen tilavuus: 0,19 m3<\/p>\n","protected":false},"featured_media":0,"comment_status":"open","ping_status":"closed","template":"","meta":[],"product_brand":[],"product_cat":[32],"product_tag":[],"class_list":{"0":"post-29440","1":"product","2":"type-product","3":"status-publish","5":"product_cat-uncategorized-fi","7":"first","8":"instock","9":"shipping-taxable","10":"purchasable","11":"product-type-simple"},"_links":{"self":[{"href":"https:\/\/nordicmart.andreevmaster.com\/fi\/wp-json\/wp\/v2\/product\/29440","targetHints":{"allow":["GET"]}}],"collection":[{"href":"https:\/\/nordicmart.andreevmaster.com\/fi\/wp-json\/wp\/v2\/product"}],"about":[{"href":"https:\/\/nordicmart.andreevmaster.com\/fi\/wp-json\/wp\/v2\/types\/product"}],"replies":[{"embeddable":true,"href":"https:\/\/nordicmart.andreevmaster.com\/fi\/wp-json\/wp\/v2\/comments?post=29440"}],"wp:attachment":[{"href":"https:\/\/nordicmart.andreevmaster.com\/fi\/wp-json\/wp\/v2\/media?parent=29440"}],"wp:term":[{"taxonomy":"product_brand","embeddable":true,"href":"https:\/\/nordicmart.andreevmaster.com\/fi\/wp-json\/wp\/v2\/product_brand?post=29440"},{"taxonomy":"product_cat","embeddable":true,"href":"https:\/\/nordicmart.andreevmaster.com\/fi\/wp-json\/wp\/v2\/product_cat?post=29440"},{"taxonomy":"product_tag","embeddable":true,"href":"https:\/\/nordicmart.andreevmaster.com\/fi\/wp-json\/wp\/v2\/product_tag?post=29440"}],"curies":[{"name":"wp","href":"https:\/\/api.w.org\/{rel}","templated":true}]}}