{"id":29438,"date":"2026-02-27T00:06:51","date_gmt":"2026-02-27T00:06:51","guid":{"rendered":"https:\/\/nordicmart.andreevmaster.com\/product\/rondi-tyotuoli-keinotekoinen-pu-nahka-anyfix-mekanismi-musta\/"},"modified":"2026-02-27T09:31:15","modified_gmt":"2026-02-27T09:31:15","slug":"rondi-tyotuoli-keinotekoinen-pu-nahka-anyfix-mekanismi-musta","status":"publish","type":"product","link":"https:\/\/nordicmart.andreevmaster.com\/fi\/tuote\/rondi-tyotuoli-keinotekoinen-pu-nahka-anyfix-mekanismi-musta\/","title":{"rendered":"Rondi-ty\u00f6tuoli, keinotekoinen PU-nahka, Anyfix-mekanismi, musta"},"content":{"rendered":"<p>RONDI Senator -tuoli \u2013 statuksen, tyylin ja mukavuuden ruumiillistuma. T\u00e4m\u00e4 malli auttaa sinua luomaan tyylikk\u00e4\u00e4n tilan ty\u00f6h\u00f6n tai vapaa-aikaan yhdist\u00e4m\u00e4ll\u00e4 klassisen tyylin ja modernit trendit. Tuoli on koristeltu kromielementeill\u00e4, jotka sopivat t\u00e4ydellisesti yhteen korkealaatuisen keinonahan kanssa. Senator-tuolin muotoilu erottuu monipuolisuudestaan ja hienostuneisuudestaan. Pehme\u00e4t siluettilinjat, V-muotoinen selk\u00e4noja ja kromatut k\u00e4sinojat luovat ylellisen sinfonian sisustukseesi. Ergonominen muotoilu on luotu kehon anatomisten ominaisuuksien perusteella, mik\u00e4 takaa mukavan asennon koko ty\u00f6p\u00e4iv\u00e4n ajan. Pehme\u00e4 istuin ymp\u00e4r\u00f6i kehosi, ja leve\u00e4, suuri p\u00e4\u00e4ntuki ja sivutuki varmistavat oikean asennon ja sel\u00e4n terveyden. Pehme\u00e4t k\u00e4sinojien pehmusteet lis\u00e4\u00e4v\u00e4t k\u00e4sien mukavuutta. Tuolin materiaali ansaitsee erityisen maininnan \u2013 keinonahka. Se vastaa ominaisuuksiltaan luonnonnahkaa: se on kulutusta kest\u00e4v\u00e4, joustava, &#8221;hengitt\u00e4v\u00e4&#8221; ja helppo huoltaa. Ja mik\u00e4 t\u00e4rkeint\u00e4 \u2013 se on edullinen. Tuolin M-2 (Anyfix) kallistusmekanismi tarjoaa lis\u00e4\u00e4 mukavuutta ty\u00f6n aikana, sill\u00e4 sen avulla selk\u00e4nojan voi lukita mihin tahansa asentoon. Lis\u00e4ksi korkeutta voidaan s\u00e4\u00e4t\u00e4\u00e4 helposti kaasujousella. Mekanismiin kuuluu mukava lis\u00e4ominaisuus \u2013 k\u00e4ytt\u00e4j\u00e4n painon s\u00e4\u00e4t\u00f6 istuimen alla olevan py\u00f6re\u00e4n kahvan avulla. Senator-tuolissa on kest\u00e4v\u00e4 kromattu poikkipalkki, joka takaa rakenteen vakauden ja luotettavuuden. Kumipinnoitetut py\u00f6r\u00e4t helpottavat tuolin siirt\u00e4mist\u00e4 ja takaavat k\u00e4yt\u00f6n turvallisuuden. Senator-tuoli on klassisen tyylik\u00e4s ja elegantti, ja siin\u00e4 on upeita kromaattisia yksityiskohtia. Huomaa, ett\u00e4 tuoli toimitetaan purettuna. Kokoonpano vie vain v\u00e4h\u00e4n aikaa, ja toimituspaketti sis\u00e4lt\u00e4\u00e4 kaikki tarvittavat osat.<\/p>\n","protected":false},"excerpt":{"rendered":"<p>Malli: Senator<br \/>\nMuutos: Senator Chrome<br \/>\nKallistusmekanismi: M-2 (Anyfix)<br \/>\nSelk\u00e4nojan kallistuksen s\u00e4\u00e4t\u00f6: Miss\u00e4 tahansa asennossa<br \/>\nSelk\u00e4nojan kulma: jopa 115 astetta<br \/>\nVerhoilumateriaali: Ekok\u00e4si<br \/>\nVerhoilumateriaalin v\u00e4ri: Musta<br \/>\nK\u00e4sinojat: Kromattu, metalli pehmeill\u00e4 tyynyill\u00e4<br \/>\nTuolin jalusta: Kromattu, metalli<br \/>\nPy\u00f6r\u00e4t: Kumip\u00e4\u00e4llysteiset<br \/>\nTuotteen v\u00e4himm\u00e4iskorkeus: 1180 mm<br \/>\nTuotteen enimm\u00e4iskorkeus: 1250 mm<br \/>\nIstuimen v\u00e4himm\u00e4iskorkeus: 550 mm<br \/>\nIstuimen enimm\u00e4iskorkeus: 620 mm<br \/>\nSelk\u00e4nojan korkeus: 750 mm<br \/>\nV\u00e4himm\u00e4iskorkeus lattiasta k\u00e4sinojiin: 730 mm<br \/>\nEnimm\u00e4iskorkeus lattiasta k\u00e4sinojiin: 800 mm<br \/>\nK\u00e4sinojan korkeus: 200 mm<br \/>\nK\u00e4sinojan pituus: 420 mm<br \/>\nK\u00e4sinojien v\u00e4linen et\u00e4isyys: 550 mm<br \/>\nIstuimen leveys: 540 mm<br \/>\nIstuimen syvyys: 550 mm<br \/>\nTuotteen leveys: 650 mm<br \/>\nTuotteen syvyys: 630 mm<br \/>\nTuotteen paino: 20 kg<br \/>\nPakkauksen mitat: 900 x 355 x 650 mm<br \/>\nPakkauksen tilavuus: 0,21 m\u00b3<\/p>\n","protected":false},"featured_media":0,"comment_status":"open","ping_status":"closed","template":"","meta":[],"product_brand":[],"product_cat":[32],"product_tag":[],"class_list":{"0":"post-29438","1":"product","2":"type-product","3":"status-publish","5":"product_cat-uncategorized-fi","7":"first","8":"instock","9":"shipping-taxable","10":"purchasable","11":"product-type-simple"},"_links":{"self":[{"href":"https:\/\/nordicmart.andreevmaster.com\/fi\/wp-json\/wp\/v2\/product\/29438","targetHints":{"allow":["GET"]}}],"collection":[{"href":"https:\/\/nordicmart.andreevmaster.com\/fi\/wp-json\/wp\/v2\/product"}],"about":[{"href":"https:\/\/nordicmart.andreevmaster.com\/fi\/wp-json\/wp\/v2\/types\/product"}],"replies":[{"embeddable":true,"href":"https:\/\/nordicmart.andreevmaster.com\/fi\/wp-json\/wp\/v2\/comments?post=29438"}],"wp:attachment":[{"href":"https:\/\/nordicmart.andreevmaster.com\/fi\/wp-json\/wp\/v2\/media?parent=29438"}],"wp:term":[{"taxonomy":"product_brand","embeddable":true,"href":"https:\/\/nordicmart.andreevmaster.com\/fi\/wp-json\/wp\/v2\/product_brand?post=29438"},{"taxonomy":"product_cat","embeddable":true,"href":"https:\/\/nordicmart.andreevmaster.com\/fi\/wp-json\/wp\/v2\/product_cat?post=29438"},{"taxonomy":"product_tag","embeddable":true,"href":"https:\/\/nordicmart.andreevmaster.com\/fi\/wp-json\/wp\/v2\/product_tag?post=29438"}],"curies":[{"name":"wp","href":"https:\/\/api.w.org\/{rel}","templated":true}]}}