{"id":29437,"date":"2026-02-27T00:06:51","date_gmt":"2026-02-27T00:06:51","guid":{"rendered":"https:\/\/nordicmart.andreevmaster.com\/product\/axi-sand-digger-360-kaantyva-istuin-enintaan-50-kg\/"},"modified":"2026-02-27T09:31:15","modified_gmt":"2026-02-27T09:31:15","slug":"axi-sand-digger-360-kaantyva-istuin-enintaan-50-kg","status":"publish","type":"product","link":"https:\/\/nordicmart.andreevmaster.com\/fi\/tuote\/axi-sand-digger-360-kaantyva-istuin-enintaan-50-kg\/","title":{"rendered":"AXI Sand Digger 360\u00b0 k\u00e4\u00e4ntyv\u00e4 istuin, enint\u00e4\u00e4n 50 kg"},"content":{"rendered":"<p>### AXI Dean \u2013 Keltainen hiekkakaivuri<\/p>\n<p>\u2714 Tukeva metallirakenne<\/p>\n<p>\u2714 Liikkuva runko kaivamista varten<\/p>\n<p>\u2714 CE-sertifioitu ja EN 71 -standardien mukainen<\/p>\n<p>\u2714 Enimm\u00e4iskuorma: 50 kg \u2013 ihanteellinen 3-vuotiaille ja sit\u00e4 vanhemmille lapsille<\/p>\n<p>Ominaisuudet:<\/p>\n<p>&#8211; 360\u00b0 k\u00e4\u00e4ntyv\u00e4 istuin \u2013 t\u00e4ydellinen liikkumisvapaus, aivan kuin oikeassa kaivinkoneessa!<\/p>\n<p>&#8211; Ergonominen, mukava istuin<\/p>\n<p>&#8211; Kevyt mutta vakaa rakenne<\/p>\n<p>&#8211; Helppo koota ja selke\u00e4t ohjeet<\/p>\n<p>### Tekniset tiedot:<\/p>\n<p>\u2714 Kaivinkoneen mitat (P x L x K): 121 x 39 x 63 cm \u2714 Kauhan mitat (P x L x K): 12 x 12 x 13 cm \u2714 Istuimen mitat: 20 x 19 cm \u2714 Istuimen korkeus: 45 cm \u2714 Py\u00f6r\u00e4n halkaisija: 10 cm \u2714 Paino: 6,75 kg<\/p>\n","protected":false},"excerpt":{"rendered":"<p>### AXI Dean \u2013 Keltainen hiekkakaivuri \u2714 Tukeva metallirakenne \u2714 Liikkuva runko kaivamista varten \u2714 CE-sertifioitu ja EN 71 -standardien mukainen \u2714 Enimm\u00e4iskuorma: 50 kg \u2013 ihanteellinen 3-vuotiaille ja sit\u00e4 vanhemmille lapsille Ominaisuudet: &#8211; 360\u00b0 k\u00e4\u00e4ntyv\u00e4 istuin \u2013 t\u00e4ydellinen liikkumisvapaus, aivan kuin oikeassa kaivinkoneessa! &#8211; Ergonominen, mukava istuin &#8211; Kevyt mutta vakaa rakenne &#8211; Helppo [&hellip;]<\/p>\n","protected":false},"featured_media":0,"comment_status":"open","ping_status":"closed","template":"","meta":[],"product_brand":[],"product_cat":[32],"product_tag":[],"class_list":{"0":"post-29437","1":"product","2":"type-product","3":"status-publish","5":"product_cat-uncategorized-fi","7":"first","8":"instock","9":"shipping-taxable","10":"purchasable","11":"product-type-simple"},"_links":{"self":[{"href":"https:\/\/nordicmart.andreevmaster.com\/fi\/wp-json\/wp\/v2\/product\/29437","targetHints":{"allow":["GET"]}}],"collection":[{"href":"https:\/\/nordicmart.andreevmaster.com\/fi\/wp-json\/wp\/v2\/product"}],"about":[{"href":"https:\/\/nordicmart.andreevmaster.com\/fi\/wp-json\/wp\/v2\/types\/product"}],"replies":[{"embeddable":true,"href":"https:\/\/nordicmart.andreevmaster.com\/fi\/wp-json\/wp\/v2\/comments?post=29437"}],"wp:attachment":[{"href":"https:\/\/nordicmart.andreevmaster.com\/fi\/wp-json\/wp\/v2\/media?parent=29437"}],"wp:term":[{"taxonomy":"product_brand","embeddable":true,"href":"https:\/\/nordicmart.andreevmaster.com\/fi\/wp-json\/wp\/v2\/product_brand?post=29437"},{"taxonomy":"product_cat","embeddable":true,"href":"https:\/\/nordicmart.andreevmaster.com\/fi\/wp-json\/wp\/v2\/product_cat?post=29437"},{"taxonomy":"product_tag","embeddable":true,"href":"https:\/\/nordicmart.andreevmaster.com\/fi\/wp-json\/wp\/v2\/product_tag?post=29437"}],"curies":[{"name":"wp","href":"https:\/\/api.w.org\/{rel}","templated":true}]}}