{"id":29436,"date":"2026-02-27T00:06:51","date_gmt":"2026-02-27T00:06:51","guid":{"rendered":"https:\/\/nordicmart.andreevmaster.com\/product\/axi-emily-piknikpoyta-penkilla-pesualtaalla-ja-hanoilla-seka-vesi-hiekkasailioilla\/"},"modified":"2026-02-27T09:31:15","modified_gmt":"2026-02-27T09:31:15","slug":"axi-emily-piknikpoyta-penkilla-pesualtaalla-ja-hanoilla-seka-vesi-hiekkasailioilla","status":"publish","type":"product","link":"https:\/\/nordicmart.andreevmaster.com\/fi\/tuote\/axi-emily-piknikpoyta-penkilla-pesualtaalla-ja-hanoilla-seka-vesi-hiekkasailioilla\/","title":{"rendered":"AXI Emily -piknikp\u00f6yt\u00e4 penkill\u00e4, pesualtaalla ja hanoilla sek\u00e4 vesi-\/hiekkas\u00e4ili\u00f6ill\u00e4"},"content":{"rendered":"<p>### Emily Sand &#038; Water \u2013 Piknikp\u00f6yt\u00e4<\/p>\n<p>Tutustu ainutlaatuiseen 3-in-1-piknikp\u00f6yt\u00e4\u00e4n, joka yhdist\u00e4\u00e4 hauskanpidon veden, hiekan ja ruoanlaiton parissa! AXI:n Emily-malli on t\u00e4ydellinen ratkaisu puutarhaan \u2013 se stimuloi lasten luovuutta ja tarjoaa tuntikausia loistavaa ulkoilmahuvia!<\/p>\n<p>Ominaisuudet:<\/p>\n<p>* &#8211; Monik\u00e4ytt\u00f6inen piknikp\u00f6yt\u00e4, jossa piilotettu tila hiekka- ja vesileikkeihin<br \/>\n* &#8211; Irrotettava 8 litran tarjotin \u2013 helppo t\u00e4ytt\u00e4\u00e4 ja puhdistaa<br \/>\n* &#8211; Toimiva pesuallas pumpulla ja viem\u00e4rill\u00e4 \u2013 toimii napin painalluksella<br \/>\n* &#8211; Tukeva 100 % FSC Hemlock -puu \u2013 s\u00e4\u00e4nkest\u00e4v\u00e4 ja biohajoava<br \/>\n* &#8211; Turvallinen muotoilu \u2013 CE- ja EN 71 -standardien mukainen<br \/>\n* &#8211; Helppo koota \u2013 osittain esikootut osat<br \/>\n* &#8211; Maksimikuormitus: 100 kg penkki\u00e4 kohden<br \/>\n* &#8211; Soveltuu 3\u201310-vuotiaille lapsille<\/p>\n<p>Setti sis\u00e4lt\u00e4\u00e4:<\/p>\n<p>* &#8211; 1 x piknikp\u00f6yt\u00e4 leikkitoiminnolla<br \/>\n* &#8211; 1 x irrotettava tarjotin hiekalle tai vedelle<br \/>\n* &#8211; 1 x pesuallas vesipumpulla<br \/>\n* &#8211; 2 x lautasta<br \/>\n* &#8211; 1 x teline<br \/>\n* &#8211; 1 x leikkuulauta<br \/>\n* &#8211; 1 x veitsi<br \/>\n* &#8211; 6 x vihanneksia ja hedelmi\u00e4 (puoliksi leikattuja, tarrakiinnityksell\u00e4)<\/p>\n<p>Mitat:<\/p>\n<p>* &#8211; Kokonaismitat: 95 \u00d7 97,5 \u00d7 50 cm<br \/>\n* &#8211; P\u00f6yt\u00e4levy: 95 \u00d7 43 cm<br \/>\n* &#8211; Istuinkorkeus: 27,5 cm<\/p>\n<p>&#8211; Kokonaismitat: 95 \u00d7 97,5 \u00d7 50 cm<\/p>\n<p>&#8211; P\u00f6yt\u00e4levy: 95 \u00d7 43 cm<\/p>\n<p>&#8211; Istuinkorkeus: 27,5 cm<\/p>\n","protected":false},"excerpt":{"rendered":"<p>### Emily Sand &#038; Water \u2013 Piknikp\u00f6yt\u00e4 Tutustu ainutlaatuiseen 3-in-1-piknikp\u00f6yt\u00e4\u00e4n, joka yhdist\u00e4\u00e4 hauskanpidon veden, hiekan ja ruoanlaiton parissa! AXI:n Emily-malli on t\u00e4ydellinen ratkaisu puutarhaan \u2013 se stimuloi lasten luovuutta ja tarjoaa tuntikausia loistavaa ulkoilmahuvia! Ominaisuudet: * &#8211; Monik\u00e4ytt\u00f6inen piknikp\u00f6yt\u00e4, jossa piilotettu tila hiekka- ja vesileikkeihin * &#8211; Irrotettava 8 litran tarjotin \u2013 helppo t\u00e4ytt\u00e4\u00e4 ja [&hellip;]<\/p>\n","protected":false},"featured_media":0,"comment_status":"open","ping_status":"closed","template":"","meta":[],"product_brand":[],"product_cat":[32],"product_tag":[],"class_list":{"0":"post-29436","1":"product","2":"type-product","3":"status-publish","5":"product_cat-uncategorized-fi","7":"first","8":"instock","9":"shipping-taxable","10":"purchasable","11":"product-type-simple"},"_links":{"self":[{"href":"https:\/\/nordicmart.andreevmaster.com\/fi\/wp-json\/wp\/v2\/product\/29436","targetHints":{"allow":["GET"]}}],"collection":[{"href":"https:\/\/nordicmart.andreevmaster.com\/fi\/wp-json\/wp\/v2\/product"}],"about":[{"href":"https:\/\/nordicmart.andreevmaster.com\/fi\/wp-json\/wp\/v2\/types\/product"}],"replies":[{"embeddable":true,"href":"https:\/\/nordicmart.andreevmaster.com\/fi\/wp-json\/wp\/v2\/comments?post=29436"}],"wp:attachment":[{"href":"https:\/\/nordicmart.andreevmaster.com\/fi\/wp-json\/wp\/v2\/media?parent=29436"}],"wp:term":[{"taxonomy":"product_brand","embeddable":true,"href":"https:\/\/nordicmart.andreevmaster.com\/fi\/wp-json\/wp\/v2\/product_brand?post=29436"},{"taxonomy":"product_cat","embeddable":true,"href":"https:\/\/nordicmart.andreevmaster.com\/fi\/wp-json\/wp\/v2\/product_cat?post=29436"},{"taxonomy":"product_tag","embeddable":true,"href":"https:\/\/nordicmart.andreevmaster.com\/fi\/wp-json\/wp\/v2\/product_tag?post=29436"}],"curies":[{"name":"wp","href":"https:\/\/api.w.org\/{rel}","templated":true}]}}