{"id":29435,"date":"2026-02-27T00:06:50","date_gmt":"2026-02-27T00:06:50","guid":{"rendered":"https:\/\/nordicmart.andreevmaster.com\/product\/axi-puinen-hiekkalaatikko-katolla-lukittava-penkkeilla\/"},"modified":"2026-02-27T09:31:15","modified_gmt":"2026-02-27T09:31:15","slug":"axi-puinen-hiekkalaatikko-katolla-lukittava-penkkeilla","status":"publish","type":"product","link":"https:\/\/nordicmart.andreevmaster.com\/fi\/tuote\/axi-puinen-hiekkalaatikko-katolla-lukittava-penkkeilla\/","title":{"rendered":"AXI Puinen hiekkalaatikko katolla, lukittava, penkkeill\u00e4"},"content":{"rendered":"<p>### Lily-hiekkalaatikko katolla<\/p>\n<p>\u2714 AXI:n Lily-hiekkalaatikko on t\u00e4ydellinen valinta vanhemmille, jotka haluavat tarjota lapsilleen mukavan ja turvallisen paikan leikki\u00e4 ulkona \u2714 S\u00e4\u00e4dett\u00e4v\u00e4n katoksen ja kest\u00e4v\u00e4n luonnonpuurakenteen ansiosta t\u00e4m\u00e4 tuote palvelee sinua monien vuosien ajan \u2714 Valmistettu 100 % FSC-sertifioidusta hemlock-puusta, joka on luonnostaan s\u00e4\u00e4nkest\u00e4v\u00e4, ei halkeile ja ei vaadi ylim\u00e4\u00e4r\u00e4ist\u00e4 huoltoa \u2714 Hiekkalaatikko on CE-sertifioitu ja t\u00e4ytt\u00e4\u00e4 eurooppalaiset turvallisuusstandardit EN 71<\/p>\n<p>#### Ominaisuudet:<\/p>\n<p>&#8211; S\u00e4\u00e4dett\u00e4v\u00e4 2-in-1-katos \u2013 valmistettu vedenpit\u00e4v\u00e4st\u00e4 polyesterist\u00e4 (280 g\/m\u00b2) UV50-suojauksella, joka suojaa lapsia auringolta ja sateelta. Sen kallistuskulmaa on helppo s\u00e4\u00e4t\u00e4\u00e4, ja leikin j\u00e4lkeen se voidaan laskea alas suojaamaan hiekkalaatikkoa. &#8211; Tilavuus noin 225 kg hiekkaa &#8211; Mukana k\u00e4yt\u00e4nn\u00f6llinen vuori \u2013 est\u00e4\u00e4 rikkaruohojen kasvun ja pit\u00e4\u00e4 hiekan puhtaana, mutta p\u00e4\u00e4st\u00e4\u00e4 veden valumaan vapaasti. &#8211; Helppo koota \u2013 osittain esikoottujen osien ansiosta hiekkalaatikon kokoaminen on nopeaa ja intuitiivista.Tekniset tiedot: \u2714 Mitat: 118 x 118 x 118 cm \u2714 Enimm\u00e4iskuorma: 50 kg \u2714 Tilavuus noin 225 kg hiekkaa \u2714 K\u00e4ytt\u00f6tarkoitus: 18 kuukauden ik\u00e4isille lapsille<\/p>\n","protected":false},"excerpt":{"rendered":"<p>### Lily-hiekkalaatikko katolla \u2714 AXI:n Lily-hiekkalaatikko on t\u00e4ydellinen valinta vanhemmille, jotka haluavat tarjota lapsilleen mukavan ja turvallisen paikan leikki\u00e4 ulkona \u2714 S\u00e4\u00e4dett\u00e4v\u00e4n katoksen ja kest\u00e4v\u00e4n luonnonpuurakenteen ansiosta t\u00e4m\u00e4 tuote palvelee sinua monien vuosien ajan \u2714 Valmistettu 100 % FSC-sertifioidusta hemlock-puusta, joka on luonnostaan s\u00e4\u00e4nkest\u00e4v\u00e4, ei halkeile ja ei vaadi ylim\u00e4\u00e4r\u00e4ist\u00e4 huoltoa \u2714 Hiekkalaatikko on CE-sertifioitu [&hellip;]<\/p>\n","protected":false},"featured_media":0,"comment_status":"open","ping_status":"closed","template":"","meta":[],"product_brand":[],"product_cat":[32],"product_tag":[],"class_list":{"0":"post-29435","1":"product","2":"type-product","3":"status-publish","5":"product_cat-uncategorized-fi","7":"first","8":"instock","9":"shipping-taxable","10":"purchasable","11":"product-type-simple"},"_links":{"self":[{"href":"https:\/\/nordicmart.andreevmaster.com\/fi\/wp-json\/wp\/v2\/product\/29435","targetHints":{"allow":["GET"]}}],"collection":[{"href":"https:\/\/nordicmart.andreevmaster.com\/fi\/wp-json\/wp\/v2\/product"}],"about":[{"href":"https:\/\/nordicmart.andreevmaster.com\/fi\/wp-json\/wp\/v2\/types\/product"}],"replies":[{"embeddable":true,"href":"https:\/\/nordicmart.andreevmaster.com\/fi\/wp-json\/wp\/v2\/comments?post=29435"}],"wp:attachment":[{"href":"https:\/\/nordicmart.andreevmaster.com\/fi\/wp-json\/wp\/v2\/media?parent=29435"}],"wp:term":[{"taxonomy":"product_brand","embeddable":true,"href":"https:\/\/nordicmart.andreevmaster.com\/fi\/wp-json\/wp\/v2\/product_brand?post=29435"},{"taxonomy":"product_cat","embeddable":true,"href":"https:\/\/nordicmart.andreevmaster.com\/fi\/wp-json\/wp\/v2\/product_cat?post=29435"},{"taxonomy":"product_tag","embeddable":true,"href":"https:\/\/nordicmart.andreevmaster.com\/fi\/wp-json\/wp\/v2\/product_tag?post=29435"}],"curies":[{"name":"wp","href":"https:\/\/api.w.org\/{rel}","templated":true}]}}