{"id":29434,"date":"2026-02-27T00:06:50","date_gmt":"2026-02-27T00:06:50","guid":{"rendered":"https:\/\/nordicmart.andreevmaster.com\/product\/puinen-hiekkalaatikko-saadettavalla-katoksella-lily-sandpit-axi\/"},"modified":"2026-02-27T09:31:15","modified_gmt":"2026-02-27T09:31:15","slug":"puinen-hiekkalaatikko-saadettavalla-katoksella-lily-sandpit-axi","status":"publish","type":"product","link":"https:\/\/nordicmart.andreevmaster.com\/fi\/tuote\/puinen-hiekkalaatikko-saadettavalla-katoksella-lily-sandpit-axi\/","title":{"rendered":"Puinen hiekkalaatikko s\u00e4\u00e4dett\u00e4v\u00e4ll\u00e4 katoksella Lily Sandpit AXI"},"content":{"rendered":"<p>Lily Sandpit AXI -puinen hiekkalaatikko on kaunis ja monipuolinen lis\u00e4 jokaisen kodin leikkikent\u00e4lle. Se on varustettu s\u00e4\u00e4dett\u00e4v\u00e4ll\u00e4 kangaskatoksella, joka laskettaessa toimii suojana ja suojaa hiekkalaatikkoa s\u00e4\u00e4lt\u00e4 ja el\u00e4imilt\u00e4. Hiekkalaatikon ulkonevat reunat toimivat mukavana istuimena, ja erityinen pohja est\u00e4\u00e4 rikkaruohojen kasvun. Hiekkalaatikkoon mahtuu noin 300 kg hiekkaa, mik\u00e4 takaa paljon hauskaa. Kokoonpano on nopeaa ja helppoa. Anna lapsillesi loputonta ulkoilun iloa!Ominaisuudet:<\/p>\n<p>* &#8211; puinen hiekkalaatikko on t\u00e4ydellinen lis\u00e4 kotileikkikentt\u00e4\u00e4n<br \/>\n* &#8211; hiekkalaatikossa on kangaskatos, jonka korkeutta ja kulmaa voidaan s\u00e4\u00e4t\u00e4\u00e4<br \/>\n* &#8211; t\u00e4ysin alaslaskettuna katos toimii hiekkalaatikon suojana, joka suojaa sit\u00e4 s\u00e4\u00e4lt\u00e4 ja el\u00e4imilt\u00e4<br \/>\n* &#8211; hiekkalaatikon ulkonevat reunat toimivat mukavana istuimena.* &#8211; Hiekkalaatikossa on erityinen pohja, joka est\u00e4\u00e4 rikkaruohojen kasvun.<br \/>\n* &#8211; Hiekkalaatikkoon mahtuu noin 300 kg hiekkaa.<br \/>\n* &#8211; Koko rakenne on helppo koota.<\/p>\n","protected":false},"excerpt":{"rendered":"<p>Lily Sandpit AXI -puinen hiekkalaatikko on kaunis ja monipuolinen lis\u00e4 jokaisen kodin leikkikent\u00e4lle. Se on varustettu s\u00e4\u00e4dett\u00e4v\u00e4ll\u00e4 kangaskatoksella, joka laskettaessa toimii suojana ja suojaa hiekkalaatikkoa s\u00e4\u00e4lt\u00e4 ja el\u00e4imilt\u00e4. Hiekkalaatikon ulkonevat reunat toimivat mukavana istuimena, ja erityinen pohja est\u00e4\u00e4 rikkaruohojen kasvun. Hiekkalaatikkoon mahtuu noin 300 kg hiekkaa, mik\u00e4 takaa paljon hauskaa. Kokoonpano on nopeaa ja helppoa. [&hellip;]<\/p>\n","protected":false},"featured_media":0,"comment_status":"open","ping_status":"closed","template":"","meta":[],"product_brand":[],"product_cat":[32],"product_tag":[],"class_list":{"0":"post-29434","1":"product","2":"type-product","3":"status-publish","5":"product_cat-uncategorized-fi","7":"first","8":"instock","9":"shipping-taxable","10":"purchasable","11":"product-type-simple"},"_links":{"self":[{"href":"https:\/\/nordicmart.andreevmaster.com\/fi\/wp-json\/wp\/v2\/product\/29434","targetHints":{"allow":["GET"]}}],"collection":[{"href":"https:\/\/nordicmart.andreevmaster.com\/fi\/wp-json\/wp\/v2\/product"}],"about":[{"href":"https:\/\/nordicmart.andreevmaster.com\/fi\/wp-json\/wp\/v2\/types\/product"}],"replies":[{"embeddable":true,"href":"https:\/\/nordicmart.andreevmaster.com\/fi\/wp-json\/wp\/v2\/comments?post=29434"}],"wp:attachment":[{"href":"https:\/\/nordicmart.andreevmaster.com\/fi\/wp-json\/wp\/v2\/media?parent=29434"}],"wp:term":[{"taxonomy":"product_brand","embeddable":true,"href":"https:\/\/nordicmart.andreevmaster.com\/fi\/wp-json\/wp\/v2\/product_brand?post=29434"},{"taxonomy":"product_cat","embeddable":true,"href":"https:\/\/nordicmart.andreevmaster.com\/fi\/wp-json\/wp\/v2\/product_cat?post=29434"},{"taxonomy":"product_tag","embeddable":true,"href":"https:\/\/nordicmart.andreevmaster.com\/fi\/wp-json\/wp\/v2\/product_tag?post=29434"}],"curies":[{"name":"wp","href":"https:\/\/api.w.org\/{rel}","templated":true}]}}