{"id":29433,"date":"2026-02-27T00:06:50","date_gmt":"2026-02-27T00:06:50","guid":{"rendered":"https:\/\/nordicmart.andreevmaster.com\/product\/axi-ella-rainbow-puinen-hiekkalaatikko-penkkeineen\/"},"modified":"2026-02-27T09:31:15","modified_gmt":"2026-02-27T09:31:15","slug":"axi-ella-rainbow-puinen-hiekkalaatikko-penkkeineen","status":"publish","type":"product","link":"https:\/\/nordicmart.andreevmaster.com\/fi\/tuote\/axi-ella-rainbow-puinen-hiekkalaatikko-penkkeineen\/","title":{"rendered":"AXI Ella Rainbow -puinen hiekkalaatikko penkkeineen"},"content":{"rendered":"<p>Leikkiminen AXI:n puisen sateenkaarihiekkalaatikossa on jokaisen pikkulapsen unelma. Hiekkalaatikossa on kaksi penkki\u00e4, joille lapset voivat istua tai laittaa lelujaan. Laadukas, tukeva ja s\u00e4\u00e4nkest\u00e4v\u00e4 rakenne takaa, ett\u00e4 hiekkalaatikko n\u00e4ytt\u00e4\u00e4 hyv\u00e4lt\u00e4 ymp\u00e4ri vuoden. Penkit ovat taitettavat, joten hiekkalaatikon voi sulkea leikkimisen j\u00e4lkeen.Ominaisuudet:<\/p>\n<p>* &#8211; leve\u00e4 ja mukava useammalle lapselle leikkimist\u00e4 varten,<br \/>\n* &#8211; mukavat penkit, jotka toimivat hiekkalaatikon kannena,<br \/>\n* &#8211; valmistettu s\u00e4\u00e4nkest\u00e4v\u00e4st\u00e4 puusta,<br \/>\n* &#8211; maalattu kauniilla sateenkaaren v\u00e4reill\u00e4, jotka kannustavat lasta leikkim\u00e4\u00e4n ulkona,<br \/>\n* &#8211; hyvin suunniteltu ja vankka rakenne.<\/p>\n<p>Brittil\u00e4isen AXI-br\u00e4ndin lelut ovat korkealaatuisia puutarhatarvikkeita, jotka palvelevat lasta monien vuosien ajan. Valmistajan valikoimaan kuuluu kauniita hiekkalaatikoita, jotka on valmistettu huolella ja parhaasta puusta. Kannattaa harkita katollisen hiekkalaatikon ostamista \u2013 se suojaa voimakkaalta auringonvalolta, joten lapset voivat leikki\u00e4 my\u00f6s kuumalla s\u00e4\u00e4ll\u00e4. Muita AXI-leluja ovat piknikp\u00f6yd\u00e4t, jalkapallomaalit ja liikuntav\u00e4lineet kartioineen.<\/p>\n","protected":false},"excerpt":{"rendered":"<p>Leikkiminen AXI:n puisen sateenkaarihiekkalaatikossa on jokaisen pikkulapsen unelma. Hiekkalaatikossa on kaksi penkki\u00e4, joille lapset voivat istua tai laittaa lelujaan. Laadukas, tukeva ja s\u00e4\u00e4nkest\u00e4v\u00e4 rakenne takaa, ett\u00e4 hiekkalaatikko n\u00e4ytt\u00e4\u00e4 hyv\u00e4lt\u00e4 ymp\u00e4ri vuoden. Penkit ovat taitettavat, joten hiekkalaatikon voi sulkea leikkimisen j\u00e4lkeen.Ominaisuudet: * &#8211; leve\u00e4 ja mukava useammalle lapselle leikkimist\u00e4 varten, * &#8211; mukavat penkit, jotka toimivat [&hellip;]<\/p>\n","protected":false},"featured_media":0,"comment_status":"open","ping_status":"closed","template":"","meta":[],"product_brand":[],"product_cat":[32],"product_tag":[],"class_list":{"0":"post-29433","1":"product","2":"type-product","3":"status-publish","5":"product_cat-uncategorized-fi","7":"first","8":"instock","9":"shipping-taxable","10":"purchasable","11":"product-type-simple"},"_links":{"self":[{"href":"https:\/\/nordicmart.andreevmaster.com\/fi\/wp-json\/wp\/v2\/product\/29433","targetHints":{"allow":["GET"]}}],"collection":[{"href":"https:\/\/nordicmart.andreevmaster.com\/fi\/wp-json\/wp\/v2\/product"}],"about":[{"href":"https:\/\/nordicmart.andreevmaster.com\/fi\/wp-json\/wp\/v2\/types\/product"}],"replies":[{"embeddable":true,"href":"https:\/\/nordicmart.andreevmaster.com\/fi\/wp-json\/wp\/v2\/comments?post=29433"}],"wp:attachment":[{"href":"https:\/\/nordicmart.andreevmaster.com\/fi\/wp-json\/wp\/v2\/media?parent=29433"}],"wp:term":[{"taxonomy":"product_brand","embeddable":true,"href":"https:\/\/nordicmart.andreevmaster.com\/fi\/wp-json\/wp\/v2\/product_brand?post=29433"},{"taxonomy":"product_cat","embeddable":true,"href":"https:\/\/nordicmart.andreevmaster.com\/fi\/wp-json\/wp\/v2\/product_cat?post=29433"},{"taxonomy":"product_tag","embeddable":true,"href":"https:\/\/nordicmart.andreevmaster.com\/fi\/wp-json\/wp\/v2\/product_tag?post=29433"}],"curies":[{"name":"wp","href":"https:\/\/api.w.org\/{rel}","templated":true}]}}