{"id":29432,"date":"2026-02-27T00:06:50","date_gmt":"2026-02-27T00:06:50","guid":{"rendered":"https:\/\/nordicmart.andreevmaster.com\/product\/ella-sandpit-axi-puinen-hiekkalaatikko-penkkeineen\/"},"modified":"2026-02-27T09:31:14","modified_gmt":"2026-02-27T09:31:14","slug":"ella-sandpit-axi-puinen-hiekkalaatikko-penkkeineen","status":"publish","type":"product","link":"https:\/\/nordicmart.andreevmaster.com\/fi\/tuote\/ella-sandpit-axi-puinen-hiekkalaatikko-penkkeineen\/","title":{"rendered":"Ella Sandpit AXI puinen hiekkalaatikko penkkeineen"},"content":{"rendered":"<p>Kaunis ja monipuolinen AXi puinen hiekkalaatikko on t\u00e4ydellinen lis\u00e4 takapihan leikkikent\u00e4lle. Sen mukana tulee k\u00e4yt\u00e4nn\u00f6llinen kansi, joka avautuu kahdeksi taitettavaksi penkiksi selk\u00e4nojineen. Hiekkalaatikkoon mahtuu jopa 250 kg hiekkaa! Koko laatikko on helppo koota.<\/p>\n","protected":false},"excerpt":{"rendered":"<p>Kaunis ja monipuolinen AXi puinen hiekkalaatikko on t\u00e4ydellinen lis\u00e4 takapihan leikkikent\u00e4lle. Sen mukana tulee k\u00e4yt\u00e4nn\u00f6llinen kansi, joka avautuu kahdeksi taitettavaksi penkiksi selk\u00e4nojineen. Hiekkalaatikkoon mahtuu jopa 250 kg hiekkaa! Koko laatikko on helppo koota.<\/p>\n","protected":false},"featured_media":0,"comment_status":"open","ping_status":"closed","template":"","meta":[],"product_brand":[],"product_cat":[32],"product_tag":[],"class_list":{"0":"post-29432","1":"product","2":"type-product","3":"status-publish","5":"product_cat-uncategorized-fi","7":"first","8":"instock","9":"shipping-taxable","10":"purchasable","11":"product-type-simple"},"_links":{"self":[{"href":"https:\/\/nordicmart.andreevmaster.com\/fi\/wp-json\/wp\/v2\/product\/29432","targetHints":{"allow":["GET"]}}],"collection":[{"href":"https:\/\/nordicmart.andreevmaster.com\/fi\/wp-json\/wp\/v2\/product"}],"about":[{"href":"https:\/\/nordicmart.andreevmaster.com\/fi\/wp-json\/wp\/v2\/types\/product"}],"replies":[{"embeddable":true,"href":"https:\/\/nordicmart.andreevmaster.com\/fi\/wp-json\/wp\/v2\/comments?post=29432"}],"wp:attachment":[{"href":"https:\/\/nordicmart.andreevmaster.com\/fi\/wp-json\/wp\/v2\/media?parent=29432"}],"wp:term":[{"taxonomy":"product_brand","embeddable":true,"href":"https:\/\/nordicmart.andreevmaster.com\/fi\/wp-json\/wp\/v2\/product_brand?post=29432"},{"taxonomy":"product_cat","embeddable":true,"href":"https:\/\/nordicmart.andreevmaster.com\/fi\/wp-json\/wp\/v2\/product_cat?post=29432"},{"taxonomy":"product_tag","embeddable":true,"href":"https:\/\/nordicmart.andreevmaster.com\/fi\/wp-json\/wp\/v2\/product_tag?post=29432"}],"curies":[{"name":"wp","href":"https:\/\/api.w.org\/{rel}","templated":true}]}}