{"id":29431,"date":"2026-02-27T00:06:50","date_gmt":"2026-02-27T00:06:50","guid":{"rendered":"https:\/\/nordicmart.andreevmaster.com\/product\/axi-puinen-hiekkalaatikko-sailytyslokero-tarvikkeille-pressu\/"},"modified":"2026-02-27T09:31:14","modified_gmt":"2026-02-27T09:31:14","slug":"axi-puinen-hiekkalaatikko-sailytyslokero-tarvikkeille-pressu","status":"publish","type":"product","link":"https:\/\/nordicmart.andreevmaster.com\/fi\/tuote\/axi-puinen-hiekkalaatikko-sailytyslokero-tarvikkeille-pressu\/","title":{"rendered":"AXI Puinen hiekkalaatikko + s\u00e4ilytyslokero tarvikkeille + pressu"},"content":{"rendered":"<p>Kaunis ja monipuolinen AXI-puinen hiekkalaatikko on t\u00e4ydellinen lis\u00e4 kotisi leikkikent\u00e4lle. Hiekkalaatikossa on s\u00e4ilytyslokero tarvikkeille, johon lapset voivat laittaa lapionsa ja kauhansa. S\u00e4ilytyslokerossa on puiset kannet, jotka toimivat penkkein\u00e4. Jokaisessa kulmassa on mukavat istuimet. Sarjaan kuuluu pressu, joka toimii suojana ja erityisen\u00e4 rikkaruohojen esteen\u00e4. Hiekkalaatikkoon mahtuu jopa 350 kg hiekkaa! Koko laatikko on helppo koota. Ominaisuudet: * &#8211; Monipuolinen puinen HIEKKALAATIKKO * &#8211; Hiekkalaatikossa on s\u00e4ilytyslokero leluille. * &#8211; Sarjaan kuuluu my\u00f6s pressu, jolla hiekkalaatikon voi peitt\u00e4\u00e4, kun sit\u00e4 ei k\u00e4ytet\u00e4.* &#8211; Siihen mahtuu jopa 350 kg hiekkaa.<br \/>\n* &#8211; Jokaisessa kulmassa on mukava istuin.<\/p>\n","protected":false},"excerpt":{"rendered":"<p>Kaunis ja monipuolinen AXI-puinen hiekkalaatikko on t\u00e4ydellinen lis\u00e4 kotisi leikkikent\u00e4lle. Hiekkalaatikossa on s\u00e4ilytyslokero tarvikkeille, johon lapset voivat laittaa lapionsa ja kauhansa. S\u00e4ilytyslokerossa on puiset kannet, jotka toimivat penkkein\u00e4. Jokaisessa kulmassa on mukavat istuimet. Sarjaan kuuluu pressu, joka toimii suojana ja erityisen\u00e4 rikkaruohojen esteen\u00e4. Hiekkalaatikkoon mahtuu jopa 350 kg hiekkaa! Koko laatikko on helppo koota. Ominaisuudet: [&hellip;]<\/p>\n","protected":false},"featured_media":0,"comment_status":"open","ping_status":"closed","template":"","meta":[],"product_brand":[],"product_cat":[32],"product_tag":[],"class_list":{"0":"post-29431","1":"product","2":"type-product","3":"status-publish","5":"product_cat-uncategorized-fi","7":"first","8":"instock","9":"shipping-taxable","10":"purchasable","11":"product-type-simple"},"_links":{"self":[{"href":"https:\/\/nordicmart.andreevmaster.com\/fi\/wp-json\/wp\/v2\/product\/29431","targetHints":{"allow":["GET"]}}],"collection":[{"href":"https:\/\/nordicmart.andreevmaster.com\/fi\/wp-json\/wp\/v2\/product"}],"about":[{"href":"https:\/\/nordicmart.andreevmaster.com\/fi\/wp-json\/wp\/v2\/types\/product"}],"replies":[{"embeddable":true,"href":"https:\/\/nordicmart.andreevmaster.com\/fi\/wp-json\/wp\/v2\/comments?post=29431"}],"wp:attachment":[{"href":"https:\/\/nordicmart.andreevmaster.com\/fi\/wp-json\/wp\/v2\/media?parent=29431"}],"wp:term":[{"taxonomy":"product_brand","embeddable":true,"href":"https:\/\/nordicmart.andreevmaster.com\/fi\/wp-json\/wp\/v2\/product_brand?post=29431"},{"taxonomy":"product_cat","embeddable":true,"href":"https:\/\/nordicmart.andreevmaster.com\/fi\/wp-json\/wp\/v2\/product_cat?post=29431"},{"taxonomy":"product_tag","embeddable":true,"href":"https:\/\/nordicmart.andreevmaster.com\/fi\/wp-json\/wp\/v2\/product_tag?post=29431"}],"curies":[{"name":"wp","href":"https:\/\/api.w.org\/{rel}","templated":true}]}}