{"id":29430,"date":"2026-02-27T00:06:49","date_gmt":"2026-02-27T00:06:49","guid":{"rendered":"https:\/\/nordicmart.andreevmaster.com\/product\/axi-nick-piknikpoyta-hiekka-vesisailioilla-ja-sateenvarjolla\/"},"modified":"2026-02-27T09:31:14","modified_gmt":"2026-02-27T09:31:14","slug":"axi-nick-piknikpoyta-hiekka-vesisailioilla-ja-sateenvarjolla","status":"publish","type":"product","link":"https:\/\/nordicmart.andreevmaster.com\/fi\/tuote\/axi-nick-piknikpoyta-hiekka-vesisailioilla-ja-sateenvarjolla\/","title":{"rendered":"AXI Nick-piknikp\u00f6yt\u00e4 hiekka-\/vesis\u00e4ili\u00f6ill\u00e4 ja sateenvarjolla"},"content":{"rendered":"<p>Axi:n Nick-piknikp\u00f6yt\u00e4 lapsille tuo lapsillesi suurta iloa. Lapsilla on paikka, jossa he voivat istua mukavasti, leikki\u00e4 ja maalata. Pienimmill\u00e4 on oma viihtyis\u00e4 nurkkaus. Ja jos he kyll\u00e4styv\u00e4t istumaan hiljaa, p\u00f6yt\u00e4 voidaan muuttaa hiekkalaatikoksi tai vesip\u00f6yd\u00e4ksi poistamalla p\u00f6yt\u00e4levy. P\u00f6yd\u00e4ss\u00e4 on kaksi lokeroa, jotka sopivat sek\u00e4 hiekalle ett\u00e4 vedelle. T\u00e4m\u00e4 tarkoittaa, ett\u00e4 lapset voivat rakentaa hiekkalinnoja toisella puolella ja leikki\u00e4 lelulaivoilla toisella puolella. P\u00f6yt\u00e4 sopii erinomaisesti puutarhaan, terassille tai parvekkeelle.Vankka ja kest\u00e4v\u00e4 rakenne takaa turvallisen ulkoleikin. P\u00f6yd\u00e4n mukana toimitetaan aurinkovarjo, joka voidaan kiinnitt\u00e4\u00e4 suojaamaan lapsia auringolta. Ominaisuudet: * &#8211; vankka, kest\u00e4v\u00e4 rakenne, * &#8211; p\u00f6yt\u00e4 on helppo muuttaa hiekkalaatikoksi ja vesip\u00f6yd\u00e4ksi, * &#8211; monik\u00e4ytt\u00f6isyys, * &#8211; s\u00e4\u00e4nkest\u00e4vyys.<\/p>\n<p>Brittil\u00e4isen Axi-br\u00e4ndin lelut ovat korkealaatuisia puutarhatarvikkeita, jotka palvelevat lasta monien vuosien ajan. Valmistajan valikoimassa on kauniita hiekkalaatikoita, jotka on valmistettu huolella ja parhaasta puusta. Kannattaa harkita katoksella varustetun hiekkalaatikon ostamista \u2013 se suojaa voimakkaalta auringonvalolta, jolloin lapset voivat leikki\u00e4 my\u00f6s kuumalla s\u00e4\u00e4ll\u00e4. Muita Axi-leluja ovat piknikp\u00f6yd\u00e4t, jalkapallomaalit ja liikuntav\u00e4lineet kartioineen.<\/p>\n","protected":false},"excerpt":{"rendered":"<p>Axi:n Nick-piknikp\u00f6yt\u00e4 lapsille tuo lapsillesi suurta iloa. Lapsilla on paikka, jossa he voivat istua mukavasti, leikki\u00e4 ja maalata. Pienimmill\u00e4 on oma viihtyis\u00e4 nurkkaus. Ja jos he kyll\u00e4styv\u00e4t istumaan hiljaa, p\u00f6yt\u00e4 voidaan muuttaa hiekkalaatikoksi tai vesip\u00f6yd\u00e4ksi poistamalla p\u00f6yt\u00e4levy. P\u00f6yd\u00e4ss\u00e4 on kaksi lokeroa, jotka sopivat sek\u00e4 hiekalle ett\u00e4 vedelle. T\u00e4m\u00e4 tarkoittaa, ett\u00e4 lapset voivat rakentaa hiekkalinnoja toisella [&hellip;]<\/p>\n","protected":false},"featured_media":0,"comment_status":"open","ping_status":"closed","template":"","meta":[],"product_brand":[],"product_cat":[32],"product_tag":[],"class_list":{"0":"post-29430","1":"product","2":"type-product","3":"status-publish","5":"product_cat-uncategorized-fi","7":"first","8":"instock","9":"shipping-taxable","10":"purchasable","11":"product-type-simple"},"_links":{"self":[{"href":"https:\/\/nordicmart.andreevmaster.com\/fi\/wp-json\/wp\/v2\/product\/29430","targetHints":{"allow":["GET"]}}],"collection":[{"href":"https:\/\/nordicmart.andreevmaster.com\/fi\/wp-json\/wp\/v2\/product"}],"about":[{"href":"https:\/\/nordicmart.andreevmaster.com\/fi\/wp-json\/wp\/v2\/types\/product"}],"replies":[{"embeddable":true,"href":"https:\/\/nordicmart.andreevmaster.com\/fi\/wp-json\/wp\/v2\/comments?post=29430"}],"wp:attachment":[{"href":"https:\/\/nordicmart.andreevmaster.com\/fi\/wp-json\/wp\/v2\/media?parent=29430"}],"wp:term":[{"taxonomy":"product_brand","embeddable":true,"href":"https:\/\/nordicmart.andreevmaster.com\/fi\/wp-json\/wp\/v2\/product_brand?post=29430"},{"taxonomy":"product_cat","embeddable":true,"href":"https:\/\/nordicmart.andreevmaster.com\/fi\/wp-json\/wp\/v2\/product_cat?post=29430"},{"taxonomy":"product_tag","embeddable":true,"href":"https:\/\/nordicmart.andreevmaster.com\/fi\/wp-json\/wp\/v2\/product_tag?post=29430"}],"curies":[{"name":"wp","href":"https:\/\/api.w.org\/{rel}","templated":true}]}}