{"id":29429,"date":"2026-02-27T00:06:49","date_gmt":"2026-02-27T00:06:49","guid":{"rendered":"https:\/\/nordicmart.andreevmaster.com\/product\/axi-nick-piknikpoyta-penkilla-sateenvarjolla-ja-vesi-hiekkasailioilla\/"},"modified":"2026-02-27T09:31:14","modified_gmt":"2026-02-27T09:31:14","slug":"axi-nick-piknikpoyta-penkilla-sateenvarjolla-ja-vesi-hiekkasailioilla","status":"publish","type":"product","link":"https:\/\/nordicmart.andreevmaster.com\/fi\/tuote\/axi-nick-piknikpoyta-penkilla-sateenvarjolla-ja-vesi-hiekkasailioilla\/","title":{"rendered":"AXI Nick-piknikp\u00f6yt\u00e4 penkill\u00e4, sateenvarjolla ja vesi-\/hiekkas\u00e4ili\u00f6ill\u00e4"},"content":{"rendered":"<p>Tunnettujen AXI-tuotemerkin Nick-piknikp\u00f6yt\u00e4 on monik\u00e4ytt\u00f6inen p\u00f6yt\u00e4, jonka irrotettavan p\u00f6yt\u00e4levyn alla on salainen lokero, jossa on kaksi sinist\u00e4 s\u00e4ili\u00f6t\u00e4. Siniset s\u00e4ili\u00f6t voidaan t\u00e4ytt\u00e4\u00e4 hiekalla ja\/tai vedell\u00e4, mutta niit\u00e4 voidaan tietysti k\u00e4ytt\u00e4\u00e4 my\u00f6s lelujen s\u00e4ilytt\u00e4miseen. S\u00e4ili\u00f6t ovat lis\u00e4ksi irrotettavia, joten ne on helppo puhdistaa. Klassinen hiekan ja veden yhdistelm\u00e4 toimii aina hyvin lasten kanssa! Hiekka- ja vesip\u00f6yd\u00e4n voi hetkess\u00e4 muuttaa piknikp\u00f6yd\u00e4ksi, jossa lapset voivat luoda, piirt\u00e4\u00e4 tai nauttia herkkuja.Ominaisuudet:<\/p>\n<p>* &#8211; piknikp\u00f6yt\u00e4 on valmistettu FSC-puusta,<br \/>\n* &#8211; sis\u00e4lt\u00e4\u00e4 korkeuss\u00e4\u00e4dett\u00e4v\u00e4n sateenvarjon (110\u2013175 cm),<br \/>\n* &#8211; kaksi irrotettavaa muovikonttia hiekalle tai vedelle,<br \/>\n* &#8211; enimm\u00e4iskapasiteetti 8 litraa,<br \/>\n* &#8211; p\u00f6yt\u00e4levyn mitat (P x L): 95 x 41 cm,<br \/>\n* &#8211; istuinkorkeus: 26,7 cm,<br \/>\n* &#8211; enimm\u00e4ispaino: 100 kg penkki\u00e4 kohti,<br \/>\n* &#8211; kanadalainen kuusi ei halkeile ja on luonnostaan s\u00e4\u00e4nkest\u00e4v\u00e4,<br \/>\n* &#8211; helppo koota osittain esikoottujen osien ansiosta,<br \/>\n* &#8211; p\u00e4\u00e4llystetty vesipohjaisella v\u00e4riaineella, ei kemikaaleja.<\/p>\n<p>Brittil\u00e4isen AXI-br\u00e4ndin lelut ovat korkealaatuisia puutarhatarvikkeita, jotka palvelevat lasta monien vuosien ajan. Valmistajan valikoimaan kuuluu kauniita hiekkalaatikoita, jotka on valmistettu huolella ja parhaasta puusta. Kannattaa harkita katollisen hiekkalaatikon ostamista \u2013 se suojaa voimakkaalta auringonvalolta, joten lapset voivat leikki\u00e4 my\u00f6s kuumalla s\u00e4\u00e4ll\u00e4. Muita AXI-leluja ovat piknikp\u00f6yd\u00e4t, jalkapallomaalit ja liikuntav\u00e4lineet kartioineen.<\/p>\n","protected":false},"excerpt":{"rendered":"<p>Tunnettujen AXI-tuotemerkin Nick-piknikp\u00f6yt\u00e4 on monik\u00e4ytt\u00f6inen p\u00f6yt\u00e4, jonka irrotettavan p\u00f6yt\u00e4levyn alla on salainen lokero, jossa on kaksi sinist\u00e4 s\u00e4ili\u00f6t\u00e4. Siniset s\u00e4ili\u00f6t voidaan t\u00e4ytt\u00e4\u00e4 hiekalla ja\/tai vedell\u00e4, mutta niit\u00e4 voidaan tietysti k\u00e4ytt\u00e4\u00e4 my\u00f6s lelujen s\u00e4ilytt\u00e4miseen. S\u00e4ili\u00f6t ovat lis\u00e4ksi irrotettavia, joten ne on helppo puhdistaa. Klassinen hiekan ja veden yhdistelm\u00e4 toimii aina hyvin lasten kanssa! Hiekka- ja vesip\u00f6yd\u00e4n [&hellip;]<\/p>\n","protected":false},"featured_media":0,"comment_status":"open","ping_status":"closed","template":"","meta":[],"product_brand":[],"product_cat":[32],"product_tag":[],"class_list":{"0":"post-29429","1":"product","2":"type-product","3":"status-publish","5":"product_cat-uncategorized-fi","7":"first","8":"instock","9":"shipping-taxable","10":"purchasable","11":"product-type-simple"},"_links":{"self":[{"href":"https:\/\/nordicmart.andreevmaster.com\/fi\/wp-json\/wp\/v2\/product\/29429","targetHints":{"allow":["GET"]}}],"collection":[{"href":"https:\/\/nordicmart.andreevmaster.com\/fi\/wp-json\/wp\/v2\/product"}],"about":[{"href":"https:\/\/nordicmart.andreevmaster.com\/fi\/wp-json\/wp\/v2\/types\/product"}],"replies":[{"embeddable":true,"href":"https:\/\/nordicmart.andreevmaster.com\/fi\/wp-json\/wp\/v2\/comments?post=29429"}],"wp:attachment":[{"href":"https:\/\/nordicmart.andreevmaster.com\/fi\/wp-json\/wp\/v2\/media?parent=29429"}],"wp:term":[{"taxonomy":"product_brand","embeddable":true,"href":"https:\/\/nordicmart.andreevmaster.com\/fi\/wp-json\/wp\/v2\/product_brand?post=29429"},{"taxonomy":"product_cat","embeddable":true,"href":"https:\/\/nordicmart.andreevmaster.com\/fi\/wp-json\/wp\/v2\/product_cat?post=29429"},{"taxonomy":"product_tag","embeddable":true,"href":"https:\/\/nordicmart.andreevmaster.com\/fi\/wp-json\/wp\/v2\/product_tag?post=29429"}],"curies":[{"name":"wp","href":"https:\/\/api.w.org\/{rel}","templated":true}]}}