{"id":29427,"date":"2026-02-27T00:06:49","date_gmt":"2026-02-27T00:06:49","guid":{"rendered":"https:\/\/nordicmart.andreevmaster.com\/product\/axi-suuri-puinen-leikkikentta-keinut-liukumaki-torni-hiekkalaatikko\/"},"modified":"2026-02-27T09:31:14","modified_gmt":"2026-02-27T09:31:14","slug":"axi-suuri-puinen-leikkikentta-keinut-liukumaki-torni-hiekkalaatikko","status":"publish","type":"product","link":"https:\/\/nordicmart.andreevmaster.com\/fi\/tuote\/axi-suuri-puinen-leikkikentta-keinut-liukumaki-torni-hiekkalaatikko\/","title":{"rendered":"AXI Suuri puinen leikkikentt\u00e4 keinut liukum\u00e4ki torni + hiekkalaatikko"},"content":{"rendered":"<p>### Suuri Malik-leikkikentt\u00e4 &#8211; sininen setti<\/p>\n<p>\u2714 Erilaisten elementtien \u2013 n\u00e4k\u00f6tornin, pitk\u00e4n liukum\u00e4en, kaksipaikkaisen keinun ja hiekkalaatikon \u2013 ansiosta lapset voivat kehitt\u00e4\u00e4 luovuuttaan, voimaansa ja motorista koordinaatiotaan yhdess\u00e4 paikassa!<\/p>\n<p>\u2714 Se on t\u00e4ydellinen yhdistelm\u00e4 liikuntaa, seikkailua ja turvallisuutta luonnollisessa, ymp\u00e4rist\u00f6yst\u00e4v\u00e4llisess\u00e4 ymp\u00e4rist\u00f6ss\u00e4.<\/p>\n<p>\u2714 Valmistettu 100 % FSC-sertifioidusta setripuusta, joka kest\u00e4\u00e4 s\u00e4\u00e4olosuhteita ja lahoamista<\/p>\n<p>\u2714 Puu on suojattu ymp\u00e4rist\u00f6yst\u00e4v\u00e4llisell\u00e4, kemikaalittomalla, vesipohjaisella petsill\u00e4<\/p>\n<p>\u2714 Tuote on CE-, EN 71-, FSC 100% ja UKCA-standardien mukainen. Ominaisuudet: Monitoiminen leikkisetti \u2013 kiipeily\u00e4, liukum\u00e4ke\u00e4, keinua ja hiekkaleikkej\u00e4 samassa paikassa! &#8211; Kaksinkertainen keinu &#8211; 220 cm pitk\u00e4 liukum\u00e4ki, johon voi liitt\u00e4\u00e4 vett\u00e4 lis\u00e4\u00e4m\u00e4\u00e4n hauskuutta kuumina p\u00e4ivin\u00e4 &#8211; Hiekkalaatikko katolla ja leikkisein\u00e4ll\u00e4 &#8211; Turvallinen ja vakaa rakenne \u2013 leikkikent\u00e4ss\u00e4 on 6 maakiinnikett\u00e4 maksimaalisen vakauden takaamiseksi &#8211; Leikkikentt\u00e4 on suunniteltu enint\u00e4\u00e4n 5 lapselle (enimm\u00e4ispaino per lapsi: 50 kg) &#8211; Helppo asennus \u2013 yksinkertaiset ohjeet ja osittain esiasennetut komponentit mahdollistavat leikkikent\u00e4n nopean asennuksen. <\/p>\n<p>### Tekniset tiedot: <\/p>\n<p>\u2714 Kokonaismitat: 345 x 336 x 269,5 cm \u2714 Alustan korkeus: 119 cm \u2714 Enimm\u00e4ispaino: 200 kg (50 kg per lapsi) \u2714 Liukum\u00e4ki: 220 cm, voidaan liitt\u00e4\u00e4 veteen \u2714 Hiekkalaatikko: 125 kg hiekkaa, mitat 83,2 x 80 x 18,8 cm<\/p>\n","protected":false},"excerpt":{"rendered":"<p>### Suuri Malik-leikkikentt\u00e4 &#8211; sininen setti \u2714 Erilaisten elementtien \u2013 n\u00e4k\u00f6tornin, pitk\u00e4n liukum\u00e4en, kaksipaikkaisen keinun ja hiekkalaatikon \u2013 ansiosta lapset voivat kehitt\u00e4\u00e4 luovuuttaan, voimaansa ja motorista koordinaatiotaan yhdess\u00e4 paikassa! \u2714 Se on t\u00e4ydellinen yhdistelm\u00e4 liikuntaa, seikkailua ja turvallisuutta luonnollisessa, ymp\u00e4rist\u00f6yst\u00e4v\u00e4llisess\u00e4 ymp\u00e4rist\u00f6ss\u00e4. \u2714 Valmistettu 100 % FSC-sertifioidusta setripuusta, joka kest\u00e4\u00e4 s\u00e4\u00e4olosuhteita ja lahoamista \u2714 Puu on [&hellip;]<\/p>\n","protected":false},"featured_media":0,"comment_status":"open","ping_status":"closed","template":"","meta":[],"product_brand":[],"product_cat":[32],"product_tag":[],"class_list":{"0":"post-29427","1":"product","2":"type-product","3":"status-publish","5":"product_cat-uncategorized-fi","7":"first","8":"instock","9":"shipping-taxable","10":"purchasable","11":"product-type-simple"},"_links":{"self":[{"href":"https:\/\/nordicmart.andreevmaster.com\/fi\/wp-json\/wp\/v2\/product\/29427","targetHints":{"allow":["GET"]}}],"collection":[{"href":"https:\/\/nordicmart.andreevmaster.com\/fi\/wp-json\/wp\/v2\/product"}],"about":[{"href":"https:\/\/nordicmart.andreevmaster.com\/fi\/wp-json\/wp\/v2\/types\/product"}],"replies":[{"embeddable":true,"href":"https:\/\/nordicmart.andreevmaster.com\/fi\/wp-json\/wp\/v2\/comments?post=29427"}],"wp:attachment":[{"href":"https:\/\/nordicmart.andreevmaster.com\/fi\/wp-json\/wp\/v2\/media?parent=29427"}],"wp:term":[{"taxonomy":"product_brand","embeddable":true,"href":"https:\/\/nordicmart.andreevmaster.com\/fi\/wp-json\/wp\/v2\/product_brand?post=29427"},{"taxonomy":"product_cat","embeddable":true,"href":"https:\/\/nordicmart.andreevmaster.com\/fi\/wp-json\/wp\/v2\/product_cat?post=29427"},{"taxonomy":"product_tag","embeddable":true,"href":"https:\/\/nordicmart.andreevmaster.com\/fi\/wp-json\/wp\/v2\/product_tag?post=29427"}],"curies":[{"name":"wp","href":"https:\/\/api.w.org\/{rel}","templated":true}]}}