{"id":29426,"date":"2026-02-27T00:06:49","date_gmt":"2026-02-27T00:06:49","guid":{"rendered":"https:\/\/nordicmart.andreevmaster.com\/product\/axi-family-sports-center-swings-climbing-net-2\/"},"modified":"2026-02-27T09:31:14","modified_gmt":"2026-02-27T09:31:14","slug":"axi-family-sports-center-swings-climbing-net-2","status":"publish","type":"product","link":"https:\/\/nordicmart.andreevmaster.com\/fi\/tuote\/axi-family-sports-center-swings-climbing-net-2\/","title":{"rendered":"AXI Family Sports Center Swings Climbing Net"},"content":{"rendered":"<p>Axi-kaksoiskeinu \u2013 ilon ja seikkailun keidas puutarhassasi<\/p>\n<p>Anna lapsillesi unohtumattomia hetki\u00e4 ulkona Axi-kaksoiskeinulla! T\u00e4m\u00e4 monipuolinen setti yhdist\u00e4\u00e4 kaksi klassista keinuja ja haastavan kiipeilyverkon, joiden avulla 3-vuotiaat ja sit\u00e4 vanhemmat lapset voivat kehitt\u00e4\u00e4 ketteryytt\u00e4\u00e4n ja koordinaatiotaan.<\/p>\n<p>Vankka rakenne \u2013 vuosien turvallista leikkimist\u00e4 varten<\/p>\n<p>* Galvanoitu ter\u00e4s, joka on entist\u00e4 lujempaa ja korroosionkest\u00e4v\u00e4\u00e4 \u2013 ei vaadi maalausta tai erityist\u00e4 huoltoa.<br \/>\n* Vahvat maakiinnikkeet takaavat vakauden ja turvallisen asennuksen my\u00f6s dynaamisen leikin aikana.<br \/>\n* S\u00e4\u00e4dett\u00e4v\u00e4n istuinkorkeuden ansiosta keinun voi s\u00e4\u00e4t\u00e4\u00e4 tarkasti kunkin lapsen pituuden mukaan.<\/p>\n<p>Sinkitty ter\u00e4s, joka on entist\u00e4 lujempaa ja korroosionkest\u00e4v\u00e4\u00e4 \u2013 ei vaadi maalausta tai erityist\u00e4 huoltoa.<\/p>\n<p>Vahvat maakiinnikkeet takaavat vakauden ja turvallisen asennuksen my\u00f6s dynaamisen leikin aikana.<\/p>\n<p>S\u00e4\u00e4dett\u00e4v\u00e4n istuinkorkeuden ansiosta keinun voi s\u00e4\u00e4t\u00e4\u00e4 tarkasti kunkin lapsen pituuden mukaan.<\/p>\n<p>Mukavuus ja helppok\u00e4ytt\u00f6isyys<\/p>\n<p>* Polypropeeniset istuimet \u2013 kevyet, kest\u00e4v\u00e4t ja helppohoitoiset.<br \/>\n* Ergonominen muoto ja sopiva syvyys kiipeilyverkossa takaavat mukavuuden ja lis\u00e4\u00e4v\u00e4t leikin hauskuutta.* Helppo asentaa ja purkaa, koko rakenne sopii t\u00e4ydellisesti puutarhatilaan. <\/p>\n<p>Polypropeeniset istuimet \u2013 kevyet, kest\u00e4v\u00e4t ja helppohoitoiset. <\/p>\n<p>Ergonominen muoto ja sopiva syvyys kiipeilyverkossa takaavat mukavuuden ja lis\u00e4\u00e4v\u00e4t leikin hauskuutta. <\/p>\n<p>Helppo asentaa ja purkaa, koko rakenne sopii t\u00e4ydellisesti puutarhatilaan.<\/p>\n<p>Tekniset parametrit:<\/p>\n<p>* Ulkoiset mitat: pituus 287 cm \u00d7 syvyys 191 cm (vie tilaa noin 5,4 m\u00b2)<br \/>\n* K\u00e4ytt\u00e4j\u00e4n ik\u00e4: 3 vuotta ja yli<br \/>\n* Kantavuus: jokainen keinu enint\u00e4\u00e4n 50 kg<br \/>\n* Kokoonpano: DIY-paketti aikuisille (ohjeet ja ankkurit mukana)<\/p>\n<p>Ulkoiset mitat: pituus 287 cm \u00d7 syvyys 191 cm (vie tilaa noin 5,4 m\u00b2)<\/p>\n<p>K\u00e4ytt\u00e4j\u00e4n ik\u00e4: 3 vuotta ja yli<\/p>\n<p>Kantavuus: kukin keinu enint\u00e4\u00e4n 50 kg<\/p>\n<p>Kokoonpano: DIY-paketti aikuisille (ohjeet ja kiinnikkeet mukana)<\/p>\n<p>Miksi valita Axi-keinu?<\/p>\n<p>* Ter\u00e4srunko takaa kest\u00e4vyyden ja s\u00e4\u00e4nkest\u00e4vyyden<br \/>\n* Kaksi istuinta \u2013 enemm\u00e4n hauskaa ja seuraa sisaruksille tai yst\u00e4ville<br \/>\n* Kiipeily\u00e4 ja keinumista yhdess\u00e4 \u2013 t\u00e4ydellinen yhdistelm\u00e4 liikuntaa ja kehityst\u00e4 edist\u00e4v\u00e4\u00e4 leikki\u00e4<br \/>\n* Ei vaadi ylim\u00e4\u00e4r\u00e4ist\u00e4 huoltoa, mik\u00e4 s\u00e4\u00e4st\u00e4\u00e4 aikaa ja energiaa<\/p>\n<p>Ter\u00e4srunko takaa kest\u00e4vyyden ja s\u00e4\u00e4nkest\u00e4vyyden<\/p>\n<p>Kaksi istuinta \u2013 enemm\u00e4n hauskaa ja seuraa sisaruksille tai yst\u00e4ville<\/p>\n<p>Kiipeily ja keinuminen yhdess\u00e4 \u2013 t\u00e4ydellinen yhdistelm\u00e4 liikuntaa ja kehityst\u00e4 edist\u00e4v\u00e4\u00e4 leikki\u00e4<\/p>\n<p>Ei vaadi ylim\u00e4\u00e4r\u00e4ist\u00e4 huoltoa, mik\u00e4 s\u00e4\u00e4st\u00e4\u00e4 aikaa ja energiaa<\/p>\n","protected":false},"excerpt":{"rendered":"<p>Axi-kaksoiskeinu \u2013 ilon ja seikkailun keidas puutarhassasi Anna lapsillesi unohtumattomia hetki\u00e4 ulkona Axi-kaksoiskeinulla! T\u00e4m\u00e4 monipuolinen setti yhdist\u00e4\u00e4 kaksi klassista keinuja ja haastavan kiipeilyverkon, joiden avulla 3-vuotiaat ja sit\u00e4 vanhemmat lapset voivat kehitt\u00e4\u00e4 ketteryytt\u00e4\u00e4n ja koordinaatiotaan. Vankka rakenne \u2013 vuosien turvallista leikkimist\u00e4 varten * Galvanoitu ter\u00e4s, joka on entist\u00e4 lujempaa ja korroosionkest\u00e4v\u00e4\u00e4 \u2013 ei vaadi maalausta [&hellip;]<\/p>\n","protected":false},"featured_media":0,"comment_status":"open","ping_status":"closed","template":"","meta":[],"product_brand":[],"product_cat":[32],"product_tag":[],"class_list":{"0":"post-29426","1":"product","2":"type-product","3":"status-publish","5":"product_cat-uncategorized-fi","7":"first","8":"instock","9":"shipping-taxable","10":"purchasable","11":"product-type-simple"},"_links":{"self":[{"href":"https:\/\/nordicmart.andreevmaster.com\/fi\/wp-json\/wp\/v2\/product\/29426","targetHints":{"allow":["GET"]}}],"collection":[{"href":"https:\/\/nordicmart.andreevmaster.com\/fi\/wp-json\/wp\/v2\/product"}],"about":[{"href":"https:\/\/nordicmart.andreevmaster.com\/fi\/wp-json\/wp\/v2\/types\/product"}],"replies":[{"embeddable":true,"href":"https:\/\/nordicmart.andreevmaster.com\/fi\/wp-json\/wp\/v2\/comments?post=29426"}],"wp:attachment":[{"href":"https:\/\/nordicmart.andreevmaster.com\/fi\/wp-json\/wp\/v2\/media?parent=29426"}],"wp:term":[{"taxonomy":"product_brand","embeddable":true,"href":"https:\/\/nordicmart.andreevmaster.com\/fi\/wp-json\/wp\/v2\/product_brand?post=29426"},{"taxonomy":"product_cat","embeddable":true,"href":"https:\/\/nordicmart.andreevmaster.com\/fi\/wp-json\/wp\/v2\/product_cat?post=29426"},{"taxonomy":"product_tag","embeddable":true,"href":"https:\/\/nordicmart.andreevmaster.com\/fi\/wp-json\/wp\/v2\/product_tag?post=29426"}],"curies":[{"name":"wp","href":"https:\/\/api.w.org\/{rel}","templated":true}]}}