{"id":29425,"date":"2026-02-27T00:06:48","date_gmt":"2026-02-27T00:06:48","guid":{"rendered":"https:\/\/nordicmart.andreevmaster.com\/product\/axi-puutarhakeinut-metallirungolla-lapsille\/"},"modified":"2026-02-27T09:31:13","modified_gmt":"2026-02-27T09:31:13","slug":"axi-puutarhakeinut-metallirungolla-lapsille","status":"publish","type":"product","link":"https:\/\/nordicmart.andreevmaster.com\/fi\/tuote\/axi-puutarhakeinut-metallirungolla-lapsille\/","title":{"rendered":"AXI Puutarhakeinut metallirungolla lapsille"},"content":{"rendered":"<p>Metallisessa keinussa on yksi keinu ja yksi kaksipaikkainen keinu, jossa kaksi lasta voi keinua samanaikaisesti. Moderni, v\u00e4rik\u00e4s runko on s\u00e4\u00e4nkest\u00e4v\u00e4 ja kest\u00e4v\u00e4, ja kompaktin kokonsa ansiosta se sopii my\u00f6s pieniin puutarhoihin. Lis\u00e4korkeuden ansiosta, joka on l\u00e4hes 2,2 metri\u00e4, runko tarjoaa viel\u00e4 enemm\u00e4n keinuliikett\u00e4. Metallikeinu on valmistettu jauhemaalatusta ter\u00e4ksest\u00e4 ja se on galvanoitu sis\u00e4- ja ulkopuolelta. Turvallisuuden lis\u00e4\u00e4miseksi keinu on varustettu nelj\u00e4ll\u00e4 maakiinnikkeell\u00e4, jotka voidaan asentaa betoniin. Keinun istuimet on eritt\u00e4in helppo puhdistaa, joten voit keinua heti kevyen sateen j\u00e4lkeen. S\u00e4\u00e4dett\u00e4v\u00e4t keinun k\u00f6ydet takaavat pitk\u00e4n k\u00e4ytt\u00f6i\u00e4n, sill\u00e4 keinu kasvaa mukanasi monien vuosien ajan. Ominaisuudet: &#8211; Metallikeinu, jossa on yksi tai kaksi keinua,<br \/>\n* &#8211; Valmistettu jauhemaalatusta ter\u00e4ksest\u00e4, galvanoitu sis\u00e4- ja ulkopuolelta pitk\u00e4kestoisen korroosiosuojan takaamiseksi,<br \/>\n* &#8211; S\u00e4\u00e4dett\u00e4v\u00e4t k\u00f6ydet 39\u201399 cm:n korkeudella maasta antavat keinun &#8221;kasvaa&#8221; lapsen mukana,<br \/>\n* &#8211; Sis\u00e4lt\u00e4\u00e4 4 maakiinnikett\u00e4 asennettavaksi betoniin,<br \/>\n* &#8211; Enint\u00e4\u00e4n 3 lapselle,<br \/>\n* &#8211; K\u00e4ytt\u00e4j\u00e4n enimm\u00e4ispaino 50 kg per keinutuoli; yhteens\u00e4 100 kg,<br \/>\n* &#8211; Helppo asentaa (aikuisen apua tarvitaan),<br \/>\n* &#8211; Sopii 3\u201310-vuotiaille lapsille,<\/p>\n<p>Brittil\u00e4isen Axi-br\u00e4ndin lelut ovat korkealaatuisia puutarhatarvikkeita, jotka palvelevat lasta monien vuosien ajan. Valmistajan valikoimaan kuuluu kauniita hiekkalaatikoita, jotka on valmistettu huolella ja parhaasta puusta. Kannattaa harkita katollisen hiekkalaatikon ostamista \u2013 se suojaa voimakkaalta auringonvalolta, joten lapset voivat leikki\u00e4 my\u00f6s kuumalla s\u00e4\u00e4ll\u00e4. Muita Axi-leluja ovat piknikp\u00f6yd\u00e4t, jalkapallomaalit ja liikuntav\u00e4lineet kartioineen.<\/p>\n","protected":false},"excerpt":{"rendered":"<p>Metallisessa keinussa on yksi keinu ja yksi kaksipaikkainen keinu, jossa kaksi lasta voi keinua samanaikaisesti. Moderni, v\u00e4rik\u00e4s runko on s\u00e4\u00e4nkest\u00e4v\u00e4 ja kest\u00e4v\u00e4, ja kompaktin kokonsa ansiosta se sopii my\u00f6s pieniin puutarhoihin. Lis\u00e4korkeuden ansiosta, joka on l\u00e4hes 2,2 metri\u00e4, runko tarjoaa viel\u00e4 enemm\u00e4n keinuliikett\u00e4. Metallikeinu on valmistettu jauhemaalatusta ter\u00e4ksest\u00e4 ja se on galvanoitu sis\u00e4- ja ulkopuolelta. [&hellip;]<\/p>\n","protected":false},"featured_media":0,"comment_status":"open","ping_status":"closed","template":"","meta":[],"product_brand":[],"product_cat":[32],"product_tag":[],"class_list":{"0":"post-29425","1":"product","2":"type-product","3":"status-publish","5":"product_cat-uncategorized-fi","7":"first","8":"instock","9":"shipping-taxable","10":"purchasable","11":"product-type-simple"},"_links":{"self":[{"href":"https:\/\/nordicmart.andreevmaster.com\/fi\/wp-json\/wp\/v2\/product\/29425","targetHints":{"allow":["GET"]}}],"collection":[{"href":"https:\/\/nordicmart.andreevmaster.com\/fi\/wp-json\/wp\/v2\/product"}],"about":[{"href":"https:\/\/nordicmart.andreevmaster.com\/fi\/wp-json\/wp\/v2\/types\/product"}],"replies":[{"embeddable":true,"href":"https:\/\/nordicmart.andreevmaster.com\/fi\/wp-json\/wp\/v2\/comments?post=29425"}],"wp:attachment":[{"href":"https:\/\/nordicmart.andreevmaster.com\/fi\/wp-json\/wp\/v2\/media?parent=29425"}],"wp:term":[{"taxonomy":"product_brand","embeddable":true,"href":"https:\/\/nordicmart.andreevmaster.com\/fi\/wp-json\/wp\/v2\/product_brand?post=29425"},{"taxonomy":"product_cat","embeddable":true,"href":"https:\/\/nordicmart.andreevmaster.com\/fi\/wp-json\/wp\/v2\/product_cat?post=29425"},{"taxonomy":"product_tag","embeddable":true,"href":"https:\/\/nordicmart.andreevmaster.com\/fi\/wp-json\/wp\/v2\/product_tag?post=29425"}],"curies":[{"name":"wp","href":"https:\/\/api.w.org\/{rel}","templated":true}]}}