{"id":29424,"date":"2026-02-27T00:06:48","date_gmt":"2026-02-27T00:06:48","guid":{"rendered":"https:\/\/nordicmart.andreevmaster.com\/product\/axi-suuri-kestava-puutarhakeinu-storks-nest-lapsille\/"},"modified":"2026-02-27T09:31:13","modified_gmt":"2026-02-27T09:31:13","slug":"axi-suuri-kestava-puutarhakeinu-storks-nest-lapsille","status":"publish","type":"product","link":"https:\/\/nordicmart.andreevmaster.com\/fi\/tuote\/axi-suuri-kestava-puutarhakeinu-storks-nest-lapsille\/","title":{"rendered":"AXI Suuri kest\u00e4v\u00e4 puutarhakeinu Stork&#8217;s Nest lapsille"},"content":{"rendered":"<p>AXI-keinu \u2013 hauskaa vuosiksi eteenp\u00e4in!<\/p>\n<p>\u2714 Tukeva keinu, jossa on pes\u00e4m\u00e4inen istuin (\u00d8 120 cm), valmistettu vedenpit\u00e4v\u00e4st\u00e4 materiaalista ja jauhemaalatusta ter\u00e4ksest\u00e4<br \/>\n\u2714 Kompaktien mittojensa ansiosta se mahtuu my\u00f6s pieneen puutarhaan, ja sen 2,2 m:n korkeus tarjoaa laajan valikoiman keinumahdollisuuksia<br \/>\n\u2714 Kompaktien mittojensa ansiosta se mahtuu my\u00f6s pieneen puutarhaan, ja 2,2 m:n korkeus tarjoaa monipuoliset keinumahdollisuudet<br \/>\n\u2714 S\u00e4\u00e4dett\u00e4v\u00e4t k\u00f6ydet &#8221;kasvavat&#8221; lapsen mukana, ja nelj\u00e4 maakiinnikett\u00e4 takaavat vakauden<br \/>\n\u2714 S\u00e4\u00e4dett\u00e4v\u00e4t k\u00f6ydet &#8221;kasvavat&#8221; lapsen mukana, ja nelj\u00e4 maakiinnikett\u00e4 takaavat vakauden<\/p>\n<p>\u2714 Ihanteellinen 3\u201310-vuotiaille lapsille, paino enint\u00e4\u00e4n 50 kg. Ominaisuudet:<\/p>\n<p>&#8211; Ik\u00e4 3\u201310<br \/>\n&#8211; Valmistettu jauhemaalatusta ter\u00e4ksest\u00e4, galvanoitu sis\u00e4- ja ulkopuolelta pitk\u00e4kestoisen korroosiosuojan takaamiseksi<br \/>\n&#8211; Valmistettu jauhemaalatusta ter\u00e4ksest\u00e4, galvanoitu sis\u00e4- ja ulkopuolelta pitk\u00e4kestoisen korroosiosuojan takaamiseksi<\/p>\n<p>&#8211; Pehme\u00e4t PP-k\u00f6ydet ja pes\u00e4nmuotoinen keinu, valmistettu vedenpit\u00e4v\u00e4st\u00e4 tekstiilimateriaalista<br \/>\n&#8211; S\u00e4\u00e4dett\u00e4v\u00e4t k\u00f6ydet 39\u201399 cm:n korkeudelle maasta, joten keinu &#8221;kasvaa&#8221; lapsen mukana<br \/>\n&#8211; S\u00e4\u00e4dett\u00e4v\u00e4t k\u00f6ydet 39\u201399 cm:n korkeudelle maasta, joten keinu &#8221;kasvaa&#8221; lapsen mukana<\/p>\n<p>&#8211; Enint\u00e4\u00e4n 1 lapselle,<br \/>\n&#8211; Kantavuus enint\u00e4\u00e4n 50 kg<br \/>\n&#8211; Kantavuus enint\u00e4\u00e4n 50 kg<\/p>\n<p>&#8211; Helppo koota (aikuisen apua tarvitaan)<\/p>\n<p>&#8211; Keinun istuimen halkaisija: \u00d8 120 cm<\/p>\n","protected":false},"excerpt":{"rendered":"<p>AXI-keinu \u2013 hauskaa vuosiksi eteenp\u00e4in! \u2714 Tukeva keinu, jossa on pes\u00e4m\u00e4inen istuin (\u00d8 120 cm), valmistettu vedenpit\u00e4v\u00e4st\u00e4 materiaalista ja jauhemaalatusta ter\u00e4ksest\u00e4 \u2714 Kompaktien mittojensa ansiosta se mahtuu my\u00f6s pieneen puutarhaan, ja sen 2,2 m:n korkeus tarjoaa laajan valikoiman keinumahdollisuuksia \u2714 Kompaktien mittojensa ansiosta se mahtuu my\u00f6s pieneen puutarhaan, ja 2,2 m:n korkeus tarjoaa monipuoliset keinumahdollisuudet [&hellip;]<\/p>\n","protected":false},"featured_media":0,"comment_status":"open","ping_status":"closed","template":"","meta":[],"product_brand":[],"product_cat":[32],"product_tag":[],"class_list":{"0":"post-29424","1":"product","2":"type-product","3":"status-publish","5":"product_cat-uncategorized-fi","7":"first","8":"instock","9":"shipping-taxable","10":"purchasable","11":"product-type-simple"},"_links":{"self":[{"href":"https:\/\/nordicmart.andreevmaster.com\/fi\/wp-json\/wp\/v2\/product\/29424","targetHints":{"allow":["GET"]}}],"collection":[{"href":"https:\/\/nordicmart.andreevmaster.com\/fi\/wp-json\/wp\/v2\/product"}],"about":[{"href":"https:\/\/nordicmart.andreevmaster.com\/fi\/wp-json\/wp\/v2\/types\/product"}],"replies":[{"embeddable":true,"href":"https:\/\/nordicmart.andreevmaster.com\/fi\/wp-json\/wp\/v2\/comments?post=29424"}],"wp:attachment":[{"href":"https:\/\/nordicmart.andreevmaster.com\/fi\/wp-json\/wp\/v2\/media?parent=29424"}],"wp:term":[{"taxonomy":"product_brand","embeddable":true,"href":"https:\/\/nordicmart.andreevmaster.com\/fi\/wp-json\/wp\/v2\/product_brand?post=29424"},{"taxonomy":"product_cat","embeddable":true,"href":"https:\/\/nordicmart.andreevmaster.com\/fi\/wp-json\/wp\/v2\/product_cat?post=29424"},{"taxonomy":"product_tag","embeddable":true,"href":"https:\/\/nordicmart.andreevmaster.com\/fi\/wp-json\/wp\/v2\/product_tag?post=29424"}],"curies":[{"name":"wp","href":"https:\/\/api.w.org\/{rel}","templated":true}]}}