{"id":29423,"date":"2026-02-27T00:06:48","date_gmt":"2026-02-27T00:06:48","guid":{"rendered":"https:\/\/nordicmart.andreevmaster.com\/product\/axi-double-metal-swing-2\/"},"modified":"2026-02-27T09:31:13","modified_gmt":"2026-02-27T09:31:13","slug":"axi-double-metal-swing-2","status":"publish","type":"product","link":"https:\/\/nordicmart.andreevmaster.com\/fi\/tuote\/axi-double-metal-swing-2\/","title":{"rendered":"Axi Double Metal Swing"},"content":{"rendered":"<p>Sarja sis\u00e4lt\u00e4\u00e4 4 ankkuria, jotka varmistavat keinun turvallisen kiinnityksen maahan. Istuimet on valmistettu korkealaatuisesta s\u00e4\u00e4nkest\u00e4v\u00e4st\u00e4 ja UV-s\u00e4teilyn kest\u00e4v\u00e4st\u00e4 muovista. Jokaisen istuimen korkeutta voidaan s\u00e4\u00e4t\u00e4\u00e4.<\/p>\n<p>Enimm\u00e4iskuormitus: 50 kg per istuin (yhteens\u00e4 100 kg)<\/p>\n<p>Keinu on tarkoitettu vain yksityisk\u00e4ytt\u00f6\u00f6n.<\/p>\n","protected":false},"excerpt":{"rendered":"<p>Sarja sis\u00e4lt\u00e4\u00e4 4 ankkuria, jotka varmistavat keinun turvallisen kiinnityksen maahan. Istuimet on valmistettu korkealaatuisesta s\u00e4\u00e4nkest\u00e4v\u00e4st\u00e4 ja UV-s\u00e4teilyn kest\u00e4v\u00e4st\u00e4 muovista. Jokaisen istuimen korkeutta voidaan s\u00e4\u00e4t\u00e4\u00e4. Enimm\u00e4iskuormitus: 50 kg per istuin (yhteens\u00e4 100 kg) Keinu on tarkoitettu vain yksityisk\u00e4ytt\u00f6\u00f6n.<\/p>\n","protected":false},"featured_media":0,"comment_status":"open","ping_status":"closed","template":"","meta":[],"product_brand":[],"product_cat":[32],"product_tag":[],"class_list":{"0":"post-29423","1":"product","2":"type-product","3":"status-publish","5":"product_cat-uncategorized-fi","7":"first","8":"instock","9":"shipping-taxable","10":"purchasable","11":"product-type-simple"},"_links":{"self":[{"href":"https:\/\/nordicmart.andreevmaster.com\/fi\/wp-json\/wp\/v2\/product\/29423","targetHints":{"allow":["GET"]}}],"collection":[{"href":"https:\/\/nordicmart.andreevmaster.com\/fi\/wp-json\/wp\/v2\/product"}],"about":[{"href":"https:\/\/nordicmart.andreevmaster.com\/fi\/wp-json\/wp\/v2\/types\/product"}],"replies":[{"embeddable":true,"href":"https:\/\/nordicmart.andreevmaster.com\/fi\/wp-json\/wp\/v2\/comments?post=29423"}],"wp:attachment":[{"href":"https:\/\/nordicmart.andreevmaster.com\/fi\/wp-json\/wp\/v2\/media?parent=29423"}],"wp:term":[{"taxonomy":"product_brand","embeddable":true,"href":"https:\/\/nordicmart.andreevmaster.com\/fi\/wp-json\/wp\/v2\/product_brand?post=29423"},{"taxonomy":"product_cat","embeddable":true,"href":"https:\/\/nordicmart.andreevmaster.com\/fi\/wp-json\/wp\/v2\/product_cat?post=29423"},{"taxonomy":"product_tag","embeddable":true,"href":"https:\/\/nordicmart.andreevmaster.com\/fi\/wp-json\/wp\/v2\/product_tag?post=29423"}],"curies":[{"name":"wp","href":"https:\/\/api.w.org\/{rel}","templated":true}]}}