{"id":29422,"date":"2026-02-27T00:06:48","date_gmt":"2026-02-27T00:06:48","guid":{"rendered":"https:\/\/nordicmart.andreevmaster.com\/product\/axi-yksittainen-keinu-iso-runko\/"},"modified":"2026-02-27T09:31:13","modified_gmt":"2026-02-27T09:31:13","slug":"axi-yksittainen-keinu-iso-runko","status":"publish","type":"product","link":"https:\/\/nordicmart.andreevmaster.com\/fi\/tuote\/axi-yksittainen-keinu-iso-runko\/","title":{"rendered":"AXI Yksitt\u00e4inen keinu, iso runko"},"content":{"rendered":"<p>Tunnettu AXI-yrityksen yksitt\u00e4inen metallikeinu tarjoaa lapsille rentoutusta ja nautintoa vapaa-aikana.<\/p>\n<p>\u2714 Moderni, v\u00e4rik\u00e4s runko on s\u00e4\u00e4nkest\u00e4v\u00e4 ja tukeva, ja sen koon ansiosta se mahtuu my\u00f6s pieniin puutarhoihin<\/p>\n<p>\u2714 Lis\u00e4korkeudellaan, joka on l\u00e4hes 2,2 metri\u00e4, runko tarjoaa entist\u00e4 suuremman keinun. Metallikeinu on valmistettu jauhemaalatusta ter\u00e4ksest\u00e4 ja se on galvanoitu sis\u00e4- ja ulkopuolelta. \u2714 Lis\u00e4turvallisuuden takaamiseksi keinu on varustettu nelj\u00e4ll\u00e4 maakiinnikkeell\u00e4, jotka asennetaan betoniin maahan. \u2714 PP-muovista valmistetut keinutuolit ovat eritt\u00e4in helppoja puhdistaa, joten voit keinua heti kevyen sateen j\u00e4lkeen. \u2714 Keinu kasvaa lapsen mukana s\u00e4\u00e4dett\u00e4vien k\u00f6ysien ansiosta, mik\u00e4 takaa pitk\u00e4n k\u00e4ytt\u00f6i\u00e4n.Ominaisuudet:<\/p>\n<p>* &#8211; Arvioidut mitat (PxLxK) 140 x 210 x 217 (cm),<br \/>\n* &#8211; Valmistettu jauhemaalatusta ter\u00e4ksest\u00e4, galvanoitu sis\u00e4- ja ulkopuolelta, mik\u00e4 takaa pitk\u00e4aikaisen suojan ruostetta vastaan,<br \/>\n* &#8211; Pehme\u00e4t PP-k\u00f6ydet ja kaksi ruiskupuristettua muovista PP-keinuistuinta,<br \/>\n* &#8211; S\u00e4\u00e4dett\u00e4v\u00e4t k\u00f6ydet 39 cm:st\u00e4 99 cm:iin maanpinnan yl\u00e4puolelle takaavat pitk\u00e4n k\u00e4ytt\u00f6i\u00e4n,<br \/>\n* &#8211; Sis\u00e4lt\u00e4\u00e4 4 maakiinnikett\u00e4 betonoitavaksi maahan,<br \/>\n* &#8211; Enimm\u00e4isk\u00e4ytt\u00e4j\u00e4paino 50 kg per keinuistuin,<br \/>\n* &#8211; Helppo asentaa (vaatii aikuisen valvonnan).<\/p>\n","protected":false},"excerpt":{"rendered":"<p>Tunnettu AXI-yrityksen yksitt\u00e4inen metallikeinu tarjoaa lapsille rentoutusta ja nautintoa vapaa-aikana. \u2714 Moderni, v\u00e4rik\u00e4s runko on s\u00e4\u00e4nkest\u00e4v\u00e4 ja tukeva, ja sen koon ansiosta se mahtuu my\u00f6s pieniin puutarhoihin \u2714 Lis\u00e4korkeudellaan, joka on l\u00e4hes 2,2 metri\u00e4, runko tarjoaa entist\u00e4 suuremman keinun. Metallikeinu on valmistettu jauhemaalatusta ter\u00e4ksest\u00e4 ja se on galvanoitu sis\u00e4- ja ulkopuolelta. \u2714 Lis\u00e4turvallisuuden takaamiseksi keinu [&hellip;]<\/p>\n","protected":false},"featured_media":0,"comment_status":"open","ping_status":"closed","template":"","meta":[],"product_brand":[],"product_cat":[32],"product_tag":[],"class_list":{"0":"post-29422","1":"product","2":"type-product","3":"status-publish","5":"product_cat-uncategorized-fi","7":"first","8":"instock","9":"shipping-taxable","10":"purchasable","11":"product-type-simple"},"_links":{"self":[{"href":"https:\/\/nordicmart.andreevmaster.com\/fi\/wp-json\/wp\/v2\/product\/29422","targetHints":{"allow":["GET"]}}],"collection":[{"href":"https:\/\/nordicmart.andreevmaster.com\/fi\/wp-json\/wp\/v2\/product"}],"about":[{"href":"https:\/\/nordicmart.andreevmaster.com\/fi\/wp-json\/wp\/v2\/types\/product"}],"replies":[{"embeddable":true,"href":"https:\/\/nordicmart.andreevmaster.com\/fi\/wp-json\/wp\/v2\/comments?post=29422"}],"wp:attachment":[{"href":"https:\/\/nordicmart.andreevmaster.com\/fi\/wp-json\/wp\/v2\/media?parent=29422"}],"wp:term":[{"taxonomy":"product_brand","embeddable":true,"href":"https:\/\/nordicmart.andreevmaster.com\/fi\/wp-json\/wp\/v2\/product_brand?post=29422"},{"taxonomy":"product_cat","embeddable":true,"href":"https:\/\/nordicmart.andreevmaster.com\/fi\/wp-json\/wp\/v2\/product_cat?post=29422"},{"taxonomy":"product_tag","embeddable":true,"href":"https:\/\/nordicmart.andreevmaster.com\/fi\/wp-json\/wp\/v2\/product_tag?post=29422"}],"curies":[{"name":"wp","href":"https:\/\/api.w.org\/{rel}","templated":true}]}}