{"id":29421,"date":"2026-02-27T00:06:48","date_gmt":"2026-02-27T00:06:48","guid":{"rendered":"https:\/\/nordicmart.andreevmaster.com\/product\/axi-puinen-keinu-istuimella-harmaa-leikkikentta\/"},"modified":"2026-02-27T09:31:13","modified_gmt":"2026-02-27T09:31:13","slug":"axi-puinen-keinu-istuimella-harmaa-leikkikentta","status":"publish","type":"product","link":"https:\/\/nordicmart.andreevmaster.com\/fi\/tuote\/axi-puinen-keinu-istuimella-harmaa-leikkikentta\/","title":{"rendered":"AXI Puinen keinu istuimella, harmaa leikkikentt\u00e4"},"content":{"rendered":"<p>Axi puinen keinu, harmaa leikkikentt\u00e4 Axi puinen keinu koostuu yhdest\u00e4 perinteisest\u00e4 keinusta. Leve\u00e4n j\u00e4nnev\u00e4lin ansiosta se tarjoaa unohtumattomia hetki\u00e4 ulkoilusta, naurusta ja hauskanpidosta monien vuosien ajan, kuten kaikki muutkin Axi-tuotteet. Leikkikentt\u00e4 on valmistettu korkealaatuisesta massiivipuusta, ja siin\u00e4 on metalli- ja muoviosia. Puinen keinu on suunniteltu toimitettujen osien itseasennusta varten. Keinun puuosat ovat FSC-sertifioituja, mik\u00e4 on osoitus ekologisten periaatteiden noudattamisesta mets\u00e4nhoitoprosesseissa ja puun tuotannossa uusiutuvista l\u00e4hteist\u00e4.<\/p>\n","protected":false},"excerpt":{"rendered":"<p>Axi puinen keinu, harmaa leikkikentt\u00e4 Axi puinen keinu koostuu yhdest\u00e4 perinteisest\u00e4 keinusta. Leve\u00e4n j\u00e4nnev\u00e4lin ansiosta se tarjoaa unohtumattomia hetki\u00e4 ulkoilusta, naurusta ja hauskanpidosta monien vuosien ajan, kuten kaikki muutkin Axi-tuotteet. Leikkikentt\u00e4 on valmistettu korkealaatuisesta massiivipuusta, ja siin\u00e4 on metalli- ja muoviosia. Puinen keinu on suunniteltu toimitettujen osien itseasennusta varten. Keinun puuosat ovat FSC-sertifioituja, mik\u00e4 on [&hellip;]<\/p>\n","protected":false},"featured_media":0,"comment_status":"open","ping_status":"closed","template":"","meta":[],"product_brand":[],"product_cat":[32],"product_tag":[],"class_list":{"0":"post-29421","1":"product","2":"type-product","3":"status-publish","5":"product_cat-uncategorized-fi","7":"first","8":"instock","9":"shipping-taxable","10":"purchasable","11":"product-type-simple"},"_links":{"self":[{"href":"https:\/\/nordicmart.andreevmaster.com\/fi\/wp-json\/wp\/v2\/product\/29421","targetHints":{"allow":["GET"]}}],"collection":[{"href":"https:\/\/nordicmart.andreevmaster.com\/fi\/wp-json\/wp\/v2\/product"}],"about":[{"href":"https:\/\/nordicmart.andreevmaster.com\/fi\/wp-json\/wp\/v2\/types\/product"}],"replies":[{"embeddable":true,"href":"https:\/\/nordicmart.andreevmaster.com\/fi\/wp-json\/wp\/v2\/comments?post=29421"}],"wp:attachment":[{"href":"https:\/\/nordicmart.andreevmaster.com\/fi\/wp-json\/wp\/v2\/media?parent=29421"}],"wp:term":[{"taxonomy":"product_brand","embeddable":true,"href":"https:\/\/nordicmart.andreevmaster.com\/fi\/wp-json\/wp\/v2\/product_brand?post=29421"},{"taxonomy":"product_cat","embeddable":true,"href":"https:\/\/nordicmart.andreevmaster.com\/fi\/wp-json\/wp\/v2\/product_cat?post=29421"},{"taxonomy":"product_tag","embeddable":true,"href":"https:\/\/nordicmart.andreevmaster.com\/fi\/wp-json\/wp\/v2\/product_tag?post=29421"}],"curies":[{"name":"wp","href":"https:\/\/api.w.org\/{rel}","templated":true}]}}