{"id":29419,"date":"2026-02-27T00:06:47","date_gmt":"2026-02-27T00:06:47","guid":{"rendered":"https:\/\/nordicmart.andreevmaster.com\/product\/axi-roxy-nest-brown-wooden-swing-2\/"},"modified":"2026-02-27T09:31:13","modified_gmt":"2026-02-27T09:31:13","slug":"axi-roxy-nest-brown-wooden-swing-2","status":"publish","type":"product","link":"https:\/\/nordicmart.andreevmaster.com\/fi\/tuote\/axi-roxy-nest-brown-wooden-swing-2\/","title":{"rendered":"AXI Roxy Nest Brown Wooden Swing"},"content":{"rendered":"<p>AXI:n Roxy Nest Brown Wooden Swing koostuu yhdest\u00e4 keinusta. Leve\u00e4n j\u00e4nnev\u00e4lin ansiosta se tarjoaa unohtumattomia hetki\u00e4 ulkoilusta, naurusta ja hauskanpidosta monien vuosien ajan, kuten kaikki muutkin Axi-tuotteet. Se on valmistettu korkealaatuisesta massiivipuusta, ja siin\u00e4 on metalli- ja muoviosia. Puinen keinu on suunniteltu toimitettujen osien itseasennusta varten. Keinun puuosat ovat FSC-sertifioituja, mik\u00e4 on osoitus ekologisten periaatteiden noudattamisesta mets\u00e4tuotantoprosesseissa ja uusiutuvista l\u00e4hteist\u00e4 per\u00e4isin olevan puun k\u00e4yt\u00f6st\u00e4.<\/p>\n","protected":false},"excerpt":{"rendered":"<p>AXI:n Roxy Nest Brown Wooden Swing koostuu yhdest\u00e4 keinusta. Leve\u00e4n j\u00e4nnev\u00e4lin ansiosta se tarjoaa unohtumattomia hetki\u00e4 ulkoilusta, naurusta ja hauskanpidosta monien vuosien ajan, kuten kaikki muutkin Axi-tuotteet. Se on valmistettu korkealaatuisesta massiivipuusta, ja siin\u00e4 on metalli- ja muoviosia. Puinen keinu on suunniteltu toimitettujen osien itseasennusta varten. Keinun puuosat ovat FSC-sertifioituja, mik\u00e4 on osoitus ekologisten periaatteiden [&hellip;]<\/p>\n","protected":false},"featured_media":0,"comment_status":"open","ping_status":"closed","template":"","meta":[],"product_brand":[],"product_cat":[32],"product_tag":[],"class_list":{"0":"post-29419","1":"product","2":"type-product","3":"status-publish","5":"product_cat-uncategorized-fi","7":"first","8":"instock","9":"shipping-taxable","10":"purchasable","11":"product-type-simple"},"_links":{"self":[{"href":"https:\/\/nordicmart.andreevmaster.com\/fi\/wp-json\/wp\/v2\/product\/29419","targetHints":{"allow":["GET"]}}],"collection":[{"href":"https:\/\/nordicmart.andreevmaster.com\/fi\/wp-json\/wp\/v2\/product"}],"about":[{"href":"https:\/\/nordicmart.andreevmaster.com\/fi\/wp-json\/wp\/v2\/types\/product"}],"replies":[{"embeddable":true,"href":"https:\/\/nordicmart.andreevmaster.com\/fi\/wp-json\/wp\/v2\/comments?post=29419"}],"wp:attachment":[{"href":"https:\/\/nordicmart.andreevmaster.com\/fi\/wp-json\/wp\/v2\/media?parent=29419"}],"wp:term":[{"taxonomy":"product_brand","embeddable":true,"href":"https:\/\/nordicmart.andreevmaster.com\/fi\/wp-json\/wp\/v2\/product_brand?post=29419"},{"taxonomy":"product_cat","embeddable":true,"href":"https:\/\/nordicmart.andreevmaster.com\/fi\/wp-json\/wp\/v2\/product_cat?post=29419"},{"taxonomy":"product_tag","embeddable":true,"href":"https:\/\/nordicmart.andreevmaster.com\/fi\/wp-json\/wp\/v2\/product_tag?post=29419"}],"curies":[{"name":"wp","href":"https:\/\/api.w.org\/{rel}","templated":true}]}}