{"id":29418,"date":"2026-02-27T00:06:47","date_gmt":"2026-02-27T00:06:47","guid":{"rendered":"https:\/\/nordicmart.andreevmaster.com\/product\/falk-case-ih-kaivutraktori-oranssi-peravaunulla-siirrettavalla-kauhalla-3-vuotta\/"},"modified":"2026-02-27T09:31:12","modified_gmt":"2026-02-27T09:31:12","slug":"falk-case-ih-kaivutraktori-oranssi-peravaunulla-siirrettavalla-kauhalla-3-vuotta","status":"publish","type":"product","link":"https:\/\/nordicmart.andreevmaster.com\/fi\/tuote\/falk-case-ih-kaivutraktori-oranssi-peravaunulla-siirrettavalla-kauhalla-3-vuotta\/","title":{"rendered":"FALK Case IH -kaivutraktori, oranssi, per\u00e4vaunulla, siirrett\u00e4v\u00e4ll\u00e4 kauhalla, 3 vuotta"},"content":{"rendered":"<p>FALK:n Case IH -kaivutraktori on monen pienen traktorinkuljettajan unelmien t\u00e4yttymys. Huolellisesti valmistettu pienimpi\u00e4kin yksityiskohtia my\u00f6ten! Yksik\u00e4\u00e4n maanviljelij\u00e4 ei k\u00e4\u00e4nt\u00e4isi sille selk\u00e4\u00e4ns\u00e4. Polkuauto \u2013 t\u00e4ydellinen lahja jokaiselle pikkulapselle. Uusin CASE BACKHOE -polkuauto lapsille, jossa on kauha, kuormaaja ja per\u00e4vaunu, on valmistettu korkealaatuisesta muovista. Siin\u00e4 on k\u00e4\u00e4ntyv\u00e4 istuin. Ajoneuvo on suunniteltu 3-vuotiaille ja sit\u00e4 vanhemmille lapsille. Jokainen nuori traktorinkuljettaja rakastaa t\u00e4t\u00e4 mallia. Ajoneuvo on valmistettu alkuper\u00e4isiss\u00e4 v\u00e4reiss\u00e4. Ominaisuudet: * &#8211; 3-vuotiaille ja sit\u00e4 vanhemmille lapsille, * &#8211; enimm\u00e4iskuorma 50 kg, * &#8211; torvi ohjaustangossa, * &#8211; ketjuveto taka-akselille,* &#8211; irrotettava CLAAS-per\u00e4vaunu,<br \/>\n* &#8211; ohjattava etuakseli,<br \/>\n* &#8211; liikkuva etukauha,<br \/>\n* &#8211; varustettu toimivalla kuormaajalla,<br \/>\n* &#8211; py\u00f6r\u00e4t valmistettu korkealaatuisesta muovista,<br \/>\n* &#8211; vakaa ja turvallinen,<br \/>\n* &#8211; tuote vaatii osittaisen kokoonpanon.<\/p>\n<p>Falk on johtava eurooppalainen korkealaatuisten polkuautojen valmistaja. Yhti\u00f6n tuotevalikoimaan kuuluu Claas-, Renault-, McCormick-, Kubota-, Case IH- ja muiden merkkien lisensoimia traktoreita. Kaikki ajoneuvot valmistetaan Ranskassa korkealaatuisista materiaaleista.<\/p>\n","protected":false},"excerpt":{"rendered":"<p>FALK:n Case IH -kaivutraktori on monen pienen traktorinkuljettajan unelmien t\u00e4yttymys. Huolellisesti valmistettu pienimpi\u00e4kin yksityiskohtia my\u00f6ten! Yksik\u00e4\u00e4n maanviljelij\u00e4 ei k\u00e4\u00e4nt\u00e4isi sille selk\u00e4\u00e4ns\u00e4. Polkuauto \u2013 t\u00e4ydellinen lahja jokaiselle pikkulapselle. Uusin CASE BACKHOE -polkuauto lapsille, jossa on kauha, kuormaaja ja per\u00e4vaunu, on valmistettu korkealaatuisesta muovista. Siin\u00e4 on k\u00e4\u00e4ntyv\u00e4 istuin. Ajoneuvo on suunniteltu 3-vuotiaille ja sit\u00e4 vanhemmille lapsille. Jokainen [&hellip;]<\/p>\n","protected":false},"featured_media":0,"comment_status":"open","ping_status":"closed","template":"","meta":[],"product_brand":[],"product_cat":[32],"product_tag":[],"class_list":{"0":"post-29418","1":"product","2":"type-product","3":"status-publish","5":"product_cat-uncategorized-fi","7":"first","8":"instock","9":"shipping-taxable","10":"purchasable","11":"product-type-simple"},"_links":{"self":[{"href":"https:\/\/nordicmart.andreevmaster.com\/fi\/wp-json\/wp\/v2\/product\/29418","targetHints":{"allow":["GET"]}}],"collection":[{"href":"https:\/\/nordicmart.andreevmaster.com\/fi\/wp-json\/wp\/v2\/product"}],"about":[{"href":"https:\/\/nordicmart.andreevmaster.com\/fi\/wp-json\/wp\/v2\/types\/product"}],"replies":[{"embeddable":true,"href":"https:\/\/nordicmart.andreevmaster.com\/fi\/wp-json\/wp\/v2\/comments?post=29418"}],"wp:attachment":[{"href":"https:\/\/nordicmart.andreevmaster.com\/fi\/wp-json\/wp\/v2\/media?parent=29418"}],"wp:term":[{"taxonomy":"product_brand","embeddable":true,"href":"https:\/\/nordicmart.andreevmaster.com\/fi\/wp-json\/wp\/v2\/product_brand?post=29418"},{"taxonomy":"product_cat","embeddable":true,"href":"https:\/\/nordicmart.andreevmaster.com\/fi\/wp-json\/wp\/v2\/product_cat?post=29418"},{"taxonomy":"product_tag","embeddable":true,"href":"https:\/\/nordicmart.andreevmaster.com\/fi\/wp-json\/wp\/v2\/product_tag?post=29418"}],"curies":[{"name":"wp","href":"https:\/\/api.w.org\/{rel}","templated":true}]}}