{"id":29416,"date":"2026-02-27T00:06:47","date_gmt":"2026-02-27T00:06:47","guid":{"rendered":"https:\/\/nordicmart.andreevmaster.com\/product\/falk-joskin-sailioperavaunu-3-vuotiaille-ja-sita-vanhemmille-lapsille\/"},"modified":"2026-02-27T09:31:12","modified_gmt":"2026-02-27T09:31:12","slug":"falk-joskin-sailioperavaunu-3-vuotiaille-ja-sita-vanhemmille-lapsille","status":"publish","type":"product","link":"https:\/\/nordicmart.andreevmaster.com\/fi\/tuote\/falk-joskin-sailioperavaunu-3-vuotiaille-ja-sita-vanhemmille-lapsille\/","title":{"rendered":"FALK Joskin-s\u00e4ili\u00f6per\u00e4vaunu 3-vuotiaille ja sit\u00e4 vanhemmille lapsille"},"content":{"rendered":"<p>Falk-per\u00e4vaunu on valmistettu Ranskassa korkealaatuisista materiaaleista maatalouskonevalmistaja Joskinin lisenssill\u00e4. Hauskaa on kaataa vett\u00e4 suureen s\u00e4ili\u00f6\u00f6n ja kastella sitten viljelyksi\u00e4. Joskin-s\u00e4ili\u00f6auto sopii kaikkiin FALK-traktoreihin 3-vuotiaille ja sit\u00e4 vanhemmille lapsille. Per\u00e4vaunun py\u00f6r\u00e4t on valmistettu korkealaatuisesta muovista. Ominaisuudet: * &#8211; suurille traktoreille 3-vuotiaille ja sit\u00e4 vanhemmille lapsille, * &#8211; 30 litran s\u00e4ili\u00f6, * &#8211; hana, * &#8211; kaatonokka.<\/p>\n<p>Falk on johtava eurooppalainen korkealaatuisten polkuautojen valmistaja. Yhti\u00f6n valikoimaan kuuluu Claas-, Renault-, McCormick-, Kubota-, Case IH- ja muiden merkkien lisensoimia traktoreita. Kaikki ajoneuvot valmistetaan Ranskassa korkealaatuisista materiaaleista.<\/p>\n","protected":false},"excerpt":{"rendered":"<p>Falk-per\u00e4vaunu on valmistettu Ranskassa korkealaatuisista materiaaleista maatalouskonevalmistaja Joskinin lisenssill\u00e4. Hauskaa on kaataa vett\u00e4 suureen s\u00e4ili\u00f6\u00f6n ja kastella sitten viljelyksi\u00e4. Joskin-s\u00e4ili\u00f6auto sopii kaikkiin FALK-traktoreihin 3-vuotiaille ja sit\u00e4 vanhemmille lapsille. Per\u00e4vaunun py\u00f6r\u00e4t on valmistettu korkealaatuisesta muovista. Ominaisuudet: * &#8211; suurille traktoreille 3-vuotiaille ja sit\u00e4 vanhemmille lapsille, * &#8211; 30 litran s\u00e4ili\u00f6, * &#8211; hana, * &#8211; kaatonokka. [&hellip;]<\/p>\n","protected":false},"featured_media":0,"comment_status":"open","ping_status":"closed","template":"","meta":[],"product_brand":[],"product_cat":[32],"product_tag":[],"class_list":{"0":"post-29416","1":"product","2":"type-product","3":"status-publish","5":"product_cat-uncategorized-fi","7":"first","8":"instock","9":"shipping-taxable","10":"purchasable","11":"product-type-simple"},"_links":{"self":[{"href":"https:\/\/nordicmart.andreevmaster.com\/fi\/wp-json\/wp\/v2\/product\/29416","targetHints":{"allow":["GET"]}}],"collection":[{"href":"https:\/\/nordicmart.andreevmaster.com\/fi\/wp-json\/wp\/v2\/product"}],"about":[{"href":"https:\/\/nordicmart.andreevmaster.com\/fi\/wp-json\/wp\/v2\/types\/product"}],"replies":[{"embeddable":true,"href":"https:\/\/nordicmart.andreevmaster.com\/fi\/wp-json\/wp\/v2\/comments?post=29416"}],"wp:attachment":[{"href":"https:\/\/nordicmart.andreevmaster.com\/fi\/wp-json\/wp\/v2\/media?parent=29416"}],"wp:term":[{"taxonomy":"product_brand","embeddable":true,"href":"https:\/\/nordicmart.andreevmaster.com\/fi\/wp-json\/wp\/v2\/product_brand?post=29416"},{"taxonomy":"product_cat","embeddable":true,"href":"https:\/\/nordicmart.andreevmaster.com\/fi\/wp-json\/wp\/v2\/product_cat?post=29416"},{"taxonomy":"product_tag","embeddable":true,"href":"https:\/\/nordicmart.andreevmaster.com\/fi\/wp-json\/wp\/v2\/product_tag?post=29416"}],"curies":[{"name":"wp","href":"https:\/\/api.w.org\/{rel}","templated":true}]}}