{"id":29415,"date":"2026-02-27T00:06:47","date_gmt":"2026-02-27T00:06:47","guid":{"rendered":"https:\/\/nordicmart.andreevmaster.com\/product\/falk-claas-sailioauto-3-7-vuotta\/"},"modified":"2026-02-27T09:31:12","modified_gmt":"2026-02-27T09:31:12","slug":"falk-claas-sailioauto-3-7-vuotta","status":"publish","type":"product","link":"https:\/\/nordicmart.andreevmaster.com\/fi\/tuote\/falk-claas-sailioauto-3-7-vuotta\/","title":{"rendered":"FALK Claas s\u00e4ili\u00f6auto 3\u20137 vuotta"},"content":{"rendered":"<p>Falk Claas s\u00e4ili\u00f6auto<\/p>\n<p>Claas-s\u00e4ili\u00f6auto on valmistettu Ranskassa korkealaatuisista materiaaleista ja sopii kaikkiin Falk-traktoreihin 3\u20137-vuotiaille lapsille. Kun se on kytketty Falk-traktoriin, lapset voivat helposti kastella kasveja puutarhassa ja samalla pit\u00e4\u00e4 hauskaa! Lelu yhdist\u00e4\u00e4 leikin kasvien hoidon oppimiseen, luovuuden ja vastuuntuntoisuuden kehitt\u00e4miseen.Ominaisuudet:<\/p>\n<p>* &#8211; 3\u20137-vuotiaille lapsille<br \/>\n* &#8211; Lelun mitat: 87 x 53 x 52 cm<br \/>\n* &#8211; Voidaan liitt\u00e4\u00e4 kaikkiin Falk-traktoreihin 3\u20137-vuotiaille lapsille<br \/>\n* &#8211; Realistinen muotoilu, joka on saanut inspiraationsa maatalouskoneista<\/p>\n<p>[img-126893-left-thickbox_default]<\/p>\n<p>[img-126892-left-thickbox_default]<\/p>\n<p>[img-126894-left-thickbox_default]<\/p>\n","protected":false},"excerpt":{"rendered":"<p>Falk Claas s\u00e4ili\u00f6auto Claas-s\u00e4ili\u00f6auto on valmistettu Ranskassa korkealaatuisista materiaaleista ja sopii kaikkiin Falk-traktoreihin 3\u20137-vuotiaille lapsille. Kun se on kytketty Falk-traktoriin, lapset voivat helposti kastella kasveja puutarhassa ja samalla pit\u00e4\u00e4 hauskaa! Lelu yhdist\u00e4\u00e4 leikin kasvien hoidon oppimiseen, luovuuden ja vastuuntuntoisuuden kehitt\u00e4miseen.Ominaisuudet: * &#8211; 3\u20137-vuotiaille lapsille * &#8211; Lelun mitat: 87 x 53 x 52 cm * [&hellip;]<\/p>\n","protected":false},"featured_media":0,"comment_status":"open","ping_status":"closed","template":"","meta":[],"product_brand":[],"product_cat":[32],"product_tag":[],"class_list":{"0":"post-29415","1":"product","2":"type-product","3":"status-publish","5":"product_cat-uncategorized-fi","7":"first","8":"instock","9":"shipping-taxable","10":"purchasable","11":"product-type-simple"},"_links":{"self":[{"href":"https:\/\/nordicmart.andreevmaster.com\/fi\/wp-json\/wp\/v2\/product\/29415","targetHints":{"allow":["GET"]}}],"collection":[{"href":"https:\/\/nordicmart.andreevmaster.com\/fi\/wp-json\/wp\/v2\/product"}],"about":[{"href":"https:\/\/nordicmart.andreevmaster.com\/fi\/wp-json\/wp\/v2\/types\/product"}],"replies":[{"embeddable":true,"href":"https:\/\/nordicmart.andreevmaster.com\/fi\/wp-json\/wp\/v2\/comments?post=29415"}],"wp:attachment":[{"href":"https:\/\/nordicmart.andreevmaster.com\/fi\/wp-json\/wp\/v2\/media?parent=29415"}],"wp:term":[{"taxonomy":"product_brand","embeddable":true,"href":"https:\/\/nordicmart.andreevmaster.com\/fi\/wp-json\/wp\/v2\/product_brand?post=29415"},{"taxonomy":"product_cat","embeddable":true,"href":"https:\/\/nordicmart.andreevmaster.com\/fi\/wp-json\/wp\/v2\/product_cat?post=29415"},{"taxonomy":"product_tag","embeddable":true,"href":"https:\/\/nordicmart.andreevmaster.com\/fi\/wp-json\/wp\/v2\/product_tag?post=29415"}],"curies":[{"name":"wp","href":"https:\/\/api.w.org\/{rel}","templated":true}]}}