{"id":29414,"date":"2026-02-27T00:06:46","date_gmt":"2026-02-27T00:06:46","guid":{"rendered":"https:\/\/nordicmart.andreevmaster.com\/product\/falk-claas-ajotraktori-peravaunulla-kuormaajalla-ja-kauhalla\/"},"modified":"2026-02-27T09:31:12","modified_gmt":"2026-02-27T09:31:12","slug":"falk-claas-ajotraktori-peravaunulla-kuormaajalla-ja-kauhalla","status":"publish","type":"product","link":"https:\/\/nordicmart.andreevmaster.com\/fi\/tuote\/falk-claas-ajotraktori-peravaunulla-kuormaajalla-ja-kauhalla\/","title":{"rendered":"FALK Claas-ajotraktori per\u00e4vaunulla, kuormaajalla ja kauhalla"},"content":{"rendered":"<p>Falkin Class-ajotraktori per\u00e4vaunulla on monen pienen traktorinkuljettajan unelmien t\u00e4yttymys. Huolellisesti valmistettu pienimpi\u00e4kin yksityiskohtia my\u00f6ten. Kukaan oikea maanviljelij\u00e4 ei kielt\u00e4ytyisi siit\u00e4. CLAAS-traktori, jossa on kauha, kuormaaja ja per\u00e4vaunu, on valmistettu korkealaatuisista materiaaleista. Ajoneuvo on tarkoitettu 12 kuukauden ik\u00e4isille lapsille. Ajoneuvo on varustettu irrotettavalla per\u00e4vaunulla, jossa on sivupaneelit, sek\u00e4 ohjauspy\u00f6r\u00e4ll\u00e4, jossa on \u00e4\u00e4nimerkki.Ominaisuudet:<\/p>\n<p>* &#8211; 12 kuukaudesta alkaen<br \/>\n* &#8211; Enimm\u00e4iskuorma 25 kg<br \/>\n* &#8211; \u00c4\u00e4nitorvi ohjaustangossa<br \/>\n* &#8211; Irrotettava per\u00e4vaunu<br \/>\n* &#8211; Liikkuva kauha<br \/>\n* &#8211; Ohjattava etuakseli<br \/>\n* &#8211; Py\u00f6r\u00e4t valmistettu korkealaatuisesta muovista<br \/>\n* &#8211; Vakaa ja turvallinen<br \/>\n* &#8211; Osittain koottava tuote<\/p>\n<p>Setti sis\u00e4lt\u00e4\u00e4:<\/p>\n<p>* &#8211; Ajetun traktorin, jossa on kuormaaja ja kauha<br \/>\n* &#8211; Irrotettavan per\u00e4vaunun<\/p>\n<p>Lelu kehitt\u00e4\u00e4:<\/p>\n<p>* &#8211; Karkeamotorisia taitoja<br \/>\n* &#8211; Mielikuvitusta ja luovuutta<br \/>\n* &#8211; Rohkeutta ja itseluottamusta<\/p>\n","protected":false},"excerpt":{"rendered":"<p>Falkin Class-ajotraktori per\u00e4vaunulla on monen pienen traktorinkuljettajan unelmien t\u00e4yttymys. Huolellisesti valmistettu pienimpi\u00e4kin yksityiskohtia my\u00f6ten. Kukaan oikea maanviljelij\u00e4 ei kielt\u00e4ytyisi siit\u00e4. CLAAS-traktori, jossa on kauha, kuormaaja ja per\u00e4vaunu, on valmistettu korkealaatuisista materiaaleista. Ajoneuvo on tarkoitettu 12 kuukauden ik\u00e4isille lapsille. Ajoneuvo on varustettu irrotettavalla per\u00e4vaunulla, jossa on sivupaneelit, sek\u00e4 ohjauspy\u00f6r\u00e4ll\u00e4, jossa on \u00e4\u00e4nimerkki.Ominaisuudet: * &#8211; 12 kuukaudesta [&hellip;]<\/p>\n","protected":false},"featured_media":0,"comment_status":"open","ping_status":"closed","template":"","meta":[],"product_brand":[],"product_cat":[32],"product_tag":[],"class_list":{"0":"post-29414","1":"product","2":"type-product","3":"status-publish","5":"product_cat-uncategorized-fi","7":"first","8":"instock","9":"shipping-taxable","10":"purchasable","11":"product-type-simple"},"_links":{"self":[{"href":"https:\/\/nordicmart.andreevmaster.com\/fi\/wp-json\/wp\/v2\/product\/29414","targetHints":{"allow":["GET"]}}],"collection":[{"href":"https:\/\/nordicmart.andreevmaster.com\/fi\/wp-json\/wp\/v2\/product"}],"about":[{"href":"https:\/\/nordicmart.andreevmaster.com\/fi\/wp-json\/wp\/v2\/types\/product"}],"replies":[{"embeddable":true,"href":"https:\/\/nordicmart.andreevmaster.com\/fi\/wp-json\/wp\/v2\/comments?post=29414"}],"wp:attachment":[{"href":"https:\/\/nordicmart.andreevmaster.com\/fi\/wp-json\/wp\/v2\/media?parent=29414"}],"wp:term":[{"taxonomy":"product_brand","embeddable":true,"href":"https:\/\/nordicmart.andreevmaster.com\/fi\/wp-json\/wp\/v2\/product_brand?post=29414"},{"taxonomy":"product_cat","embeddable":true,"href":"https:\/\/nordicmart.andreevmaster.com\/fi\/wp-json\/wp\/v2\/product_cat?post=29414"},{"taxonomy":"product_tag","embeddable":true,"href":"https:\/\/nordicmart.andreevmaster.com\/fi\/wp-json\/wp\/v2\/product_tag?post=29414"}],"curies":[{"name":"wp","href":"https:\/\/api.w.org\/{rel}","templated":true}]}}