{"id":29413,"date":"2026-02-27T00:06:46","date_gmt":"2026-02-27T00:06:46","guid":{"rendered":"https:\/\/nordicmart.andreevmaster.com\/product\/falk-ajo-traktori-peravaunulla-ja-lapioilla\/"},"modified":"2026-02-27T09:31:12","modified_gmt":"2026-02-27T09:31:12","slug":"falk-ajo-traktori-peravaunulla-ja-lapioilla","status":"publish","type":"product","link":"https:\/\/nordicmart.andreevmaster.com\/fi\/tuote\/falk-ajo-traktori-peravaunulla-ja-lapioilla\/","title":{"rendered":"FALK Ajo-traktori per\u00e4vaunulla ja lapioilla"},"content":{"rendered":"<p>Falkin Class-ajettava traktori per\u00e4vaunulla on monen pienen traktorinkuljettajan unelmien t\u00e4yttymys. Huolellisesti valmistettu pienimpi\u00e4kin yksityiskohtia my\u00f6ten. Kukaan oikea maanviljelij\u00e4 ei kielt\u00e4ytyisi siit\u00e4. CLAAS-traktori, jossa on kauha ja per\u00e4vaunu, on valmistettu korkealaatuisista materiaaleista. Ajoneuvo on suunniteltu 12 kuukauden ik\u00e4isille lapsille. Ajoneuvo on varustettu irrotettavalla per\u00e4vaunulla, jossa on sivupaneelit, sek\u00e4 ohjauspy\u00f6r\u00e4ll\u00e4, jossa on \u00e4\u00e4nimerkki.Ominaisuudet:<\/p>\n<p>* &#8211; 12 kuukaudesta alkaen,<br \/>\n* &#8211; enimm\u00e4iskuorma 25 kg,<br \/>\n* &#8211; \u00e4\u00e4nitorvi ohjauspy\u00f6r\u00e4ss\u00e4,<br \/>\n* &#8211; irrotettava per\u00e4vaunu<br \/>\n* &#8211; liikkuva kauha<br \/>\n* &#8211; k\u00e4\u00e4ntyv\u00e4 etuakseli,* &#8211; korkealaatuisesta muovista valmistetut py\u00f6r\u00e4t,<br \/>\n* &#8211; vakaa ja turvallinen,<br \/>\n* &#8211; tuote vaatii osittaisen kokoonpanon.<\/p>\n","protected":false},"excerpt":{"rendered":"<p>Falkin Class-ajettava traktori per\u00e4vaunulla on monen pienen traktorinkuljettajan unelmien t\u00e4yttymys. Huolellisesti valmistettu pienimpi\u00e4kin yksityiskohtia my\u00f6ten. Kukaan oikea maanviljelij\u00e4 ei kielt\u00e4ytyisi siit\u00e4. CLAAS-traktori, jossa on kauha ja per\u00e4vaunu, on valmistettu korkealaatuisista materiaaleista. Ajoneuvo on suunniteltu 12 kuukauden ik\u00e4isille lapsille. Ajoneuvo on varustettu irrotettavalla per\u00e4vaunulla, jossa on sivupaneelit, sek\u00e4 ohjauspy\u00f6r\u00e4ll\u00e4, jossa on \u00e4\u00e4nimerkki.Ominaisuudet: * &#8211; 12 kuukaudesta [&hellip;]<\/p>\n","protected":false},"featured_media":0,"comment_status":"open","ping_status":"closed","template":"","meta":[],"product_brand":[],"product_cat":[32],"product_tag":[],"class_list":{"0":"post-29413","1":"product","2":"type-product","3":"status-publish","5":"product_cat-uncategorized-fi","7":"first","8":"instock","9":"shipping-taxable","10":"purchasable","11":"product-type-simple"},"_links":{"self":[{"href":"https:\/\/nordicmart.andreevmaster.com\/fi\/wp-json\/wp\/v2\/product\/29413","targetHints":{"allow":["GET"]}}],"collection":[{"href":"https:\/\/nordicmart.andreevmaster.com\/fi\/wp-json\/wp\/v2\/product"}],"about":[{"href":"https:\/\/nordicmart.andreevmaster.com\/fi\/wp-json\/wp\/v2\/types\/product"}],"replies":[{"embeddable":true,"href":"https:\/\/nordicmart.andreevmaster.com\/fi\/wp-json\/wp\/v2\/comments?post=29413"}],"wp:attachment":[{"href":"https:\/\/nordicmart.andreevmaster.com\/fi\/wp-json\/wp\/v2\/media?parent=29413"}],"wp:term":[{"taxonomy":"product_brand","embeddable":true,"href":"https:\/\/nordicmart.andreevmaster.com\/fi\/wp-json\/wp\/v2\/product_brand?post=29413"},{"taxonomy":"product_cat","embeddable":true,"href":"https:\/\/nordicmart.andreevmaster.com\/fi\/wp-json\/wp\/v2\/product_cat?post=29413"},{"taxonomy":"product_tag","embeddable":true,"href":"https:\/\/nordicmart.andreevmaster.com\/fi\/wp-json\/wp\/v2\/product_tag?post=29413"}],"curies":[{"name":"wp","href":"https:\/\/api.w.org\/{rel}","templated":true}]}}