{"id":29412,"date":"2026-02-27T00:06:46","date_gmt":"2026-02-27T00:06:46","guid":{"rendered":"https:\/\/nordicmart.andreevmaster.com\/product\/falk-marcel-2-in-1-walker-ride-on-excavator-2\/"},"modified":"2026-02-27T09:31:11","modified_gmt":"2026-02-27T09:31:11","slug":"falk-marcel-2-in-1-walker-ride-on-excavator-2","status":"publish","type":"product","link":"https:\/\/nordicmart.andreevmaster.com\/fi\/tuote\/falk-marcel-2-in-1-walker-ride-on-excavator-2\/","title":{"rendered":"FALK Marcel 2-in-1 Walker Ride-on Excavator"},"content":{"rendered":"<p>FALKin Marcel-ajettava kaivinkone on ensimm\u00e4inen kompakti ajoneuvo, jossa on toimiva etukauha, ohjauspy\u00f6r\u00e4 ja \u00e4\u00e4nitorvi sek\u00e4 k\u00e4tev\u00e4 ty\u00f6nt\u00f6kahva. Se houkuttelee 12 kuukauden ik\u00e4isi\u00e4 ja sit\u00e4 vanhempia lapsia leikkim\u00e4\u00e4n sis\u00e4ll\u00e4 ja ulkona. Sen vakaa rakenne ja huolellisesti suunnitellut yksityiskohdat, kuten napsautettava avain, k\u00e4\u00e4ntyv\u00e4 ohjauspy\u00f6r\u00e4 ja istuimen alla oleva s\u00e4ilytyslokero, tekev\u00e4t jokaisesta ajelusta yhdistelm\u00e4n liikuntaa ja roolileikki\u00e4. <\/p>\n<p>Ominaisuudet:<\/p>\n<p>* &#8211; 1-vuotiaille lapsille<br \/>\n* &#8211; Enimm\u00e4iskuorma 25 kg<br \/>\n* &#8211; Valmistettu korkealaatuisista materiaaleista<br \/>\n* &#8211; Toimiva etukauha pienten esineiden nostamiseen ja pudottamiseen<br \/>\n* &#8211; Ohjauspy\u00f6r\u00e4, jossa on \u00e4\u00e4nimerkki ja napsauttava avain<br \/>\n* &#8211; Kahva k\u00e4velyn oppimiseen, joka helpottaa ajoneuvon ty\u00f6nt\u00e4mist\u00e4<br \/>\n* &#8211; Istuimen alla s\u00e4ilytyslokero pienen kuljettajan aarteille<\/p>\n<p>Setti sis\u00e4lt\u00e4\u00e4:<\/p>\n<p>* &#8211; Marcel-ajelulelu<br \/>\n* &#8211; Etukuormaaja<br \/>\n* &#8211; Takakahva ty\u00f6nt\u00e4mist\u00e4\/k\u00e4velyn oppimista varten<\/p>\n<p>Lelu kehitt\u00e4\u00e4:<\/p>\n<p>* &#8211; Motorisia taitoja<br \/>\n* &#8211; Mielikuvitusta<br \/>\n* &#8211; Luovuutta<\/p>\n","protected":false},"excerpt":{"rendered":"<p>FALKin Marcel-ajettava kaivinkone on ensimm\u00e4inen kompakti ajoneuvo, jossa on toimiva etukauha, ohjauspy\u00f6r\u00e4 ja \u00e4\u00e4nitorvi sek\u00e4 k\u00e4tev\u00e4 ty\u00f6nt\u00f6kahva. Se houkuttelee 12 kuukauden ik\u00e4isi\u00e4 ja sit\u00e4 vanhempia lapsia leikkim\u00e4\u00e4n sis\u00e4ll\u00e4 ja ulkona. Sen vakaa rakenne ja huolellisesti suunnitellut yksityiskohdat, kuten napsautettava avain, k\u00e4\u00e4ntyv\u00e4 ohjauspy\u00f6r\u00e4 ja istuimen alla oleva s\u00e4ilytyslokero, tekev\u00e4t jokaisesta ajelusta yhdistelm\u00e4n liikuntaa ja roolileikki\u00e4. Ominaisuudet: [&hellip;]<\/p>\n","protected":false},"featured_media":0,"comment_status":"open","ping_status":"closed","template":"","meta":[],"product_brand":[],"product_cat":[32],"product_tag":[],"class_list":{"0":"post-29412","1":"product","2":"type-product","3":"status-publish","5":"product_cat-uncategorized-fi","7":"first","8":"instock","9":"shipping-taxable","10":"purchasable","11":"product-type-simple"},"_links":{"self":[{"href":"https:\/\/nordicmart.andreevmaster.com\/fi\/wp-json\/wp\/v2\/product\/29412","targetHints":{"allow":["GET"]}}],"collection":[{"href":"https:\/\/nordicmart.andreevmaster.com\/fi\/wp-json\/wp\/v2\/product"}],"about":[{"href":"https:\/\/nordicmart.andreevmaster.com\/fi\/wp-json\/wp\/v2\/types\/product"}],"replies":[{"embeddable":true,"href":"https:\/\/nordicmart.andreevmaster.com\/fi\/wp-json\/wp\/v2\/comments?post=29412"}],"wp:attachment":[{"href":"https:\/\/nordicmart.andreevmaster.com\/fi\/wp-json\/wp\/v2\/media?parent=29412"}],"wp:term":[{"taxonomy":"product_brand","embeddable":true,"href":"https:\/\/nordicmart.andreevmaster.com\/fi\/wp-json\/wp\/v2\/product_brand?post=29412"},{"taxonomy":"product_cat","embeddable":true,"href":"https:\/\/nordicmart.andreevmaster.com\/fi\/wp-json\/wp\/v2\/product_cat?post=29412"},{"taxonomy":"product_tag","embeddable":true,"href":"https:\/\/nordicmart.andreevmaster.com\/fi\/wp-json\/wp\/v2\/product_tag?post=29412"}],"curies":[{"name":"wp","href":"https:\/\/api.w.org\/{rel}","templated":true}]}}