{"id":29410,"date":"2026-02-27T00:06:45","date_gmt":"2026-02-27T00:06:45","guid":{"rendered":"https:\/\/nordicmart.andreevmaster.com\/product\/falk-scooter-strada-retro-ajettava-lelu-tytoille-hiljaiset-renkaat-1-vuotiaille\/"},"modified":"2026-02-27T09:31:11","modified_gmt":"2026-02-27T09:31:11","slug":"falk-scooter-strada-retro-ajettava-lelu-tytoille-hiljaiset-renkaat-1-vuotiaille","status":"publish","type":"product","link":"https:\/\/nordicmart.andreevmaster.com\/fi\/tuote\/falk-scooter-strada-retro-ajettava-lelu-tytoille-hiljaiset-renkaat-1-vuotiaille\/","title":{"rendered":"FALK Scooter Strada Retro -ajettava lelu tyt\u00f6ille Hiljaiset renkaat 1-vuotiaille"},"content":{"rendered":"<p>T\u00e4ll\u00e4 retrotyylisell\u00e4 ajettavalla lelulla Falk palaa historiaansa p\u00e4ivitt\u00e4m\u00e4ll\u00e4 yhden 1970-luvun lippulaivaleluistaan. Uusi versio sopii t\u00e4ydellisesti nykyp\u00e4iv\u00e4\u00e4n trendikk\u00e4iden v\u00e4riens\u00e4 ja muotoilunsa ansiosta. Suurilla py\u00f6rill\u00e4 varustettu lelu tarjoaa lapsellesi kehitykseen tarvittavan vakauden, ja samalla h\u00e4n harjoittelee tasapainoaan ja motorisia taitojaan. Elastomeeripinnoite tekee py\u00f6rist\u00e4 naarmuuntumattomampia ja kest\u00e4v\u00e4mpi\u00e4. Ajo-lelu toimii kuin oikea skootteri pienen ohjauspy\u00f6r\u00e4ns\u00e4 ansiosta, jossa on my\u00f6s torvi, joka tekee leikkimisest\u00e4 viel\u00e4 hauskempaa lapsellesi. Ominaisuudet: * &#8211; 1-vuotiaille lapsille * &#8211; Enimm\u00e4iskuorma 25 kg * &#8211; Retrotyylinen ajo-lelu * &#8211; Hiljaiset py\u00f6r\u00e4t<br \/>\n* &#8211; Elastomeeripinnoite<br \/>\n* &#8211; Leve\u00e4t py\u00f6r\u00e4t turvallisuuden tunteen lis\u00e4\u00e4miseksi<br \/>\n* &#8211; \u00c4\u00e4nitorvi ohjauspy\u00f6r\u00e4ss\u00e4<\/p>\n<p>Lelu kehitt\u00e4\u00e4:<\/p>\n<p>* &#8211; Karkeamotorisia taitoja ja fyysist\u00e4 kuntoa<br \/>\n* &#8211; Motorista koordinaatiota ja tasapainoa<br \/>\n* &#8211; Tilan hahmottamista<br \/>\n* &#8211; Itseluottamusta<\/p>\n","protected":false},"excerpt":{"rendered":"<p>T\u00e4ll\u00e4 retrotyylisell\u00e4 ajettavalla lelulla Falk palaa historiaansa p\u00e4ivitt\u00e4m\u00e4ll\u00e4 yhden 1970-luvun lippulaivaleluistaan. Uusi versio sopii t\u00e4ydellisesti nykyp\u00e4iv\u00e4\u00e4n trendikk\u00e4iden v\u00e4riens\u00e4 ja muotoilunsa ansiosta. Suurilla py\u00f6rill\u00e4 varustettu lelu tarjoaa lapsellesi kehitykseen tarvittavan vakauden, ja samalla h\u00e4n harjoittelee tasapainoaan ja motorisia taitojaan. Elastomeeripinnoite tekee py\u00f6rist\u00e4 naarmuuntumattomampia ja kest\u00e4v\u00e4mpi\u00e4. Ajo-lelu toimii kuin oikea skootteri pienen ohjauspy\u00f6r\u00e4ns\u00e4 ansiosta, jossa on my\u00f6s [&hellip;]<\/p>\n","protected":false},"featured_media":0,"comment_status":"open","ping_status":"closed","template":"","meta":[],"product_brand":[],"product_cat":[32],"product_tag":[],"class_list":{"0":"post-29410","1":"product","2":"type-product","3":"status-publish","5":"product_cat-uncategorized-fi","7":"first","8":"instock","9":"shipping-taxable","10":"purchasable","11":"product-type-simple"},"_links":{"self":[{"href":"https:\/\/nordicmart.andreevmaster.com\/fi\/wp-json\/wp\/v2\/product\/29410","targetHints":{"allow":["GET"]}}],"collection":[{"href":"https:\/\/nordicmart.andreevmaster.com\/fi\/wp-json\/wp\/v2\/product"}],"about":[{"href":"https:\/\/nordicmart.andreevmaster.com\/fi\/wp-json\/wp\/v2\/types\/product"}],"replies":[{"embeddable":true,"href":"https:\/\/nordicmart.andreevmaster.com\/fi\/wp-json\/wp\/v2\/comments?post=29410"}],"wp:attachment":[{"href":"https:\/\/nordicmart.andreevmaster.com\/fi\/wp-json\/wp\/v2\/media?parent=29410"}],"wp:term":[{"taxonomy":"product_brand","embeddable":true,"href":"https:\/\/nordicmart.andreevmaster.com\/fi\/wp-json\/wp\/v2\/product_brand?post=29410"},{"taxonomy":"product_cat","embeddable":true,"href":"https:\/\/nordicmart.andreevmaster.com\/fi\/wp-json\/wp\/v2\/product_cat?post=29410"},{"taxonomy":"product_tag","embeddable":true,"href":"https:\/\/nordicmart.andreevmaster.com\/fi\/wp-json\/wp\/v2\/product_tag?post=29410"}],"curies":[{"name":"wp","href":"https:\/\/api.w.org\/{rel}","templated":true}]}}