{"id":29408,"date":"2026-02-27T00:06:45","date_gmt":"2026-02-27T00:06:45","guid":{"rendered":"https:\/\/nordicmart.andreevmaster.com\/product\/little-tikes-cozy-coupe-bluey-ajettava-lelu\/"},"modified":"2026-02-27T09:31:11","modified_gmt":"2026-02-27T09:31:11","slug":"little-tikes-cozy-coupe-bluey-ajettava-lelu","status":"publish","type":"product","link":"https:\/\/nordicmart.andreevmaster.com\/fi\/tuote\/little-tikes-cozy-coupe-bluey-ajettava-lelu\/","title":{"rendered":"Little Tikes Cozy Coupe Bluey -ajettava lelu"},"content":{"rendered":"<p>Little Tikes Cozy Coupe Bluey on v\u00e4rik\u00e4s ajettava lelu, joka on saanut inspiraationsa suositusta Bluey-sarjakuvasta. Klassinen Cozy Coupe -siluetti yhdistettyn\u00e4 sarjasta tuttuun v\u00e4reihin ja yksityiskohtiin ilahduttaa jokaista t\u00e4m\u00e4n seikkailun pient\u00e4 fania. Kest\u00e4v\u00e4 rakenne ja 22,68 kg:n enimm\u00e4iskuormituskapasiteetti tekev\u00e4t ajoneuvosta ihanteellisen 18 kuukauden ik\u00e4isille lapsille. Se sopii erinomaisesti sek\u00e4 sis\u00e4- ett\u00e4 ulkok\u00e4ytt\u00f6\u00f6n, tarjoaa aktiivista leikki\u00e4 ja tukee pikkulasten motorista kehityst\u00e4.Ominaisuudet * Virallinen Bluey-teema \u2013 alkuper\u00e4iset v\u00e4rit ja painatukset * Ik\u00e4: 18 kuukaudesta alkaen * Enimm\u00e4iskuorma: 23 kg * Kest\u00e4v\u00e4 ja vaurioita kest\u00e4v\u00e4 materiaali * V\u00e4rit: turkoosi, keltainen ja violetti * Voidaan k\u00e4ytt\u00e4\u00e4 sis\u00e4ll\u00e4 ja ulkona Interaktiiviset ominaisuudet * Sarjasta tutut 9 \u00e4\u00e4nt\u00e4 tuottava torvi \u2013 lis\u00e4\u00e4 realismia ja hauskuutta<br \/>\n* Lis\u00e4varusteet: iso\u00e4idin silm\u00e4lasit ja t\u00f6lkki paistettuja papuja<br \/>\n* T\u00e4ydellinen luovaan roolileikkiin<\/p>\n<p>Lelu kehitt\u00e4\u00e4<\/p>\n<p>* Motorista koordinaatiota ja tasapainoa<br \/>\n* Lihasvoimaa ja ketteryytt\u00e4 jalkojen ty\u00f6nt\u00f6voimalla<br \/>\n* Luovuutta ja mielikuvitusta<br \/>\n* Sosiaalisia taitoja yhdess\u00e4 leikkim\u00e4ll\u00e4<\/p>\n","protected":false},"excerpt":{"rendered":"<p>Little Tikes Cozy Coupe Bluey on v\u00e4rik\u00e4s ajettava lelu, joka on saanut inspiraationsa suositusta Bluey-sarjakuvasta. Klassinen Cozy Coupe -siluetti yhdistettyn\u00e4 sarjasta tuttuun v\u00e4reihin ja yksityiskohtiin ilahduttaa jokaista t\u00e4m\u00e4n seikkailun pient\u00e4 fania. Kest\u00e4v\u00e4 rakenne ja 22,68 kg:n enimm\u00e4iskuormituskapasiteetti tekev\u00e4t ajoneuvosta ihanteellisen 18 kuukauden ik\u00e4isille lapsille. Se sopii erinomaisesti sek\u00e4 sis\u00e4- ett\u00e4 ulkok\u00e4ytt\u00f6\u00f6n, tarjoaa aktiivista leikki\u00e4 ja [&hellip;]<\/p>\n","protected":false},"featured_media":0,"comment_status":"open","ping_status":"closed","template":"","meta":[],"product_brand":[],"product_cat":[32],"product_tag":[],"class_list":{"0":"post-29408","1":"product","2":"type-product","3":"status-publish","5":"product_cat-uncategorized-fi","7":"first","8":"instock","9":"shipping-taxable","10":"purchasable","11":"product-type-simple"},"_links":{"self":[{"href":"https:\/\/nordicmart.andreevmaster.com\/fi\/wp-json\/wp\/v2\/product\/29408","targetHints":{"allow":["GET"]}}],"collection":[{"href":"https:\/\/nordicmart.andreevmaster.com\/fi\/wp-json\/wp\/v2\/product"}],"about":[{"href":"https:\/\/nordicmart.andreevmaster.com\/fi\/wp-json\/wp\/v2\/types\/product"}],"replies":[{"embeddable":true,"href":"https:\/\/nordicmart.andreevmaster.com\/fi\/wp-json\/wp\/v2\/comments?post=29408"}],"wp:attachment":[{"href":"https:\/\/nordicmart.andreevmaster.com\/fi\/wp-json\/wp\/v2\/media?parent=29408"}],"wp:term":[{"taxonomy":"product_brand","embeddable":true,"href":"https:\/\/nordicmart.andreevmaster.com\/fi\/wp-json\/wp\/v2\/product_brand?post=29408"},{"taxonomy":"product_cat","embeddable":true,"href":"https:\/\/nordicmart.andreevmaster.com\/fi\/wp-json\/wp\/v2\/product_cat?post=29408"},{"taxonomy":"product_tag","embeddable":true,"href":"https:\/\/nordicmart.andreevmaster.com\/fi\/wp-json\/wp\/v2\/product_tag?post=29408"}],"curies":[{"name":"wp","href":"https:\/\/api.w.org\/{rel}","templated":true}]}}