{"id":29407,"date":"2026-02-27T00:06:45","date_gmt":"2026-02-27T00:06:45","guid":{"rendered":"https:\/\/nordicmart.andreevmaster.com\/product\/little-tikes-cozy-coupe-ajettava-lelu-space-rover\/"},"modified":"2026-02-27T09:31:10","modified_gmt":"2026-02-27T09:31:10","slug":"little-tikes-cozy-coupe-ajettava-lelu-space-rover","status":"publish","type":"product","link":"https:\/\/nordicmart.andreevmaster.com\/fi\/tuote\/little-tikes-cozy-coupe-ajettava-lelu-space-rover\/","title":{"rendered":"LITTLE TIKES Cozy Coupe -ajettava lelu \u2013 Space Rover"},"content":{"rendered":"<p>Valmistaudu galaksienv\u00e4liseen seikkailuun! Little Tikesin ikoninen Cozy Coupe avaruusversiona on ajettava lelu, joka vie lapsesi mielikuvituksen maailmaan, aktiiviseen leikkiin ja ensimm\u00e4isiin matkoihin. Se sopii t\u00e4ydellisesti ajettavaksi kotona ja puutarhassa, ja siin\u00e4 on monia ominaisuuksia, jotka takaavat turvallisuuden ja ilon 18 kuukauden ik\u00e4isille pikkulapsille.Ominaisuudet:<\/p>\n<p>* Kahva takana \u2013 vanhempi voi ty\u00f6nt\u00e4\u00e4<br \/>\n* Irrotettava lattia \u2013 lapsi voi ajaa itsen\u00e4isesti ty\u00f6nt\u00e4m\u00e4ll\u00e4 jaloillaan<br \/>\n* Korkea selk\u00e4noja ja mukava istuin takaavat mukavan ajokokemuksen<br \/>\n* Ohjauspy\u00f6r\u00e4, jossa on \u00e4\u00e4nimerkki ja interaktiivisia avaruusteemaisia yksityiskohtia<br \/>\n* Lukittavat sivuovet \u2013 turvallisuutta leikin aikana<br \/>\n* Vankka rakenne \u2013 sis\u00e4- ja ulkok\u00e4ytt\u00f6\u00f6n<br \/>\n* Kehitt\u00e4\u00e4 lapsen motorisia taitoja ja mielikuvitusta<\/p>\n<p>Lelu kehitt\u00e4\u00e4<\/p>\n<p>* Karkeamotorisia taitoja ja koordinaatiota<br \/>\n* Mielikuvitusta ja luovuutta \u2013 lapsi leikkii pient\u00e4 astronauttia<br \/>\n* Itsen\u00e4isyytt\u00e4 ja itseluottamusta ajon aikana<br \/>\n* Ryhm\u00e4leikki\u00e4 ja sosiaalista vuorovaikutusta<\/p>\n","protected":false},"excerpt":{"rendered":"<p>Valmistaudu galaksienv\u00e4liseen seikkailuun! Little Tikesin ikoninen Cozy Coupe avaruusversiona on ajettava lelu, joka vie lapsesi mielikuvituksen maailmaan, aktiiviseen leikkiin ja ensimm\u00e4isiin matkoihin. Se sopii t\u00e4ydellisesti ajettavaksi kotona ja puutarhassa, ja siin\u00e4 on monia ominaisuuksia, jotka takaavat turvallisuuden ja ilon 18 kuukauden ik\u00e4isille pikkulapsille.Ominaisuudet: * Kahva takana \u2013 vanhempi voi ty\u00f6nt\u00e4\u00e4 * Irrotettava lattia \u2013 lapsi [&hellip;]<\/p>\n","protected":false},"featured_media":0,"comment_status":"open","ping_status":"closed","template":"","meta":[],"product_brand":[],"product_cat":[32],"product_tag":[],"class_list":{"0":"post-29407","1":"product","2":"type-product","3":"status-publish","5":"product_cat-uncategorized-fi","7":"first","8":"instock","9":"shipping-taxable","10":"purchasable","11":"product-type-simple"},"_links":{"self":[{"href":"https:\/\/nordicmart.andreevmaster.com\/fi\/wp-json\/wp\/v2\/product\/29407","targetHints":{"allow":["GET"]}}],"collection":[{"href":"https:\/\/nordicmart.andreevmaster.com\/fi\/wp-json\/wp\/v2\/product"}],"about":[{"href":"https:\/\/nordicmart.andreevmaster.com\/fi\/wp-json\/wp\/v2\/types\/product"}],"replies":[{"embeddable":true,"href":"https:\/\/nordicmart.andreevmaster.com\/fi\/wp-json\/wp\/v2\/comments?post=29407"}],"wp:attachment":[{"href":"https:\/\/nordicmart.andreevmaster.com\/fi\/wp-json\/wp\/v2\/media?parent=29407"}],"wp:term":[{"taxonomy":"product_brand","embeddable":true,"href":"https:\/\/nordicmart.andreevmaster.com\/fi\/wp-json\/wp\/v2\/product_brand?post=29407"},{"taxonomy":"product_cat","embeddable":true,"href":"https:\/\/nordicmart.andreevmaster.com\/fi\/wp-json\/wp\/v2\/product_cat?post=29407"},{"taxonomy":"product_tag","embeddable":true,"href":"https:\/\/nordicmart.andreevmaster.com\/fi\/wp-json\/wp\/v2\/product_tag?post=29407"}],"curies":[{"name":"wp","href":"https:\/\/api.w.org\/{rel}","templated":true}]}}