{"id":29406,"date":"2026-02-27T00:06:45","date_gmt":"2026-02-27T00:06:45","guid":{"rendered":"https:\/\/nordicmart.andreevmaster.com\/product\/little-tikes-cozy-coupe-vaunukarry-vaaleanpunainen\/"},"modified":"2026-02-27T09:31:10","modified_gmt":"2026-02-27T09:31:10","slug":"little-tikes-cozy-coupe-vaunukarry-vaaleanpunainen","status":"publish","type":"product","link":"https:\/\/nordicmart.andreevmaster.com\/fi\/tuote\/little-tikes-cozy-coupe-vaunukarry-vaaleanpunainen\/","title":{"rendered":"Little Tikes Cozy Coupe -vaunuk\u00e4rry, vaaleanpunainen"},"content":{"rendered":"<p>* Little Tikes Cozy Coupe -ostosk\u00e4rry lapsille, vaaleanpunainen.<br \/>\n* Mukava, ergonominen kahva, joka on suunniteltu pienille lapsille.<br \/>\n* Lelua voidaan k\u00e4ytt\u00e4\u00e4 my\u00f6s nukkejen tai pehmolelujen kuljetusvaununa, ja mukavaan koriin mahtuu jopa eritt\u00e4in suuret ostokset.<\/p>\n<p>Pakkauksen mitat: 55 x 47 x 26 cm.<\/p>\n<p>Little Tikes -tuotteet ovat tunnettuja ja rakastettuja kaikilla mantereilla, lukemattomissa kodeissa, joissa asuu hymyilevi\u00e4 lapsia ja tyytyv\u00e4isi\u00e4 vanhempia. Lasten turvallisuus mieless\u00e4 Little Tikes valmistaa tuotteita, jotka t\u00e4ytt\u00e4v\u00e4t kaikki tarvittavat turvallisuusstandardit. Tuotteiden kest\u00e4vyys mieless\u00e4 lelut on suunniteltu ja valmistettu k\u00e4ytt\u00e4m\u00e4ll\u00e4 sopivinta tekniikkaa, &#8221;rotomoldingia&#8221;, joka takaa vuosien hauskanpidon.<\/p>\n","protected":false},"excerpt":{"rendered":"<p>* Little Tikes Cozy Coupe -ostosk\u00e4rry lapsille, vaaleanpunainen. * Mukava, ergonominen kahva, joka on suunniteltu pienille lapsille. * Lelua voidaan k\u00e4ytt\u00e4\u00e4 my\u00f6s nukkejen tai pehmolelujen kuljetusvaununa, ja mukavaan koriin mahtuu jopa eritt\u00e4in suuret ostokset. Pakkauksen mitat: 55 x 47 x 26 cm. Little Tikes -tuotteet ovat tunnettuja ja rakastettuja kaikilla mantereilla, lukemattomissa kodeissa, joissa asuu [&hellip;]<\/p>\n","protected":false},"featured_media":0,"comment_status":"open","ping_status":"closed","template":"","meta":[],"product_brand":[],"product_cat":[32],"product_tag":[],"class_list":{"0":"post-29406","1":"product","2":"type-product","3":"status-publish","5":"product_cat-uncategorized-fi","7":"first","8":"instock","9":"shipping-taxable","10":"purchasable","11":"product-type-simple"},"_links":{"self":[{"href":"https:\/\/nordicmart.andreevmaster.com\/fi\/wp-json\/wp\/v2\/product\/29406","targetHints":{"allow":["GET"]}}],"collection":[{"href":"https:\/\/nordicmart.andreevmaster.com\/fi\/wp-json\/wp\/v2\/product"}],"about":[{"href":"https:\/\/nordicmart.andreevmaster.com\/fi\/wp-json\/wp\/v2\/types\/product"}],"replies":[{"embeddable":true,"href":"https:\/\/nordicmart.andreevmaster.com\/fi\/wp-json\/wp\/v2\/comments?post=29406"}],"wp:attachment":[{"href":"https:\/\/nordicmart.andreevmaster.com\/fi\/wp-json\/wp\/v2\/media?parent=29406"}],"wp:term":[{"taxonomy":"product_brand","embeddable":true,"href":"https:\/\/nordicmart.andreevmaster.com\/fi\/wp-json\/wp\/v2\/product_brand?post=29406"},{"taxonomy":"product_cat","embeddable":true,"href":"https:\/\/nordicmart.andreevmaster.com\/fi\/wp-json\/wp\/v2\/product_cat?post=29406"},{"taxonomy":"product_tag","embeddable":true,"href":"https:\/\/nordicmart.andreevmaster.com\/fi\/wp-json\/wp\/v2\/product_tag?post=29406"}],"curies":[{"name":"wp","href":"https:\/\/api.w.org\/{rel}","templated":true}]}}