{"id":29405,"date":"2026-02-27T00:06:45","date_gmt":"2026-02-27T00:06:45","guid":{"rendered":"https:\/\/nordicmart.andreevmaster.com\/product\/big-buggy-3-in-1-lastenratas\/"},"modified":"2026-02-27T09:31:10","modified_gmt":"2026-02-27T09:31:10","slug":"big-buggy-3-in-1-lastenratas","status":"publish","type":"product","link":"https:\/\/nordicmart.andreevmaster.com\/fi\/tuote\/big-buggy-3-in-1-lastenratas\/","title":{"rendered":"BIG Buggy 3-in-1 -lastenratas"},"content":{"rendered":"<p>BIG Buggy 3-in-1 -lastenratas on t\u00e4ydellinen kumppani ensimm\u00e4isille askeleille! Sit\u00e4 voidaan k\u00e4ytt\u00e4\u00e4 k\u00e4velytelineen\u00e4, lastenrattaana lempipehmoille ja nukkeille sek\u00e4 BIG Bobby Cars -autojen per\u00e4k\u00e4rryn\u00e4. S\u00e4\u00e4dett\u00e4v\u00e4n jarruj\u00e4rjestelm\u00e4n ansiosta lastenratas mukautuu k\u00e4velyn oppimisen vauhtiin ja takaa turvallisuuden ja vakauden.<\/p>\n<p>### Ominaisuudet:<\/p>\n<p>* &#8211; Ik\u00e4: 12 kuukautta<br \/>\n* &#8211; 3-in-1 \u2013 k\u00e4velyteline, lastenratas ja per\u00e4k\u00e4rry yhdess\u00e4.<br \/>\n* &#8211; S\u00e4\u00e4dett\u00e4v\u00e4 jarru \u2013 mukautuu lapsen kykyihin ja takaa turvallisen leikin.* &#8211; Vakaus ja mukavuus \u2013 leve\u00e4t Whisper-py\u00f6r\u00e4t, ergonomiset kahvat ja kaatumisenesto. * &#8211; Helppo puhdistaa \u2013 valmistettu korkealaatuisesta, kierr\u00e4tett\u00e4v\u00e4st\u00e4, UV-kest\u00e4v\u00e4st\u00e4 muovista. * &#8211; Kotona ja pihalla \u2013 kest\u00e4v\u00e4 rakenne sopii sek\u00e4 sis\u00e4- ett\u00e4 ulkok\u00e4ytt\u00f6\u00f6n.* &#8211; Helppo liitt\u00e4\u00e4 BIG Bobby Car -autoon \u2013 taitettava vetokoukku mahdollistaa nopean ja helpon kiinnityksen Classic-, Neo-, Next- ja New-malleihin. <\/p>\n<p>### Lelu kehitt\u00e4\u00e4<\/p>\n<p>* &#8211; Motorista koordinaatiota \u2013 tukee k\u00e4velyn oppimista ja tasapainon kehittymist\u00e4.* &#8211; Itsen\u00e4isyytt\u00e4 ja itseluottamusta \u2013 rohkaisee lapsia olemaan aktiivisia ja ottamaan ensimm\u00e4iset askeleensa. * &#8211; Hieno- ja karkeamotorisia taitoja \u2013 lastenvaunun ty\u00f6nt\u00e4minen, vet\u00e4minen ja ohjaaminen vahvistaa lihaksia ja parantaa k\u00e4den taitoja.* &#8211; Sosiaaliset ja emotionaaliset taidot \u2013 pehmolelujen ja nukkejen hoitaminen kehitt\u00e4\u00e4 empatiaa ja mielikuvitusta. * &#8211; Luovuus \u2013 mahdollisuus k\u00e4ytt\u00e4\u00e4 vaunua eri tavoin stimuloi lapsen mielikuvitusta. BIG Buggy 3-in-1 -vaunu on monipuolinen lelu, joka kasvaa lapsen mukana, tukee h\u00e4nen kehityst\u00e4\u00e4n ja takaa tuntikausia hauskaa.<\/p>\n","protected":false},"excerpt":{"rendered":"<p>BIG Buggy 3-in-1 -lastenratas on t\u00e4ydellinen kumppani ensimm\u00e4isille askeleille! Sit\u00e4 voidaan k\u00e4ytt\u00e4\u00e4 k\u00e4velytelineen\u00e4, lastenrattaana lempipehmoille ja nukkeille sek\u00e4 BIG Bobby Cars -autojen per\u00e4k\u00e4rryn\u00e4. S\u00e4\u00e4dett\u00e4v\u00e4n jarruj\u00e4rjestelm\u00e4n ansiosta lastenratas mukautuu k\u00e4velyn oppimisen vauhtiin ja takaa turvallisuuden ja vakauden. ### Ominaisuudet: * &#8211; Ik\u00e4: 12 kuukautta * &#8211; 3-in-1 \u2013 k\u00e4velyteline, lastenratas ja per\u00e4k\u00e4rry yhdess\u00e4. * &#8211; S\u00e4\u00e4dett\u00e4v\u00e4 [&hellip;]<\/p>\n","protected":false},"featured_media":0,"comment_status":"open","ping_status":"closed","template":"","meta":[],"product_brand":[],"product_cat":[32],"product_tag":[],"class_list":{"0":"post-29405","1":"product","2":"type-product","3":"status-publish","5":"product_cat-uncategorized-fi","7":"first","8":"instock","9":"shipping-taxable","10":"purchasable","11":"product-type-simple"},"_links":{"self":[{"href":"https:\/\/nordicmart.andreevmaster.com\/fi\/wp-json\/wp\/v2\/product\/29405","targetHints":{"allow":["GET"]}}],"collection":[{"href":"https:\/\/nordicmart.andreevmaster.com\/fi\/wp-json\/wp\/v2\/product"}],"about":[{"href":"https:\/\/nordicmart.andreevmaster.com\/fi\/wp-json\/wp\/v2\/types\/product"}],"replies":[{"embeddable":true,"href":"https:\/\/nordicmart.andreevmaster.com\/fi\/wp-json\/wp\/v2\/comments?post=29405"}],"wp:attachment":[{"href":"https:\/\/nordicmart.andreevmaster.com\/fi\/wp-json\/wp\/v2\/media?parent=29405"}],"wp:term":[{"taxonomy":"product_brand","embeddable":true,"href":"https:\/\/nordicmart.andreevmaster.com\/fi\/wp-json\/wp\/v2\/product_brand?post=29405"},{"taxonomy":"product_cat","embeddable":true,"href":"https:\/\/nordicmart.andreevmaster.com\/fi\/wp-json\/wp\/v2\/product_cat?post=29405"},{"taxonomy":"product_tag","embeddable":true,"href":"https:\/\/nordicmart.andreevmaster.com\/fi\/wp-json\/wp\/v2\/product_tag?post=29405"}],"curies":[{"name":"wp","href":"https:\/\/api.w.org\/{rel}","templated":true}]}}