{"id":29404,"date":"2026-02-27T00:06:44","date_gmt":"2026-02-27T00:06:44","guid":{"rendered":"https:\/\/nordicmart.andreevmaster.com\/product\/woopie-sahkojuna-domino-palikoille-dinosaur-orange-8-kpl\/"},"modified":"2026-02-27T09:31:10","modified_gmt":"2026-02-27T09:31:10","slug":"woopie-sahkojuna-domino-palikoille-dinosaur-orange-8-kpl","status":"publish","type":"product","link":"https:\/\/nordicmart.andreevmaster.com\/fi\/tuote\/woopie-sahkojuna-domino-palikoille-dinosaur-orange-8-kpl\/","title":{"rendered":"WOOPIE S\u00e4hk\u00f6juna domino-palikoille Dinosaur Orange \u2013 8 kpl."},"content":{"rendered":"<p>WOOPIE:n v\u00e4rikk\u00e4\u00e4t Dinosaur Dominoes -palikat ovat peli, jossa yhdistyv\u00e4t lelujunat ja domino-palikat hauskan ja omaper\u00e4isen pelitavan luomiseksi. \u00c4\u00e4ni ja valaistus tekev\u00e4t pelist\u00e4 entist\u00e4 hauskemman ja houkuttelevamman ja her\u00e4tt\u00e4v\u00e4t lasten kiinnostuksen pelaamiseen. Pelin aloittamiseksi riitt\u00e4\u00e4, ett\u00e4 t\u00e4yt\u00e4t junan domino-sy\u00f6tt\u00f6laitteella, aloitat pelaamisen ja nautit prosessista. Lis\u00e4ksi junassa on ominaisia \u00e4\u00e4ni\u00e4 ja taustavalaistus, jotka lis\u00e4\u00e4v\u00e4t pelin dynaamisuutta. Ominaisuudet: * &#8211; Lelu 3-vuotiaille ja sit\u00e4 vanhemmille * &#8211; Interaktiivinen lelu &#8211; \u00e4\u00e4net ja valot * &#8211; Automaattinen dominojen radan rakentaminen * &#8211; 2 AA-paristoa Sarja sis\u00e4lt\u00e4\u00e4: * &#8211; Paristok\u00e4ytt\u00f6inen juna<br \/>\n* &#8211; 1 rata palikoille<br \/>\n* &#8211; 60 domino-palikkaa (oranssi, sininen, vihre\u00e4)<\/p>\n<p>HUUTOKAUPPA KOSKEE ORANSSIA VERSIOTA. ESIKATSELUKUVAT. TARJOUS KOSKEE 8 TUOTETTA. TUOTE.<\/p>\n","protected":false},"excerpt":{"rendered":"<p>WOOPIE:n v\u00e4rikk\u00e4\u00e4t Dinosaur Dominoes -palikat ovat peli, jossa yhdistyv\u00e4t lelujunat ja domino-palikat hauskan ja omaper\u00e4isen pelitavan luomiseksi. \u00c4\u00e4ni ja valaistus tekev\u00e4t pelist\u00e4 entist\u00e4 hauskemman ja houkuttelevamman ja her\u00e4tt\u00e4v\u00e4t lasten kiinnostuksen pelaamiseen. Pelin aloittamiseksi riitt\u00e4\u00e4, ett\u00e4 t\u00e4yt\u00e4t junan domino-sy\u00f6tt\u00f6laitteella, aloitat pelaamisen ja nautit prosessista. Lis\u00e4ksi junassa on ominaisia \u00e4\u00e4ni\u00e4 ja taustavalaistus, jotka lis\u00e4\u00e4v\u00e4t pelin dynaamisuutta. Ominaisuudet: [&hellip;]<\/p>\n","protected":false},"featured_media":0,"comment_status":"open","ping_status":"closed","template":"","meta":[],"product_brand":[],"product_cat":[32],"product_tag":[],"class_list":{"0":"post-29404","1":"product","2":"type-product","3":"status-publish","5":"product_cat-uncategorized-fi","7":"first","8":"instock","9":"shipping-taxable","10":"purchasable","11":"product-type-simple"},"_links":{"self":[{"href":"https:\/\/nordicmart.andreevmaster.com\/fi\/wp-json\/wp\/v2\/product\/29404","targetHints":{"allow":["GET"]}}],"collection":[{"href":"https:\/\/nordicmart.andreevmaster.com\/fi\/wp-json\/wp\/v2\/product"}],"about":[{"href":"https:\/\/nordicmart.andreevmaster.com\/fi\/wp-json\/wp\/v2\/types\/product"}],"replies":[{"embeddable":true,"href":"https:\/\/nordicmart.andreevmaster.com\/fi\/wp-json\/wp\/v2\/comments?post=29404"}],"wp:attachment":[{"href":"https:\/\/nordicmart.andreevmaster.com\/fi\/wp-json\/wp\/v2\/media?parent=29404"}],"wp:term":[{"taxonomy":"product_brand","embeddable":true,"href":"https:\/\/nordicmart.andreevmaster.com\/fi\/wp-json\/wp\/v2\/product_brand?post=29404"},{"taxonomy":"product_cat","embeddable":true,"href":"https:\/\/nordicmart.andreevmaster.com\/fi\/wp-json\/wp\/v2\/product_cat?post=29404"},{"taxonomy":"product_tag","embeddable":true,"href":"https:\/\/nordicmart.andreevmaster.com\/fi\/wp-json\/wp\/v2\/product_tag?post=29404"}],"curies":[{"name":"wp","href":"https:\/\/api.w.org\/{rel}","templated":true}]}}