{"id":29403,"date":"2026-02-27T00:06:44","date_gmt":"2026-02-27T00:06:44","guid":{"rendered":"https:\/\/nordicmart.andreevmaster.com\/product\/step2-adventure-wooden-playground-playhouse-slide-2\/"},"modified":"2026-02-27T09:31:10","modified_gmt":"2026-02-27T09:31:10","slug":"step2-adventure-wooden-playground-playhouse-slide-2","status":"publish","type":"product","link":"https:\/\/nordicmart.andreevmaster.com\/fi\/tuote\/step2-adventure-wooden-playground-playhouse-slide-2\/","title":{"rendered":"STEP2 Adventure Wooden Playground Playhouse Slide"},"content":{"rendered":"<p>T\u00e4m\u00e4 vieh\u00e4tt\u00e4v\u00e4 leikkim\u00f6kki ja liukum\u00e4ki tarjoaa loputtomia mahdollisuuksia! Se voi olla linna, m\u00f6kki, merirosvolaiva tai mit\u00e4 tahansa, mit\u00e4 lapset voivat kuvitella! T\u00e4m\u00e4 tyylik\u00e4s takapihan leikkisetti on valmistettu useista materiaaleista, mik\u00e4 antaa sille ainutlaatuisen ilmeen. P\u00e4\u00e4osin puusta valmistettu rakenne luo klassisen ilmeen. V\u00e4rikk\u00e4\u00e4t muoviosat ovat lapsille sopivia ja kest\u00e4v\u00e4t tuntikausia leikkimist\u00e4! T\u00e4m\u00e4 puusta ja muovista valmistettu leikkim\u00f6kki viihdytt\u00e4\u00e4 pienokaisia koko p\u00e4iv\u00e4n!<\/p>\n<p>Ominaisuudet:<\/p>\n<p>* &#8211; Kiipe\u00e4 ramppia pitkin omaan m\u00f6kkiisi mets\u00e4ss\u00e4! K\u00e4yt\u00e4 hollantilaistyylist\u00e4 ovea vieraiden sis\u00e4\u00e4n- ja ulosk\u00e4yntiin!<br \/>\n* &#8211; Sis\u00e4ll\u00e4 voit valmistaa ruokaa liedell\u00e4! \u00c4l\u00e4 unohda tiskata astioita \u2013 leikkikeitti\u00f6n tiskialtaan avulla lapset voivat harjoitella siivoamista!<br \/>\n* &#8211; Kiipe\u00e4 tukevien kahvojen avulla ylimm\u00e4lle tasanteelle! V\u00e4rikk\u00e4\u00e4t paneelisein\u00e4t ovat hauskoja kurkistella ja tarjoavat lis\u00e4 turvallisuutta.* &#8211; Kun olet valmis, laita pois ylim\u00e4\u00e4r\u00e4inen 1,5 metrin pituinen liukum\u00e4ki, jotta hauskuus jatkuu!* &#8211; Pid\u00e4 leikkikalut k\u00e4den ulottuvilla ulosvedett\u00e4v\u00e4ll\u00e4 laatikolla! Siivoaminen on helppoa! Step2 \u2013 ensisijaisesti laatua, toiseksi upeita leluja! Jos asetat laadun ja turvallisuuden etusijalle valitessasi leluja lapsellesi, amerikkalaisen Step2-yrityksen koko upea lelutarjonta t\u00e4ytt\u00e4\u00e4 varmasti lasten, vanhempien, p\u00e4iv\u00e4kotien, lastentarhojen ja muiden oppilaitosten odotukset. Step2 on valmistanut parhaita leluja Yhdysvalloissa jo vuosikymmenien ajan! Valikoimaan kuuluu hiekkalaatikoita, puutarham\u00f6kkej\u00e4, leikkikentti\u00e4, ty\u00f6pajoja, ajettavia leluja, keitti\u00f6it\u00e4 ja lastenhuonekaluja.<\/p>\n","protected":false},"excerpt":{"rendered":"<p>T\u00e4m\u00e4 vieh\u00e4tt\u00e4v\u00e4 leikkim\u00f6kki ja liukum\u00e4ki tarjoaa loputtomia mahdollisuuksia! Se voi olla linna, m\u00f6kki, merirosvolaiva tai mit\u00e4 tahansa, mit\u00e4 lapset voivat kuvitella! T\u00e4m\u00e4 tyylik\u00e4s takapihan leikkisetti on valmistettu useista materiaaleista, mik\u00e4 antaa sille ainutlaatuisen ilmeen. P\u00e4\u00e4osin puusta valmistettu rakenne luo klassisen ilmeen. V\u00e4rikk\u00e4\u00e4t muoviosat ovat lapsille sopivia ja kest\u00e4v\u00e4t tuntikausia leikkimist\u00e4! T\u00e4m\u00e4 puusta ja muovista valmistettu [&hellip;]<\/p>\n","protected":false},"featured_media":0,"comment_status":"open","ping_status":"closed","template":"","meta":[],"product_brand":[],"product_cat":[32],"product_tag":[],"class_list":{"0":"post-29403","1":"product","2":"type-product","3":"status-publish","5":"product_cat-uncategorized-fi","7":"first","8":"instock","9":"shipping-taxable","10":"purchasable","11":"product-type-simple"},"_links":{"self":[{"href":"https:\/\/nordicmart.andreevmaster.com\/fi\/wp-json\/wp\/v2\/product\/29403","targetHints":{"allow":["GET"]}}],"collection":[{"href":"https:\/\/nordicmart.andreevmaster.com\/fi\/wp-json\/wp\/v2\/product"}],"about":[{"href":"https:\/\/nordicmart.andreevmaster.com\/fi\/wp-json\/wp\/v2\/types\/product"}],"replies":[{"embeddable":true,"href":"https:\/\/nordicmart.andreevmaster.com\/fi\/wp-json\/wp\/v2\/comments?post=29403"}],"wp:attachment":[{"href":"https:\/\/nordicmart.andreevmaster.com\/fi\/wp-json\/wp\/v2\/media?parent=29403"}],"wp:term":[{"taxonomy":"product_brand","embeddable":true,"href":"https:\/\/nordicmart.andreevmaster.com\/fi\/wp-json\/wp\/v2\/product_brand?post=29403"},{"taxonomy":"product_cat","embeddable":true,"href":"https:\/\/nordicmart.andreevmaster.com\/fi\/wp-json\/wp\/v2\/product_cat?post=29403"},{"taxonomy":"product_tag","embeddable":true,"href":"https:\/\/nordicmart.andreevmaster.com\/fi\/wp-json\/wp\/v2\/product_tag?post=29403"}],"curies":[{"name":"wp","href":"https:\/\/api.w.org\/{rel}","templated":true}]}}